{"id":651,"date":"2025-10-29T08:24:05","date_gmt":"2025-10-29T08:24:05","guid":{"rendered":"https:\/\/jiushidao.com\/?post_type=product&#038;p=651"},"modified":"2025-10-30T11:28:19","modified_gmt":"2025-10-30T11:28:19","slug":"figs","status":"publish","type":"product","link":"https:\/\/jiushidao.com\/es\/producto\/figs\/","title":{"rendered":"Higos"},"content":{"rendered":"<section class=\"ybc-p\">\n<section class=\"ybc-p\">\u200b<strong>Higos secos: un manjar natural repleto de nutrientes<\/strong>\u200b<\/section>\n<section class=\"ybc-p\">Elaborados con higos selectos cosechados en su punto \u00f3ptimo de maduraci\u00f3n \u2014gordos, tiernos y nunca demasiado maduros\u2014, estos tesoros secados al sol se hornean cuidadosamente a baja temperatura para conservar su riqueza natural. Cada higo es una fuente inagotable de nutrici\u00f3n: rico en prote\u00ednas, vitaminas y minerales, pero bajo en calor\u00edas y naturalmente alcalino.<\/section>\n<section class=\"ybc-p\">Con su pulpa fragante y textura masticable, estos higos ofrecen un bocado delicioso, ya que sus diminutas semillas desprenden un sutil crujido. Disfr\u00fatelos como un refrigerio saludable, a\u00f1\u00e1dalos a tablas de quesos o \u00faselos en reposter\u00eda para darles un toque de dulzura natural.<\/section>\n<section class=\"ybc-p\">\u200b<strong>Caracter\u00edsticas principales:<\/strong>\u200b<\/section>\n<ul class=\"ybc-ul-component\">\n<li class=\"ybc-li-component ybc-li-component_ul\">\n<section class=\"ybc-p\">\u200b<strong>Perfectamente madurado:<\/strong>Seleccionado a mano en el punto justo de maduraci\u00f3n para lograr un sabor y una textura \u00f3ptimos.<\/section>\n<\/li>\n<li class=\"ybc-li-component ybc-li-component_ul\">\n<section class=\"ybc-p\">\u200b<strong>Secado a baja temperatura:<\/strong>Horneado suavemente para conservar los nutrientes y la dulzura natural.<\/section>\n<\/li>\n<li class=\"ybc-li-component ybc-li-component_ul\">\n<section class=\"ybc-p\">\u200b<strong>Alto contenido en nutrientes:<\/strong>Rico en prote\u00ednas, fibra, vitaminas y minerales.<\/section>\n<\/li>\n<li class=\"ybc-li-component ybc-li-component_ul\">\n<section class=\"ybc-p\">\u200b<strong>Textura satisfactoria:<\/strong>Pulpa suave con un delicado crujido proveniente de semillas comestibles.<\/section>\n<\/li>\n<\/ul>\n<\/section>","protected":false},"excerpt":{"rendered":"<p>Higos secados al sol: una exquisitez natural repleta de nutrientes Elaborados a partir de higos selectos cosechados en su punto m\u00e1ximo de maduraci\u00f3n (regordetes, tiernos y nunca demasiado maduros), estos tesoros secados al sol se hornean suavemente a bajas temperaturas para<span class=\"excerpt-hellip\"> [\u2026]<\/span><\/p>","protected":false},"featured_media":653,"comment_status":"open","ping_status":"closed","template":"","meta":[],"product_brand":[52],"product_cat":[51],"product_tag":[],"class_list":{"0":"post-651","1":"product","2":"type-product","3":"status-publish","4":"has-post-thumbnail","6":"product_brand-guo_ren_shi_ke","7":"product_cat-dried_fruits_and_preserves","9":"first","10":"instock","11":"shipping-taxable","12":"product-type-simple"},"yoast_head":"<!-- This site is optimized with the Yoast SEO Premium plugin v25.8 (Yoast SEO v25.8) - https:\/\/yoast.com\/wordpress\/plugins\/seo\/ -->\n<title>Figs - Jiushidao - Global Food Marketplace for Business Growth and Cosumers<\/title>\n<meta name=\"robots\" content=\"index, follow, max-snippet:-1, max-image-preview:large, max-video-preview:-1\" \/>\n<link rel=\"canonical\" href=\"https:\/\/jiushidao.com\/es\/producto\/figs\/\" \/>\n<meta property=\"og:locale\" content=\"es_ES\" \/>\n<meta property=\"og:type\" content=\"article\" \/>\n<meta property=\"og:title\" content=\"Figs\" \/>\n<meta property=\"og:description\" content=\"\u200b\u200bSun-Dried Figs: Nature&#8217;s Nutrient-Packed Delicacy\u200b\u200b Crafted from select figs harvested at peak ripeness\u2014plump, tender, and never overripe\u2014these sun-dried treasures are gently baked at low temperatures to [\u2026]\" \/>\n<meta property=\"og:url\" content=\"https:\/\/jiushidao.com\/es\/producto\/figs\/\" \/>\n<meta property=\"og:site_name\" content=\"Jiushidao - Global Food Marketplace for Business Growth and Cosumers\" \/>\n<meta property=\"article:modified_time\" content=\"2025-10-30T11:28:19+00:00\" \/>\n<meta property=\"og:image\" content=\"https:\/\/jiushidao.com\/wp-content\/uploads\/2025\/10\/22.png\" \/>\n\t<meta property=\"og:image:width\" content=\"1600\" \/>\n\t<meta property=\"og:image:height\" content=\"1600\" \/>\n\t<meta property=\"og:image:type\" content=\"image\/png\" \/>\n<meta name=\"twitter:card\" content=\"summary_large_image\" \/>\n<meta name=\"twitter:label1\" content=\"Tiempo de lectura\" \/>\n\t<meta name=\"twitter:data1\" content=\"1 minuto\" \/>\n<script type=\"application\/ld+json\" class=\"yoast-schema-graph\">{\"@context\":\"https:\/\/schema.org\",\"@graph\":[{\"@type\":\"WebPage\",\"@id\":\"https:\/\/jiushidao.com\/product\/figs\/\",\"url\":\"https:\/\/jiushidao.com\/product\/figs\/\",\"name\":\"Figs - Jiushidao - Global Food Marketplace for Business Growth and Cosumers\",\"isPartOf\":{\"@id\":\"https:\/\/jiushidao.com\/#website\"},\"primaryImageOfPage\":{\"@id\":\"https:\/\/jiushidao.com\/product\/figs\/#primaryimage\"},\"image\":{\"@id\":\"https:\/\/jiushidao.com\/product\/figs\/#primaryimage\"},\"thumbnailUrl\":\"https:\/\/jiushidao.com\/wp-content\/uploads\/2025\/10\/22.png\",\"datePublished\":\"2025-10-29T08:24:05+00:00\",\"dateModified\":\"2025-10-30T11:28:19+00:00\",\"breadcrumb\":{\"@id\":\"https:\/\/jiushidao.com\/product\/figs\/#breadcrumb\"},\"inLanguage\":\"es\",\"potentialAction\":[{\"@type\":\"ReadAction\",\"target\":[\"https:\/\/jiushidao.com\/product\/figs\/\"]}]},{\"@type\":\"ImageObject\",\"inLanguage\":\"es\",\"@id\":\"https:\/\/jiushidao.com\/product\/figs\/#primaryimage\",\"url\":\"https:\/\/jiushidao.com\/wp-content\/uploads\/2025\/10\/22.png\",\"contentUrl\":\"https:\/\/jiushidao.com\/wp-content\/uploads\/2025\/10\/22.png\",\"width\":1600,\"height\":1600},{\"@type\":\"BreadcrumbList\",\"@id\":\"https:\/\/jiushidao.com\/product\/figs\/#breadcrumb\",\"itemListElement\":[{\"@type\":\"ListItem\",\"position\":1,\"name\":\"Home\",\"item\":\"https:\/\/jiushidao.com\/\"},{\"@type\":\"ListItem\",\"position\":2,\"name\":\"Store\",\"item\":\"https:\/\/jiushidao.com\/store\/\"},{\"@type\":\"ListItem\",\"position\":3,\"name\":\"Figs\"}]},{\"@type\":\"WebSite\",\"@id\":\"https:\/\/jiushidao.com\/#website\",\"url\":\"https:\/\/jiushidao.com\/\",\"name\":\"Jiushidao - Global Food Marketplace for Business Growth and Cosumers\",\"description\":\"Jiushidao - Global Food Marketplace for Business Growth and Cosumers\",\"potentialAction\":[{\"@type\":\"SearchAction\",\"target\":{\"@type\":\"EntryPoint\",\"urlTemplate\":\"https:\/\/jiushidao.com\/?s={search_term_string}\"},\"query-input\":{\"@type\":\"PropertyValueSpecification\",\"valueRequired\":true,\"valueName\":\"search_term_string\"}}],\"inLanguage\":\"es\"}]}<\/script>\n<!-- \/ Yoast SEO Premium plugin. -->","yoast_head_json":{"title":"Figs - Jiushidao - Global Food Marketplace for Business Growth and Cosumers","robots":{"index":"index","follow":"follow","max-snippet":"max-snippet:-1","max-image-preview":"max-image-preview:large","max-video-preview":"max-video-preview:-1"},"canonical":"https:\/\/jiushidao.com\/es\/producto\/figs\/","og_locale":"es_ES","og_type":"article","og_title":"Figs","og_description":"\u200b\u200bSun-Dried Figs: Nature&#8217;s Nutrient-Packed Delicacy\u200b\u200b Crafted from select figs harvested at peak ripeness\u2014plump, tender, and never overripe\u2014these sun-dried treasures are gently baked at low temperatures to [\u2026]","og_url":"https:\/\/jiushidao.com\/es\/producto\/figs\/","og_site_name":"Jiushidao - Global Food Marketplace for Business Growth and Cosumers","article_modified_time":"2025-10-30T11:28:19+00:00","og_image":[{"width":1600,"height":1600,"url":"https:\/\/jiushidao.com\/wp-content\/uploads\/2025\/10\/22.png","type":"image\/png"}],"twitter_card":"summary_large_image","twitter_misc":{"Tiempo de lectura":"1 minuto"},"schema":{"@context":"https:\/\/schema.org","@graph":[{"@type":"WebPage","@id":"https:\/\/jiushidao.com\/product\/figs\/","url":"https:\/\/jiushidao.com\/product\/figs\/","name":"Figs - Jiushidao - Global Food Marketplace for Business Growth and Cosumers","isPartOf":{"@id":"https:\/\/jiushidao.com\/#website"},"primaryImageOfPage":{"@id":"https:\/\/jiushidao.com\/product\/figs\/#primaryimage"},"image":{"@id":"https:\/\/jiushidao.com\/product\/figs\/#primaryimage"},"thumbnailUrl":"https:\/\/jiushidao.com\/wp-content\/uploads\/2025\/10\/22.png","datePublished":"2025-10-29T08:24:05+00:00","dateModified":"2025-10-30T11:28:19+00:00","breadcrumb":{"@id":"https:\/\/jiushidao.com\/product\/figs\/#breadcrumb"},"inLanguage":"es","potentialAction":[{"@type":"ReadAction","target":["https:\/\/jiushidao.com\/product\/figs\/"]}]},{"@type":"ImageObject","inLanguage":"es","@id":"https:\/\/jiushidao.com\/product\/figs\/#primaryimage","url":"https:\/\/jiushidao.com\/wp-content\/uploads\/2025\/10\/22.png","contentUrl":"https:\/\/jiushidao.com\/wp-content\/uploads\/2025\/10\/22.png","width":1600,"height":1600},{"@type":"BreadcrumbList","@id":"https:\/\/jiushidao.com\/product\/figs\/#breadcrumb","itemListElement":[{"@type":"ListItem","position":1,"name":"Home","item":"https:\/\/jiushidao.com\/"},{"@type":"ListItem","position":2,"name":"Store","item":"https:\/\/jiushidao.com\/store\/"},{"@type":"ListItem","position":3,"name":"Figs"}]},{"@type":"WebSite","@id":"https:\/\/jiushidao.com\/#website","url":"https:\/\/jiushidao.com\/","name":"Jiushidao - Global Food Marketplace for Business Growth and Cosumers","description":"Jiushidao - Global Food Marketplace for Business Growth and Cosumers","potentialAction":[{"@type":"SearchAction","target":{"@type":"EntryPoint","urlTemplate":"https:\/\/jiushidao.com\/?s={search_term_string}"},"query-input":{"@type":"PropertyValueSpecification","valueRequired":true,"valueName":"search_term_string"}}],"inLanguage":"es"}]}},"_links":{"self":[{"href":"https:\/\/jiushidao.com\/es\/wp-json\/wp\/v2\/product\/651","targetHints":{"allow":["GET"]}}],"collection":[{"href":"https:\/\/jiushidao.com\/es\/wp-json\/wp\/v2\/product"}],"about":[{"href":"https:\/\/jiushidao.com\/es\/wp-json\/wp\/v2\/types\/product"}],"replies":[{"embeddable":true,"href":"https:\/\/jiushidao.com\/es\/wp-json\/wp\/v2\/comments?post=651"}],"version-history":[{"count":4,"href":"https:\/\/jiushidao.com\/es\/wp-json\/wp\/v2\/product\/651\/revisions"}],"predecessor-version":[{"id":761,"href":"https:\/\/jiushidao.com\/es\/wp-json\/wp\/v2\/product\/651\/revisions\/761"}],"wp:featuredmedia":[{"embeddable":true,"href":"https:\/\/jiushidao.com\/es\/wp-json\/wp\/v2\/media\/653"}],"wp:attachment":[{"href":"https:\/\/jiushidao.com\/es\/wp-json\/wp\/v2\/media?parent=651"}],"wp:term":[{"taxonomy":"product_brand","embeddable":true,"href":"https:\/\/jiushidao.com\/es\/wp-json\/wp\/v2\/product_brand?post=651"},{"taxonomy":"product_cat","embeddable":true,"href":"https:\/\/jiushidao.com\/es\/wp-json\/wp\/v2\/product_cat?post=651"},{"taxonomy":"product_tag","embeddable":true,"href":"https:\/\/jiushidao.com\/es\/wp-json\/wp\/v2\/product_tag?post=651"}],"curies":[{"name":"wp","href":"https:\/\/api.w.org\/{rel}","templated":true}]}}