{"id":642,"date":"2025-10-29T08:19:52","date_gmt":"2025-10-29T08:19:52","guid":{"rendered":"https:\/\/jiushidao.com\/?post_type=product&#038;p=642"},"modified":"2025-10-30T12:29:23","modified_gmt":"2025-10-30T12:29:23","slug":"emerald-raisins-2","status":"publish","type":"product","link":"https:\/\/jiushidao.com\/es\/producto\/emerald-raisins-2\/","title":{"rendered":"Pasas esmeralda"},"content":{"rendered":"<section class=\"ybc-p\"><strong>Pasas verdes Kashgar Supreme: dulzura en estado puro<\/strong>\u200b<\/section>\n<section class=\"ybc-p\">Elaboradas con uvas verdes sin semillas de primera calidad, cultivadas bajo el sol de Kashgar, estas pasas se secan de forma natural para conservar su delicado dulzor y su textura suave y tierna. Cada baya rebosa de un sabor suave, similar a la miel, y una textura cremosa que se derrite en la boca.<\/section>\n<section class=\"ybc-p\">Repletos de vitamina C natural y nutrientes esenciales, ofrecen un refrigerio saludable que satisface tus antojos y promueve tu bienestar. Disfr\u00fatalos directamente del sobre, a\u00f1\u00e1delos a tus mezclas de frutos secos o \u00fasalos para hornear y darles un toque de dulzura natural.<\/section>\n<section class=\"ybc-p\">\u200b<strong>Caracter\u00edsticas principales:<\/strong>\u200b<\/section>\n<ul class=\"ybc-ul-component\">\n<li class=\"ybc-li-component ybc-li-component_ul\">\n<section class=\"ybc-p\">\u200b<strong>Puro y natural:<\/strong>\u200b Elaborado con uvas verdes secadas al sol 100%, sin aditivos ni conservantes.<\/section>\n<\/li>\n<li class=\"ybc-li-component ybc-li-component_ul\">\n<section class=\"ybc-p\">\u200b<strong>Dulzura madurada al sol:<\/strong>Cultivado en el clima ideal de Kashgar para un sabor \u00fanico y delicado.<\/section>\n<\/li>\n<li class=\"ybc-li-component ybc-li-component_ul\">\n<section class=\"ybc-p\">\u200b<strong>Textura suave y tersa:<\/strong>Secado suavemente para conservar la humedad y una masticaci\u00f3n tierna.<\/section>\n<\/li>\n<li class=\"ybc-li-component ybc-li-component_ul\">\n<section class=\"ybc-p\">\u200b<strong>Rico en nutrientes:<\/strong>Una fuente natural de vitamina C, fibra y antioxidantes.<\/section>\n<\/li>\n<li class=\"ybc-li-component ybc-li-component_ul\">\n<section class=\"ybc-p\">\u200b<strong>Snack vers\u00e1til:<\/strong>Perfecto para comer solo, a\u00f1adir a cereales, yogur o postres.<\/section>\n<\/li>\n<\/ul>","protected":false},"excerpt":{"rendered":"<p>Pasas verdes supremas de Kashgar: dulzura en su forma m\u00e1s pura Elaboradas con uvas verdes sin semillas de primera calidad cultivadas bajo los cielos ba\u00f1ados por el sol de Kashgar, estas pasas son naturalmente<span class=\"excerpt-hellip\"> [\u2026]<\/span><\/p>","protected":false},"featured_media":643,"comment_status":"open","ping_status":"closed","template":"","meta":[],"product_brand":[52],"product_cat":[51],"product_tag":[],"class_list":{"0":"post-642","1":"product","2":"type-product","3":"status-publish","4":"has-post-thumbnail","6":"product_brand-guo_ren_shi_ke","7":"product_cat-dried_fruits_and_preserves","9":"first","10":"instock","11":"shipping-taxable","12":"product-type-simple"},"yoast_head":"<!-- This site is optimized with the Yoast SEO Premium plugin v25.8 (Yoast SEO v25.8) - https:\/\/yoast.com\/wordpress\/plugins\/seo\/ -->\n<title>Emerald Raisins - Jiushidao - Global Food Marketplace for Business Growth and Cosumers<\/title>\n<meta name=\"robots\" content=\"index, follow, max-snippet:-1, max-image-preview:large, max-video-preview:-1\" \/>\n<link rel=\"canonical\" href=\"https:\/\/jiushidao.com\/es\/producto\/emerald-raisins-2\/\" \/>\n<meta property=\"og:locale\" content=\"es_ES\" \/>\n<meta property=\"og:type\" content=\"article\" \/>\n<meta property=\"og:title\" content=\"Emerald Raisins\" \/>\n<meta property=\"og:description\" content=\"Kashgar Supreme Green Raisins: Sweetness in Its Purest Form\u200b\u200b Crafted from premium seedless green grapes grown under the sun-drenched skies of Kashgar, these raisins are naturally [\u2026]\" \/>\n<meta property=\"og:url\" content=\"https:\/\/jiushidao.com\/es\/producto\/emerald-raisins-2\/\" \/>\n<meta property=\"og:site_name\" content=\"Jiushidao - Global Food Marketplace for Business Growth and Cosumers\" \/>\n<meta property=\"article:modified_time\" content=\"2025-10-30T12:29:23+00:00\" \/>\n<meta property=\"og:image\" content=\"https:\/\/jiushidao.com\/wp-content\/uploads\/2025\/10\/19.png\" \/>\n\t<meta property=\"og:image:width\" content=\"1600\" \/>\n\t<meta property=\"og:image:height\" content=\"1600\" \/>\n\t<meta property=\"og:image:type\" content=\"image\/png\" \/>\n<meta name=\"twitter:card\" content=\"summary_large_image\" \/>\n<meta name=\"twitter:label1\" content=\"Tiempo de lectura\" \/>\n\t<meta name=\"twitter:data1\" content=\"1 minuto\" \/>\n<script type=\"application\/ld+json\" class=\"yoast-schema-graph\">{\"@context\":\"https:\/\/schema.org\",\"@graph\":[{\"@type\":\"WebPage\",\"@id\":\"https:\/\/jiushidao.com\/product\/emerald-raisins-2\/\",\"url\":\"https:\/\/jiushidao.com\/product\/emerald-raisins-2\/\",\"name\":\"Emerald Raisins - Jiushidao - Global Food Marketplace for Business Growth and Cosumers\",\"isPartOf\":{\"@id\":\"https:\/\/jiushidao.com\/#website\"},\"primaryImageOfPage\":{\"@id\":\"https:\/\/jiushidao.com\/product\/emerald-raisins-2\/#primaryimage\"},\"image\":{\"@id\":\"https:\/\/jiushidao.com\/product\/emerald-raisins-2\/#primaryimage\"},\"thumbnailUrl\":\"https:\/\/jiushidao.com\/wp-content\/uploads\/2025\/10\/19.png\",\"datePublished\":\"2025-10-29T08:19:52+00:00\",\"dateModified\":\"2025-10-30T12:29:23+00:00\",\"breadcrumb\":{\"@id\":\"https:\/\/jiushidao.com\/product\/emerald-raisins-2\/#breadcrumb\"},\"inLanguage\":\"es\",\"potentialAction\":[{\"@type\":\"ReadAction\",\"target\":[\"https:\/\/jiushidao.com\/product\/emerald-raisins-2\/\"]}]},{\"@type\":\"ImageObject\",\"inLanguage\":\"es\",\"@id\":\"https:\/\/jiushidao.com\/product\/emerald-raisins-2\/#primaryimage\",\"url\":\"https:\/\/jiushidao.com\/wp-content\/uploads\/2025\/10\/19.png\",\"contentUrl\":\"https:\/\/jiushidao.com\/wp-content\/uploads\/2025\/10\/19.png\",\"width\":1600,\"height\":1600},{\"@type\":\"BreadcrumbList\",\"@id\":\"https:\/\/jiushidao.com\/product\/emerald-raisins-2\/#breadcrumb\",\"itemListElement\":[{\"@type\":\"ListItem\",\"position\":1,\"name\":\"Home\",\"item\":\"https:\/\/jiushidao.com\/\"},{\"@type\":\"ListItem\",\"position\":2,\"name\":\"Store\",\"item\":\"https:\/\/jiushidao.com\/store\/\"},{\"@type\":\"ListItem\",\"position\":3,\"name\":\"Emerald Raisins\"}]},{\"@type\":\"WebSite\",\"@id\":\"https:\/\/jiushidao.com\/#website\",\"url\":\"https:\/\/jiushidao.com\/\",\"name\":\"Jiushidao - Global Food Marketplace for Business Growth and Cosumers\",\"description\":\"Jiushidao - Global Food Marketplace for Business Growth and Cosumers\",\"potentialAction\":[{\"@type\":\"SearchAction\",\"target\":{\"@type\":\"EntryPoint\",\"urlTemplate\":\"https:\/\/jiushidao.com\/?s={search_term_string}\"},\"query-input\":{\"@type\":\"PropertyValueSpecification\",\"valueRequired\":true,\"valueName\":\"search_term_string\"}}],\"inLanguage\":\"es\"}]}<\/script>\n<!-- \/ Yoast SEO Premium plugin. -->","yoast_head_json":{"title":"Emerald Raisins - Jiushidao - Global Food Marketplace for Business Growth and Cosumers","robots":{"index":"index","follow":"follow","max-snippet":"max-snippet:-1","max-image-preview":"max-image-preview:large","max-video-preview":"max-video-preview:-1"},"canonical":"https:\/\/jiushidao.com\/es\/producto\/emerald-raisins-2\/","og_locale":"es_ES","og_type":"article","og_title":"Emerald Raisins","og_description":"Kashgar Supreme Green Raisins: Sweetness in Its Purest Form\u200b\u200b Crafted from premium seedless green grapes grown under the sun-drenched skies of Kashgar, these raisins are naturally [\u2026]","og_url":"https:\/\/jiushidao.com\/es\/producto\/emerald-raisins-2\/","og_site_name":"Jiushidao - Global Food Marketplace for Business Growth and Cosumers","article_modified_time":"2025-10-30T12:29:23+00:00","og_image":[{"width":1600,"height":1600,"url":"https:\/\/jiushidao.com\/wp-content\/uploads\/2025\/10\/19.png","type":"image\/png"}],"twitter_card":"summary_large_image","twitter_misc":{"Tiempo de lectura":"1 minuto"},"schema":{"@context":"https:\/\/schema.org","@graph":[{"@type":"WebPage","@id":"https:\/\/jiushidao.com\/product\/emerald-raisins-2\/","url":"https:\/\/jiushidao.com\/product\/emerald-raisins-2\/","name":"Emerald Raisins - Jiushidao - Global Food Marketplace for Business Growth and Cosumers","isPartOf":{"@id":"https:\/\/jiushidao.com\/#website"},"primaryImageOfPage":{"@id":"https:\/\/jiushidao.com\/product\/emerald-raisins-2\/#primaryimage"},"image":{"@id":"https:\/\/jiushidao.com\/product\/emerald-raisins-2\/#primaryimage"},"thumbnailUrl":"https:\/\/jiushidao.com\/wp-content\/uploads\/2025\/10\/19.png","datePublished":"2025-10-29T08:19:52+00:00","dateModified":"2025-10-30T12:29:23+00:00","breadcrumb":{"@id":"https:\/\/jiushidao.com\/product\/emerald-raisins-2\/#breadcrumb"},"inLanguage":"es","potentialAction":[{"@type":"ReadAction","target":["https:\/\/jiushidao.com\/product\/emerald-raisins-2\/"]}]},{"@type":"ImageObject","inLanguage":"es","@id":"https:\/\/jiushidao.com\/product\/emerald-raisins-2\/#primaryimage","url":"https:\/\/jiushidao.com\/wp-content\/uploads\/2025\/10\/19.png","contentUrl":"https:\/\/jiushidao.com\/wp-content\/uploads\/2025\/10\/19.png","width":1600,"height":1600},{"@type":"BreadcrumbList","@id":"https:\/\/jiushidao.com\/product\/emerald-raisins-2\/#breadcrumb","itemListElement":[{"@type":"ListItem","position":1,"name":"Home","item":"https:\/\/jiushidao.com\/"},{"@type":"ListItem","position":2,"name":"Store","item":"https:\/\/jiushidao.com\/store\/"},{"@type":"ListItem","position":3,"name":"Emerald Raisins"}]},{"@type":"WebSite","@id":"https:\/\/jiushidao.com\/#website","url":"https:\/\/jiushidao.com\/","name":"Jiushidao - Global Food Marketplace for Business Growth and Cosumers","description":"Jiushidao - Global Food Marketplace for Business Growth and Cosumers","potentialAction":[{"@type":"SearchAction","target":{"@type":"EntryPoint","urlTemplate":"https:\/\/jiushidao.com\/?s={search_term_string}"},"query-input":{"@type":"PropertyValueSpecification","valueRequired":true,"valueName":"search_term_string"}}],"inLanguage":"es"}]}},"_links":{"self":[{"href":"https:\/\/jiushidao.com\/es\/wp-json\/wp\/v2\/product\/642","targetHints":{"allow":["GET"]}}],"collection":[{"href":"https:\/\/jiushidao.com\/es\/wp-json\/wp\/v2\/product"}],"about":[{"href":"https:\/\/jiushidao.com\/es\/wp-json\/wp\/v2\/types\/product"}],"replies":[{"embeddable":true,"href":"https:\/\/jiushidao.com\/es\/wp-json\/wp\/v2\/comments?post=642"}],"version-history":[{"count":3,"href":"https:\/\/jiushidao.com\/es\/wp-json\/wp\/v2\/product\/642\/revisions"}],"predecessor-version":[{"id":767,"href":"https:\/\/jiushidao.com\/es\/wp-json\/wp\/v2\/product\/642\/revisions\/767"}],"wp:featuredmedia":[{"embeddable":true,"href":"https:\/\/jiushidao.com\/es\/wp-json\/wp\/v2\/media\/643"}],"wp:attachment":[{"href":"https:\/\/jiushidao.com\/es\/wp-json\/wp\/v2\/media?parent=642"}],"wp:term":[{"taxonomy":"product_brand","embeddable":true,"href":"https:\/\/jiushidao.com\/es\/wp-json\/wp\/v2\/product_brand?post=642"},{"taxonomy":"product_cat","embeddable":true,"href":"https:\/\/jiushidao.com\/es\/wp-json\/wp\/v2\/product_cat?post=642"},{"taxonomy":"product_tag","embeddable":true,"href":"https:\/\/jiushidao.com\/es\/wp-json\/wp\/v2\/product_tag?post=642"}],"curies":[{"name":"wp","href":"https:\/\/api.w.org\/{rel}","templated":true}]}}