{"id":639,"date":"2025-10-29T08:17:28","date_gmt":"2025-10-29T08:17:28","guid":{"rendered":"https:\/\/jiushidao.com\/?post_type=product&#038;p=639"},"modified":"2025-10-30T12:40:29","modified_gmt":"2025-10-30T12:40:29","slug":"hongxiangfei-raisins","status":"publish","type":"product","link":"https:\/\/jiushidao.com\/es\/producto\/hongxiangfei-raisins\/","title":{"rendered":"Pasas Hongxiangfei"},"content":{"rendered":"<section class=\"ybc-p\"><strong>Pasas secadas al sol de Kashgar: el tesoro rub\u00ed de la naturaleza<\/strong>\u200b<\/section>\n<section class=\"ybc-p\">Cultivadas en el clima \u00fanico de Kashgar, Xinjiang, estas pasas se benefician de la abundante luz solar y las dr\u00e1sticas oscilaciones t\u00e9rmicas entre el d\u00eda y la noche. Este entorno ideal permite que las uvas desarrollen una dulzura profunda y compleja, y un intenso color rojo vino. Cada pasa no tiene semillas, es excepcionalmente larga y de tama\u00f1o uniforme, y se seca al sol de forma natural para preservar su sabor puro y su textura suave y carnosa.<\/section>\n<section class=\"ybc-p\">Con su aroma atractivo y su masticaci\u00f3n satisfactoria, estas pasas son un refrigerio delicioso y nutritivo, perfecto para disfrutar solo o agregar a sus platos favoritos.<\/section>\n<section class=\"ybc-p\">\u200b<strong>Caracter\u00edsticas principales:<\/strong>\u200b<\/section>\n<ul class=\"ybc-ul-component\">\n<li class=\"ybc-li-component ybc-li-component_ul\">\n<section class=\"ybc-p\">\u200b<strong>Condiciones ideales de cultivo:<\/strong>\u200bLa abundante luz solar y las importantes variaciones de temperatura entre el d\u00eda y la noche en Kashgar producen una dulzura superior.<\/section>\n<\/li>\n<li class=\"ybc-li-component ybc-li-component_ul\">\n<section class=\"ybc-p\">\u200b<strong>Calidad superior:<\/strong>Sin semillas, grande, alargada y de tama\u00f1o uniforme con un color rojo rub\u00ed transl\u00facido.<\/section>\n<\/li>\n<li class=\"ybc-li-component ybc-li-component_ul\">\n<section class=\"ybc-p\">\u200b<strong>Secado natural al sol:<\/strong>Secado suavemente al sol para conservar una textura suave, espesa y masticable.<\/section>\n<\/li>\n<li class=\"ybc-li-component ybc-li-component_ul\">\n<section class=\"ybc-p\">\u200b<strong>Sabor rico:<\/strong>\u200bUn dulzor arom\u00e1tico y equilibrado sin aditivos ni conservantes.<\/section>\n<\/li>\n<li class=\"ybc-li-component ybc-li-component_ul\">\n<section class=\"ybc-p\">\u200b<strong>Uso vers\u00e1til:<\/strong>Ideal como refrigerio, en reposter\u00eda o agregado a cereales y mezclas de frutos secos.<\/section>\n<\/li>\n<\/ul>","protected":false},"excerpt":{"rendered":"<p>Pasas secadas al sol de Kashgar: el tesoro rub\u00ed de la naturaleza Cultivadas en el clima \u00fanico de Kashgar, Xinjiang, estas pasas se benefician de la abundante luz solar y los dr\u00e1sticos cambios de temperatura entre los d\u00edas.<span class=\"excerpt-hellip\"> [\u2026]<\/span><\/p>","protected":false},"featured_media":640,"comment_status":"open","ping_status":"closed","template":"","meta":[],"product_brand":[52],"product_cat":[51],"product_tag":[],"class_list":{"0":"post-639","1":"product","2":"type-product","3":"status-publish","4":"has-post-thumbnail","6":"product_brand-guo_ren_shi_ke","7":"product_cat-dried_fruits_and_preserves","9":"first","10":"instock","11":"shipping-taxable","12":"product-type-simple"},"yoast_head":"<!-- This site is optimized with the Yoast SEO Premium plugin v25.8 (Yoast SEO v25.8) - https:\/\/yoast.com\/wordpress\/plugins\/seo\/ -->\n<title>Hongxiangfei Raisins - Jiushidao - Global Food Marketplace for Business Growth and Cosumers<\/title>\n<meta name=\"robots\" content=\"index, follow, max-snippet:-1, max-image-preview:large, max-video-preview:-1\" \/>\n<link rel=\"canonical\" href=\"https:\/\/jiushidao.com\/es\/producto\/hongxiangfei-raisins\/\" \/>\n<meta property=\"og:locale\" content=\"es_ES\" \/>\n<meta property=\"og:type\" content=\"article\" \/>\n<meta property=\"og:title\" content=\"Hongxiangfei Raisins\" \/>\n<meta property=\"og:description\" content=\"Kashgar Sun-Dried Raisins: Nature&#8217;s Ruby Treasure\u200b\u200b Grown in the unique climate of Kashgar, Xinjiang, these raisins benefit from abundant sunshine and dramatic temperature swings between day [\u2026]\" \/>\n<meta property=\"og:url\" content=\"https:\/\/jiushidao.com\/es\/producto\/hongxiangfei-raisins\/\" \/>\n<meta property=\"og:site_name\" content=\"Jiushidao - Global Food Marketplace for Business Growth and Cosumers\" \/>\n<meta property=\"article:modified_time\" content=\"2025-10-30T12:40:29+00:00\" \/>\n<meta property=\"og:image\" content=\"https:\/\/jiushidao.com\/wp-content\/uploads\/2025\/10\/18-1200x1200.png\" \/>\n\t<meta property=\"og:image:width\" content=\"1200\" \/>\n\t<meta property=\"og:image:height\" content=\"1200\" \/>\n\t<meta property=\"og:image:type\" content=\"image\/png\" \/>\n<meta name=\"twitter:card\" content=\"summary_large_image\" \/>\n<meta name=\"twitter:label1\" content=\"Tiempo de lectura\" \/>\n\t<meta name=\"twitter:data1\" content=\"1 minuto\" \/>\n<script type=\"application\/ld+json\" class=\"yoast-schema-graph\">{\"@context\":\"https:\/\/schema.org\",\"@graph\":[{\"@type\":\"WebPage\",\"@id\":\"https:\/\/jiushidao.com\/product\/hongxiangfei-raisins\/\",\"url\":\"https:\/\/jiushidao.com\/product\/hongxiangfei-raisins\/\",\"name\":\"Hongxiangfei Raisins - Jiushidao - Global Food Marketplace for Business Growth and Cosumers\",\"isPartOf\":{\"@id\":\"https:\/\/jiushidao.com\/#website\"},\"primaryImageOfPage\":{\"@id\":\"https:\/\/jiushidao.com\/product\/hongxiangfei-raisins\/#primaryimage\"},\"image\":{\"@id\":\"https:\/\/jiushidao.com\/product\/hongxiangfei-raisins\/#primaryimage\"},\"thumbnailUrl\":\"https:\/\/jiushidao.com\/wp-content\/uploads\/2025\/10\/18.png\",\"datePublished\":\"2025-10-29T08:17:28+00:00\",\"dateModified\":\"2025-10-30T12:40:29+00:00\",\"breadcrumb\":{\"@id\":\"https:\/\/jiushidao.com\/product\/hongxiangfei-raisins\/#breadcrumb\"},\"inLanguage\":\"es\",\"potentialAction\":[{\"@type\":\"ReadAction\",\"target\":[\"https:\/\/jiushidao.com\/product\/hongxiangfei-raisins\/\"]}]},{\"@type\":\"ImageObject\",\"inLanguage\":\"es\",\"@id\":\"https:\/\/jiushidao.com\/product\/hongxiangfei-raisins\/#primaryimage\",\"url\":\"https:\/\/jiushidao.com\/wp-content\/uploads\/2025\/10\/18.png\",\"contentUrl\":\"https:\/\/jiushidao.com\/wp-content\/uploads\/2025\/10\/18.png\",\"width\":1600,\"height\":1600},{\"@type\":\"BreadcrumbList\",\"@id\":\"https:\/\/jiushidao.com\/product\/hongxiangfei-raisins\/#breadcrumb\",\"itemListElement\":[{\"@type\":\"ListItem\",\"position\":1,\"name\":\"Home\",\"item\":\"https:\/\/jiushidao.com\/\"},{\"@type\":\"ListItem\",\"position\":2,\"name\":\"Store\",\"item\":\"https:\/\/jiushidao.com\/store\/\"},{\"@type\":\"ListItem\",\"position\":3,\"name\":\"Hongxiangfei Raisins\"}]},{\"@type\":\"WebSite\",\"@id\":\"https:\/\/jiushidao.com\/#website\",\"url\":\"https:\/\/jiushidao.com\/\",\"name\":\"Jiushidao - Global Food Marketplace for Business Growth and Cosumers\",\"description\":\"Jiushidao - Global Food Marketplace for Business Growth and Cosumers\",\"potentialAction\":[{\"@type\":\"SearchAction\",\"target\":{\"@type\":\"EntryPoint\",\"urlTemplate\":\"https:\/\/jiushidao.com\/?s={search_term_string}\"},\"query-input\":{\"@type\":\"PropertyValueSpecification\",\"valueRequired\":true,\"valueName\":\"search_term_string\"}}],\"inLanguage\":\"es\"}]}<\/script>\n<!-- \/ Yoast SEO Premium plugin. -->","yoast_head_json":{"title":"Hongxiangfei Raisins - Jiushidao - Global Food Marketplace for Business Growth and Cosumers","robots":{"index":"index","follow":"follow","max-snippet":"max-snippet:-1","max-image-preview":"max-image-preview:large","max-video-preview":"max-video-preview:-1"},"canonical":"https:\/\/jiushidao.com\/es\/producto\/hongxiangfei-raisins\/","og_locale":"es_ES","og_type":"article","og_title":"Hongxiangfei Raisins","og_description":"Kashgar Sun-Dried Raisins: Nature&#8217;s Ruby Treasure\u200b\u200b Grown in the unique climate of Kashgar, Xinjiang, these raisins benefit from abundant sunshine and dramatic temperature swings between day [\u2026]","og_url":"https:\/\/jiushidao.com\/es\/producto\/hongxiangfei-raisins\/","og_site_name":"Jiushidao - Global Food Marketplace for Business Growth and Cosumers","article_modified_time":"2025-10-30T12:40:29+00:00","og_image":[{"width":1200,"height":1200,"url":"https:\/\/jiushidao.com\/wp-content\/uploads\/2025\/10\/18-1200x1200.png","type":"image\/png"}],"twitter_card":"summary_large_image","twitter_misc":{"Tiempo de lectura":"1 minuto"},"schema":{"@context":"https:\/\/schema.org","@graph":[{"@type":"WebPage","@id":"https:\/\/jiushidao.com\/product\/hongxiangfei-raisins\/","url":"https:\/\/jiushidao.com\/product\/hongxiangfei-raisins\/","name":"Hongxiangfei Raisins - Jiushidao - Global Food Marketplace for Business Growth and Cosumers","isPartOf":{"@id":"https:\/\/jiushidao.com\/#website"},"primaryImageOfPage":{"@id":"https:\/\/jiushidao.com\/product\/hongxiangfei-raisins\/#primaryimage"},"image":{"@id":"https:\/\/jiushidao.com\/product\/hongxiangfei-raisins\/#primaryimage"},"thumbnailUrl":"https:\/\/jiushidao.com\/wp-content\/uploads\/2025\/10\/18.png","datePublished":"2025-10-29T08:17:28+00:00","dateModified":"2025-10-30T12:40:29+00:00","breadcrumb":{"@id":"https:\/\/jiushidao.com\/product\/hongxiangfei-raisins\/#breadcrumb"},"inLanguage":"es","potentialAction":[{"@type":"ReadAction","target":["https:\/\/jiushidao.com\/product\/hongxiangfei-raisins\/"]}]},{"@type":"ImageObject","inLanguage":"es","@id":"https:\/\/jiushidao.com\/product\/hongxiangfei-raisins\/#primaryimage","url":"https:\/\/jiushidao.com\/wp-content\/uploads\/2025\/10\/18.png","contentUrl":"https:\/\/jiushidao.com\/wp-content\/uploads\/2025\/10\/18.png","width":1600,"height":1600},{"@type":"BreadcrumbList","@id":"https:\/\/jiushidao.com\/product\/hongxiangfei-raisins\/#breadcrumb","itemListElement":[{"@type":"ListItem","position":1,"name":"Home","item":"https:\/\/jiushidao.com\/"},{"@type":"ListItem","position":2,"name":"Store","item":"https:\/\/jiushidao.com\/store\/"},{"@type":"ListItem","position":3,"name":"Hongxiangfei Raisins"}]},{"@type":"WebSite","@id":"https:\/\/jiushidao.com\/#website","url":"https:\/\/jiushidao.com\/","name":"Jiushidao - Global Food Marketplace for Business Growth and Cosumers","description":"Jiushidao - Global Food Marketplace for Business Growth and Cosumers","potentialAction":[{"@type":"SearchAction","target":{"@type":"EntryPoint","urlTemplate":"https:\/\/jiushidao.com\/?s={search_term_string}"},"query-input":{"@type":"PropertyValueSpecification","valueRequired":true,"valueName":"search_term_string"}}],"inLanguage":"es"}]}},"_links":{"self":[{"href":"https:\/\/jiushidao.com\/es\/wp-json\/wp\/v2\/product\/639","targetHints":{"allow":["GET"]}}],"collection":[{"href":"https:\/\/jiushidao.com\/es\/wp-json\/wp\/v2\/product"}],"about":[{"href":"https:\/\/jiushidao.com\/es\/wp-json\/wp\/v2\/types\/product"}],"replies":[{"embeddable":true,"href":"https:\/\/jiushidao.com\/es\/wp-json\/wp\/v2\/comments?post=639"}],"version-history":[{"count":3,"href":"https:\/\/jiushidao.com\/es\/wp-json\/wp\/v2\/product\/639\/revisions"}],"predecessor-version":[{"id":769,"href":"https:\/\/jiushidao.com\/es\/wp-json\/wp\/v2\/product\/639\/revisions\/769"}],"wp:featuredmedia":[{"embeddable":true,"href":"https:\/\/jiushidao.com\/es\/wp-json\/wp\/v2\/media\/640"}],"wp:attachment":[{"href":"https:\/\/jiushidao.com\/es\/wp-json\/wp\/v2\/media?parent=639"}],"wp:term":[{"taxonomy":"product_brand","embeddable":true,"href":"https:\/\/jiushidao.com\/es\/wp-json\/wp\/v2\/product_brand?post=639"},{"taxonomy":"product_cat","embeddable":true,"href":"https:\/\/jiushidao.com\/es\/wp-json\/wp\/v2\/product_cat?post=639"},{"taxonomy":"product_tag","embeddable":true,"href":"https:\/\/jiushidao.com\/es\/wp-json\/wp\/v2\/product_tag?post=639"}],"curies":[{"name":"wp","href":"https:\/\/api.w.org\/{rel}","templated":true}]}}