{"id":632,"date":"2025-10-29T08:13:28","date_gmt":"2025-10-29T08:13:28","guid":{"rendered":"https:\/\/jiushidao.com\/?post_type=product&#038;p=632"},"modified":"2025-10-30T12:55:35","modified_gmt":"2025-10-30T12:55:35","slug":"chickpeas","status":"publish","type":"product","link":"https:\/\/jiushidao.com\/es\/producto\/chickpeas\/","title":{"rendered":"Garbanzos"},"content":{"rendered":"<section class=\"ybc-p\"><strong>Garbanzos Premium: Una fuente inagotable de nutrientes<\/strong>\u200b<\/section>\n<section class=\"ybc-p\">Elaboradas con garbanzos cuidadosamente seleccionados, cada grano es carnoso y rico en nutrientes naturales. Estas legumbres son una excelente fuente de prote\u00edna vegetal y fibra diet\u00e9tica, bajas en grasas (la mayor\u00eda insaturadas), lo que las convierte en un complemento cardiosaludable para cualquier dieta.<\/section>\n<section class=\"ybc-p\">Ya sea al vapor y consumidos solos, mezclados en un cremoso hummus o infusionados con leche fresca sin soja, los garbanzos ofrecen una textura sutilmente dulce y tierna con un delicado aroma a nuez. Ideales para comidas saludables, contribuyen a la energ\u00eda, la digesti\u00f3n y el bienestar general.<\/section>\n<section class=\"ybc-p\">\u200b<strong>Caracter\u00edsticas principales:<\/strong>\u200b<\/section>\n<ul class=\"ybc-ul-component\">\n<li class=\"ybc-li-component ybc-li-component_ul\">\n<section class=\"ybc-p\">\u200b<strong>Alto en prote\u00ednas y fibra:<\/strong>Apoya la salud muscular y promueve la digesti\u00f3n.<\/section>\n<\/li>\n<li class=\"ybc-li-component ybc-li-component_ul\">\n<section class=\"ybc-p\">\u200b<strong>Bajo en grasas:<\/strong>Contiene principalmente grasas insaturadas para un perfil ligero y nutritivo.<\/section>\n<\/li>\n<li class=\"ybc-li-component ybc-li-component_ul\">\n<section class=\"ybc-p\">\u200b<strong>Sabor suave y a nuez:<\/strong>Vers\u00e1til para cocinar, mezclar o comer solo.<\/section>\n<\/li>\n<li class=\"ybc-li-component ybc-li-component_ul\">\n<section class=\"ybc-p\">\u200b<strong>100% Natural:<\/strong>\u200b Sin aditivos ni conservantes: solo bondad vegetal pura y limpia.<\/section>\n<\/li>\n<\/ul>","protected":false},"excerpt":{"rendered":"<p>Garbanzos Premium: Una fuente inagotable de nutrientes. Elaborados con garbanzos cuidadosamente seleccionados, cada grano es carnoso y rico en nutrientes naturales. Estas legumbres son una excelente fuente de...<span class=\"excerpt-hellip\"> [\u2026]<\/span><\/p>","protected":false},"featured_media":634,"comment_status":"open","ping_status":"closed","template":"","meta":[],"product_brand":[52],"product_cat":[51],"product_tag":[],"class_list":{"0":"post-632","1":"product","2":"type-product","3":"status-publish","4":"has-post-thumbnail","6":"product_brand-guo_ren_shi_ke","7":"product_cat-dried_fruits_and_preserves","9":"first","10":"instock","11":"shipping-taxable","12":"product-type-simple"},"yoast_head":"<!-- This site is optimized with the Yoast SEO Premium plugin v25.8 (Yoast SEO v25.8) - https:\/\/yoast.com\/wordpress\/plugins\/seo\/ -->\n<title>Chickpeas - Jiushidao - Global Food Marketplace for Business Growth and Cosumers<\/title>\n<meta name=\"robots\" content=\"index, follow, max-snippet:-1, max-image-preview:large, max-video-preview:-1\" \/>\n<link rel=\"canonical\" href=\"https:\/\/jiushidao.com\/es\/producto\/chickpeas\/\" \/>\n<meta property=\"og:locale\" content=\"es_ES\" \/>\n<meta property=\"og:type\" content=\"article\" \/>\n<meta property=\"og:title\" content=\"Chickpeas\" \/>\n<meta property=\"og:description\" content=\"Premium Chickpeas: The Nutrient-Packed Powerhouse\u200b\u200b Made from carefully selected chickpeas, each bean is plump and rich in natural nutrition. These legumes are an excellent source of [\u2026]\" \/>\n<meta property=\"og:url\" content=\"https:\/\/jiushidao.com\/es\/producto\/chickpeas\/\" \/>\n<meta property=\"og:site_name\" content=\"Jiushidao - Global Food Marketplace for Business Growth and Cosumers\" \/>\n<meta property=\"article:modified_time\" content=\"2025-10-30T12:55:35+00:00\" \/>\n<meta property=\"og:image\" content=\"https:\/\/jiushidao.com\/wp-content\/uploads\/2025\/10\/16.png\" \/>\n\t<meta property=\"og:image:width\" content=\"1600\" \/>\n\t<meta property=\"og:image:height\" content=\"1600\" \/>\n\t<meta property=\"og:image:type\" content=\"image\/png\" \/>\n<meta name=\"twitter:card\" content=\"summary_large_image\" \/>\n<meta name=\"twitter:label1\" content=\"Tiempo de lectura\" \/>\n\t<meta name=\"twitter:data1\" content=\"1 minuto\" \/>\n<script type=\"application\/ld+json\" class=\"yoast-schema-graph\">{\"@context\":\"https:\/\/schema.org\",\"@graph\":[{\"@type\":\"WebPage\",\"@id\":\"https:\/\/jiushidao.com\/product\/chickpeas\/\",\"url\":\"https:\/\/jiushidao.com\/product\/chickpeas\/\",\"name\":\"Chickpeas - Jiushidao - Global Food Marketplace for Business Growth and Cosumers\",\"isPartOf\":{\"@id\":\"https:\/\/jiushidao.com\/#website\"},\"primaryImageOfPage\":{\"@id\":\"https:\/\/jiushidao.com\/product\/chickpeas\/#primaryimage\"},\"image\":{\"@id\":\"https:\/\/jiushidao.com\/product\/chickpeas\/#primaryimage\"},\"thumbnailUrl\":\"https:\/\/jiushidao.com\/wp-content\/uploads\/2025\/10\/16.png\",\"datePublished\":\"2025-10-29T08:13:28+00:00\",\"dateModified\":\"2025-10-30T12:55:35+00:00\",\"breadcrumb\":{\"@id\":\"https:\/\/jiushidao.com\/product\/chickpeas\/#breadcrumb\"},\"inLanguage\":\"es\",\"potentialAction\":[{\"@type\":\"ReadAction\",\"target\":[\"https:\/\/jiushidao.com\/product\/chickpeas\/\"]}]},{\"@type\":\"ImageObject\",\"inLanguage\":\"es\",\"@id\":\"https:\/\/jiushidao.com\/product\/chickpeas\/#primaryimage\",\"url\":\"https:\/\/jiushidao.com\/wp-content\/uploads\/2025\/10\/16.png\",\"contentUrl\":\"https:\/\/jiushidao.com\/wp-content\/uploads\/2025\/10\/16.png\",\"width\":1600,\"height\":1600},{\"@type\":\"BreadcrumbList\",\"@id\":\"https:\/\/jiushidao.com\/product\/chickpeas\/#breadcrumb\",\"itemListElement\":[{\"@type\":\"ListItem\",\"position\":1,\"name\":\"Home\",\"item\":\"https:\/\/jiushidao.com\/\"},{\"@type\":\"ListItem\",\"position\":2,\"name\":\"Store\",\"item\":\"https:\/\/jiushidao.com\/store\/\"},{\"@type\":\"ListItem\",\"position\":3,\"name\":\"Chickpeas\"}]},{\"@type\":\"WebSite\",\"@id\":\"https:\/\/jiushidao.com\/#website\",\"url\":\"https:\/\/jiushidao.com\/\",\"name\":\"Jiushidao - Global Food Marketplace for Business Growth and Cosumers\",\"description\":\"Jiushidao - Global Food Marketplace for Business Growth and Cosumers\",\"potentialAction\":[{\"@type\":\"SearchAction\",\"target\":{\"@type\":\"EntryPoint\",\"urlTemplate\":\"https:\/\/jiushidao.com\/?s={search_term_string}\"},\"query-input\":{\"@type\":\"PropertyValueSpecification\",\"valueRequired\":true,\"valueName\":\"search_term_string\"}}],\"inLanguage\":\"es\"}]}<\/script>\n<!-- \/ Yoast SEO Premium plugin. -->","yoast_head_json":{"title":"Chickpeas - Jiushidao - Global Food Marketplace for Business Growth and Cosumers","robots":{"index":"index","follow":"follow","max-snippet":"max-snippet:-1","max-image-preview":"max-image-preview:large","max-video-preview":"max-video-preview:-1"},"canonical":"https:\/\/jiushidao.com\/es\/producto\/chickpeas\/","og_locale":"es_ES","og_type":"article","og_title":"Chickpeas","og_description":"Premium Chickpeas: The Nutrient-Packed Powerhouse\u200b\u200b Made from carefully selected chickpeas, each bean is plump and rich in natural nutrition. These legumes are an excellent source of [\u2026]","og_url":"https:\/\/jiushidao.com\/es\/producto\/chickpeas\/","og_site_name":"Jiushidao - Global Food Marketplace for Business Growth and Cosumers","article_modified_time":"2025-10-30T12:55:35+00:00","og_image":[{"width":1600,"height":1600,"url":"https:\/\/jiushidao.com\/wp-content\/uploads\/2025\/10\/16.png","type":"image\/png"}],"twitter_card":"summary_large_image","twitter_misc":{"Tiempo de lectura":"1 minuto"},"schema":{"@context":"https:\/\/schema.org","@graph":[{"@type":"WebPage","@id":"https:\/\/jiushidao.com\/product\/chickpeas\/","url":"https:\/\/jiushidao.com\/product\/chickpeas\/","name":"Chickpeas - Jiushidao - Global Food Marketplace for Business Growth and Cosumers","isPartOf":{"@id":"https:\/\/jiushidao.com\/#website"},"primaryImageOfPage":{"@id":"https:\/\/jiushidao.com\/product\/chickpeas\/#primaryimage"},"image":{"@id":"https:\/\/jiushidao.com\/product\/chickpeas\/#primaryimage"},"thumbnailUrl":"https:\/\/jiushidao.com\/wp-content\/uploads\/2025\/10\/16.png","datePublished":"2025-10-29T08:13:28+00:00","dateModified":"2025-10-30T12:55:35+00:00","breadcrumb":{"@id":"https:\/\/jiushidao.com\/product\/chickpeas\/#breadcrumb"},"inLanguage":"es","potentialAction":[{"@type":"ReadAction","target":["https:\/\/jiushidao.com\/product\/chickpeas\/"]}]},{"@type":"ImageObject","inLanguage":"es","@id":"https:\/\/jiushidao.com\/product\/chickpeas\/#primaryimage","url":"https:\/\/jiushidao.com\/wp-content\/uploads\/2025\/10\/16.png","contentUrl":"https:\/\/jiushidao.com\/wp-content\/uploads\/2025\/10\/16.png","width":1600,"height":1600},{"@type":"BreadcrumbList","@id":"https:\/\/jiushidao.com\/product\/chickpeas\/#breadcrumb","itemListElement":[{"@type":"ListItem","position":1,"name":"Home","item":"https:\/\/jiushidao.com\/"},{"@type":"ListItem","position":2,"name":"Store","item":"https:\/\/jiushidao.com\/store\/"},{"@type":"ListItem","position":3,"name":"Chickpeas"}]},{"@type":"WebSite","@id":"https:\/\/jiushidao.com\/#website","url":"https:\/\/jiushidao.com\/","name":"Jiushidao - Global Food Marketplace for Business Growth and Cosumers","description":"Jiushidao - Global Food Marketplace for Business Growth and Cosumers","potentialAction":[{"@type":"SearchAction","target":{"@type":"EntryPoint","urlTemplate":"https:\/\/jiushidao.com\/?s={search_term_string}"},"query-input":{"@type":"PropertyValueSpecification","valueRequired":true,"valueName":"search_term_string"}}],"inLanguage":"es"}]}},"_links":{"self":[{"href":"https:\/\/jiushidao.com\/es\/wp-json\/wp\/v2\/product\/632","targetHints":{"allow":["GET"]}}],"collection":[{"href":"https:\/\/jiushidao.com\/es\/wp-json\/wp\/v2\/product"}],"about":[{"href":"https:\/\/jiushidao.com\/es\/wp-json\/wp\/v2\/types\/product"}],"replies":[{"embeddable":true,"href":"https:\/\/jiushidao.com\/es\/wp-json\/wp\/v2\/comments?post=632"}],"version-history":[{"count":3,"href":"https:\/\/jiushidao.com\/es\/wp-json\/wp\/v2\/product\/632\/revisions"}],"predecessor-version":[{"id":772,"href":"https:\/\/jiushidao.com\/es\/wp-json\/wp\/v2\/product\/632\/revisions\/772"}],"wp:featuredmedia":[{"embeddable":true,"href":"https:\/\/jiushidao.com\/es\/wp-json\/wp\/v2\/media\/634"}],"wp:attachment":[{"href":"https:\/\/jiushidao.com\/es\/wp-json\/wp\/v2\/media?parent=632"}],"wp:term":[{"taxonomy":"product_brand","embeddable":true,"href":"https:\/\/jiushidao.com\/es\/wp-json\/wp\/v2\/product_brand?post=632"},{"taxonomy":"product_cat","embeddable":true,"href":"https:\/\/jiushidao.com\/es\/wp-json\/wp\/v2\/product_cat?post=632"},{"taxonomy":"product_tag","embeddable":true,"href":"https:\/\/jiushidao.com\/es\/wp-json\/wp\/v2\/product_tag?post=632"}],"curies":[{"name":"wp","href":"https:\/\/api.w.org\/{rel}","templated":true}]}}