{"id":629,"date":"2025-10-29T08:12:09","date_gmt":"2025-10-29T08:12:09","guid":{"rendered":"https:\/\/jiushidao.com\/?post_type=product&#038;p=629"},"modified":"2025-10-30T13:01:24","modified_gmt":"2025-10-30T13:01:24","slug":"pecans","status":"publish","type":"product","link":"https:\/\/jiushidao.com\/es\/producto\/pecans\/","title":{"rendered":"nueces pecanas"},"content":{"rendered":"<section class=\"ybc-p\"><strong>Nueces pecanas premium: una delicia crujiente y mantecosa de la despensa de la naturaleza<\/strong>\u200b<\/section>\n<section class=\"ybc-p\">Elaboradas con nueces pecanas seleccionadas, cada nuez presenta una c\u00e1scara fina y f\u00e1cil de romper con un elegante color marr\u00f3n claro. En su interior, la nuez es carnosa y de aspecto jade, tostada suavemente a baja temperatura para liberar un aroma rico y cremoso. Con una textura crujiente que se funde en una textura suave y densa, estas nueces pecanas ofrecen un sabor sutilmente dulce, no graso y de larga duraci\u00f3n.<\/section>\n<section class=\"ybc-p\">Repletas de \u00e1cidos grasos insaturados, vitamina E y zinc, un pu\u00f1ado al d\u00eda nutre cuerpo y mente. Ya sea como un refrigerio para ver la televisi\u00f3n o como un refuerzo energ\u00e9tico en la oficina, estas nueces pecanas listas para comer te traen la bondad de los huertos norteamericanos directamente a ti: un capricho verdaderamente exquisito y saludable.<\/section>\n<section class=\"ybc-p\">\u200b<strong>Caracter\u00edsticas principales:<\/strong>\u200b<\/section>\n<ul class=\"ybc-ul-component\">\n<li class=\"ybc-li-component ybc-li-component_ul\">\n<section class=\"ybc-p\">\u200b<strong>C\u00e1scara fina y grano regordete:<\/strong>F\u00e1ciles de romper, gratificantes con una pulpa de nuez completa, similar al jade.<\/section>\n<\/li>\n<li class=\"ybc-li-component ybc-li-component_ul\">\n<section class=\"ybc-p\">\u200b<strong>Tostado a baja temperatura:<\/strong>\u200bContiene un aroma natural y cremoso y una textura crujiente pero tierna.<\/section>\n<\/li>\n<li class=\"ybc-li-component ybc-li-component_ul\">\n<section class=\"ybc-p\">\u200b<strong>Rico en nutrientes:<\/strong>Alto en grasas insaturadas, vitamina E y zinc para el bienestar diario.<\/section>\n<\/li>\n<li class=\"ybc-li-component ybc-li-component_ul\">\n<section class=\"ybc-p\">\u200b<strong>Listo para disfrutar:<\/strong>Perfecto para picar, regalar o a\u00f1adir a postres y ensaladas.<\/section>\n<\/li>\n<\/ul>","protected":false},"excerpt":{"rendered":"<p>Nueces Pecanas Premium: Una Delicia Crujiente y Mantecosa de Nature&#039;s Pantry Elaboradas con nueces pecanas seleccionadas, cada nuez tiene una c\u00e1scara delgada y f\u00e1cil de romper con un elegante color marr\u00f3n claro. En el interior,<span class=\"excerpt-hellip\"> [\u2026]<\/span><\/p>","protected":false},"featured_media":630,"comment_status":"open","ping_status":"closed","template":"","meta":[],"product_brand":[52],"product_cat":[51],"product_tag":[],"class_list":{"0":"post-629","1":"product","2":"type-product","3":"status-publish","4":"has-post-thumbnail","6":"product_brand-guo_ren_shi_ke","7":"product_cat-dried_fruits_and_preserves","9":"first","10":"instock","11":"shipping-taxable","12":"product-type-simple"},"yoast_head":"<!-- This site is optimized with the Yoast SEO Premium plugin v25.8 (Yoast SEO v25.8) - https:\/\/yoast.com\/wordpress\/plugins\/seo\/ -->\n<title>Pecans - Jiushidao - Global Food Marketplace for Business Growth and Cosumers<\/title>\n<meta name=\"robots\" content=\"index, follow, max-snippet:-1, max-image-preview:large, max-video-preview:-1\" \/>\n<link rel=\"canonical\" href=\"https:\/\/jiushidao.com\/es\/producto\/pecans\/\" \/>\n<meta property=\"og:locale\" content=\"es_ES\" \/>\n<meta property=\"og:type\" content=\"article\" \/>\n<meta property=\"og:title\" content=\"Pecans\" \/>\n<meta property=\"og:description\" content=\"Premium Pecans: A Crisp, Buttery Delight from Nature\u2018s Pantry\u200b\u200b Crafted from select pecans, each nut features a thin, easy-to-crack shell with elegant light brown\u7eb9\u7406. Inside, the [\u2026]\" \/>\n<meta property=\"og:url\" content=\"https:\/\/jiushidao.com\/es\/producto\/pecans\/\" \/>\n<meta property=\"og:site_name\" content=\"Jiushidao - Global Food Marketplace for Business Growth and Cosumers\" \/>\n<meta property=\"article:modified_time\" content=\"2025-10-30T13:01:24+00:00\" \/>\n<meta property=\"og:image\" content=\"https:\/\/jiushidao.com\/wp-content\/uploads\/2025\/10\/15.png\" \/>\n\t<meta property=\"og:image:width\" content=\"650\" \/>\n\t<meta property=\"og:image:height\" content=\"647\" \/>\n\t<meta property=\"og:image:type\" content=\"image\/png\" \/>\n<meta name=\"twitter:card\" content=\"summary_large_image\" \/>\n<meta name=\"twitter:label1\" content=\"Tiempo de lectura\" \/>\n\t<meta name=\"twitter:data1\" content=\"1 minuto\" \/>\n<script type=\"application\/ld+json\" class=\"yoast-schema-graph\">{\"@context\":\"https:\/\/schema.org\",\"@graph\":[{\"@type\":\"WebPage\",\"@id\":\"https:\/\/jiushidao.com\/product\/pecans\/\",\"url\":\"https:\/\/jiushidao.com\/product\/pecans\/\",\"name\":\"Pecans - Jiushidao - Global Food Marketplace for Business Growth and Cosumers\",\"isPartOf\":{\"@id\":\"https:\/\/jiushidao.com\/#website\"},\"primaryImageOfPage\":{\"@id\":\"https:\/\/jiushidao.com\/product\/pecans\/#primaryimage\"},\"image\":{\"@id\":\"https:\/\/jiushidao.com\/product\/pecans\/#primaryimage\"},\"thumbnailUrl\":\"https:\/\/jiushidao.com\/wp-content\/uploads\/2025\/10\/15.png\",\"datePublished\":\"2025-10-29T08:12:09+00:00\",\"dateModified\":\"2025-10-30T13:01:24+00:00\",\"breadcrumb\":{\"@id\":\"https:\/\/jiushidao.com\/product\/pecans\/#breadcrumb\"},\"inLanguage\":\"es\",\"potentialAction\":[{\"@type\":\"ReadAction\",\"target\":[\"https:\/\/jiushidao.com\/product\/pecans\/\"]}]},{\"@type\":\"ImageObject\",\"inLanguage\":\"es\",\"@id\":\"https:\/\/jiushidao.com\/product\/pecans\/#primaryimage\",\"url\":\"https:\/\/jiushidao.com\/wp-content\/uploads\/2025\/10\/15.png\",\"contentUrl\":\"https:\/\/jiushidao.com\/wp-content\/uploads\/2025\/10\/15.png\",\"width\":650,\"height\":647},{\"@type\":\"BreadcrumbList\",\"@id\":\"https:\/\/jiushidao.com\/product\/pecans\/#breadcrumb\",\"itemListElement\":[{\"@type\":\"ListItem\",\"position\":1,\"name\":\"Home\",\"item\":\"https:\/\/jiushidao.com\/\"},{\"@type\":\"ListItem\",\"position\":2,\"name\":\"Store\",\"item\":\"https:\/\/jiushidao.com\/store\/\"},{\"@type\":\"ListItem\",\"position\":3,\"name\":\"Pecans\"}]},{\"@type\":\"WebSite\",\"@id\":\"https:\/\/jiushidao.com\/#website\",\"url\":\"https:\/\/jiushidao.com\/\",\"name\":\"Jiushidao - Global Food Marketplace for Business Growth and Cosumers\",\"description\":\"Jiushidao - Global Food Marketplace for Business Growth and Cosumers\",\"potentialAction\":[{\"@type\":\"SearchAction\",\"target\":{\"@type\":\"EntryPoint\",\"urlTemplate\":\"https:\/\/jiushidao.com\/?s={search_term_string}\"},\"query-input\":{\"@type\":\"PropertyValueSpecification\",\"valueRequired\":true,\"valueName\":\"search_term_string\"}}],\"inLanguage\":\"es\"}]}<\/script>\n<!-- \/ Yoast SEO Premium plugin. -->","yoast_head_json":{"title":"Pecans - Jiushidao - Global Food Marketplace for Business Growth and Cosumers","robots":{"index":"index","follow":"follow","max-snippet":"max-snippet:-1","max-image-preview":"max-image-preview:large","max-video-preview":"max-video-preview:-1"},"canonical":"https:\/\/jiushidao.com\/es\/producto\/pecans\/","og_locale":"es_ES","og_type":"article","og_title":"Pecans","og_description":"Premium Pecans: A Crisp, Buttery Delight from Nature\u2018s Pantry\u200b\u200b Crafted from select pecans, each nut features a thin, easy-to-crack shell with elegant light brown\u7eb9\u7406. Inside, the [\u2026]","og_url":"https:\/\/jiushidao.com\/es\/producto\/pecans\/","og_site_name":"Jiushidao - Global Food Marketplace for Business Growth and Cosumers","article_modified_time":"2025-10-30T13:01:24+00:00","og_image":[{"width":650,"height":647,"url":"https:\/\/jiushidao.com\/wp-content\/uploads\/2025\/10\/15.png","type":"image\/png"}],"twitter_card":"summary_large_image","twitter_misc":{"Tiempo de lectura":"1 minuto"},"schema":{"@context":"https:\/\/schema.org","@graph":[{"@type":"WebPage","@id":"https:\/\/jiushidao.com\/product\/pecans\/","url":"https:\/\/jiushidao.com\/product\/pecans\/","name":"Pecans - Jiushidao - Global Food Marketplace for Business Growth and Cosumers","isPartOf":{"@id":"https:\/\/jiushidao.com\/#website"},"primaryImageOfPage":{"@id":"https:\/\/jiushidao.com\/product\/pecans\/#primaryimage"},"image":{"@id":"https:\/\/jiushidao.com\/product\/pecans\/#primaryimage"},"thumbnailUrl":"https:\/\/jiushidao.com\/wp-content\/uploads\/2025\/10\/15.png","datePublished":"2025-10-29T08:12:09+00:00","dateModified":"2025-10-30T13:01:24+00:00","breadcrumb":{"@id":"https:\/\/jiushidao.com\/product\/pecans\/#breadcrumb"},"inLanguage":"es","potentialAction":[{"@type":"ReadAction","target":["https:\/\/jiushidao.com\/product\/pecans\/"]}]},{"@type":"ImageObject","inLanguage":"es","@id":"https:\/\/jiushidao.com\/product\/pecans\/#primaryimage","url":"https:\/\/jiushidao.com\/wp-content\/uploads\/2025\/10\/15.png","contentUrl":"https:\/\/jiushidao.com\/wp-content\/uploads\/2025\/10\/15.png","width":650,"height":647},{"@type":"BreadcrumbList","@id":"https:\/\/jiushidao.com\/product\/pecans\/#breadcrumb","itemListElement":[{"@type":"ListItem","position":1,"name":"Home","item":"https:\/\/jiushidao.com\/"},{"@type":"ListItem","position":2,"name":"Store","item":"https:\/\/jiushidao.com\/store\/"},{"@type":"ListItem","position":3,"name":"Pecans"}]},{"@type":"WebSite","@id":"https:\/\/jiushidao.com\/#website","url":"https:\/\/jiushidao.com\/","name":"Jiushidao - Global Food Marketplace for Business Growth and Cosumers","description":"Jiushidao - Global Food Marketplace for Business Growth and Cosumers","potentialAction":[{"@type":"SearchAction","target":{"@type":"EntryPoint","urlTemplate":"https:\/\/jiushidao.com\/?s={search_term_string}"},"query-input":{"@type":"PropertyValueSpecification","valueRequired":true,"valueName":"search_term_string"}}],"inLanguage":"es"}]}},"_links":{"self":[{"href":"https:\/\/jiushidao.com\/es\/wp-json\/wp\/v2\/product\/629","targetHints":{"allow":["GET"]}}],"collection":[{"href":"https:\/\/jiushidao.com\/es\/wp-json\/wp\/v2\/product"}],"about":[{"href":"https:\/\/jiushidao.com\/es\/wp-json\/wp\/v2\/types\/product"}],"replies":[{"embeddable":true,"href":"https:\/\/jiushidao.com\/es\/wp-json\/wp\/v2\/comments?post=629"}],"version-history":[{"count":3,"href":"https:\/\/jiushidao.com\/es\/wp-json\/wp\/v2\/product\/629\/revisions"}],"predecessor-version":[{"id":775,"href":"https:\/\/jiushidao.com\/es\/wp-json\/wp\/v2\/product\/629\/revisions\/775"}],"wp:featuredmedia":[{"embeddable":true,"href":"https:\/\/jiushidao.com\/es\/wp-json\/wp\/v2\/media\/630"}],"wp:attachment":[{"href":"https:\/\/jiushidao.com\/es\/wp-json\/wp\/v2\/media?parent=629"}],"wp:term":[{"taxonomy":"product_brand","embeddable":true,"href":"https:\/\/jiushidao.com\/es\/wp-json\/wp\/v2\/product_brand?post=629"},{"taxonomy":"product_cat","embeddable":true,"href":"https:\/\/jiushidao.com\/es\/wp-json\/wp\/v2\/product_cat?post=629"},{"taxonomy":"product_tag","embeddable":true,"href":"https:\/\/jiushidao.com\/es\/wp-json\/wp\/v2\/product_tag?post=629"}],"curies":[{"name":"wp","href":"https:\/\/api.w.org\/{rel}","templated":true}]}}