{"id":614,"date":"2025-10-29T08:03:08","date_gmt":"2025-10-29T08:03:08","guid":{"rendered":"https:\/\/jiushidao.com\/?post_type=product&#038;p=614"},"modified":"2025-10-30T14:02:03","modified_gmt":"2025-10-30T14:02:03","slug":"pistachios","status":"publish","type":"product","link":"https:\/\/jiushidao.com\/es\/producto\/pistachios\/","title":{"rendered":"Pistachos"},"content":{"rendered":"<section class=\"ybc-p\"><strong>Pistachos de Xinjiang: un refrigerio natural de las colinas de Tianshan<\/strong>\u200b<\/section>\n<section class=\"ybc-p\">Cultivados bajo el intenso sol y las grandes variaciones de temperatura de la regi\u00f3n de Tianshan, en el sur de Xinjiang, cada pistacho madura a la perfecci\u00f3n, abriendo su c\u00e1scara marr\u00f3n p\u00e1lida en una \u201csonrisa\u201d natural. Las c\u00e1scaras son finas y f\u00e1ciles de romper, revelando vibrantes granos verdes, regordetes y tiernos.<\/section>\n<section class=\"ybc-p\">Ligeramente tostados y sazonados, estos pistachos ofrecen una textura crujiente y sabrosa con un delicado aroma tostado y un final rico y mantecoso; cada bocado es irresistiblemente adictivo. Ricos en vitamina E, fibra diet\u00e9tica y grasas saludables para el coraz\u00f3n, son un tentempi\u00e9 nutritivo listo para disfrutar en cualquier momento. Perfectos para comer solos, compartir con amigos o acompa\u00f1ar con t\u00e9 o vino, te traen el sabor del terru\u00f1o del oeste de China directamente a tu mesa.<\/section>\n<section class=\"ybc-p\">\u200b<strong>Caracter\u00edsticas principales:<\/strong>\u200b<\/section>\n<ul class=\"ybc-ul-component\">\n<li class=\"ybc-li-component ybc-li-component_ul\">\n<section class=\"ybc-p\">\u200b<strong>Bronceado por el sol y con temperatura templada:<\/strong>Cultivado en condiciones naturales ideales para un desarrollo \u00f3ptimo del sabor.<\/section>\n<\/li>\n<li class=\"ybc-li-component ybc-li-component_ul\">\n<section class=\"ybc-p\">\u200b<strong>Naturalmente \u201csonriendo\u201d:<\/strong>De c\u00e1scara fina y f\u00e1cil de abrir, con granos de color verde brillante.<\/section>\n<\/li>\n<li class=\"ybc-li-component ybc-li-component_ul\">\n<section class=\"ybc-p\">\u200b<strong>Ligeramente tostado y sabroso:<\/strong>Textura crujiente con un equilibrio perfecto entre salinidad y un sutil sabor a nuez.<\/section>\n<\/li>\n<li class=\"ybc-li-component ybc-li-component_ul\">\n<section class=\"ybc-p\">\u200b<strong>Alto contenido en nutrientes:<\/strong>Buena fuente de vitamina E, fibra y grasas insaturadas.<\/section>\n<\/li>\n<li class=\"ybc-li-component ybc-li-component_ul\">\n<section class=\"ybc-p\">\u200b<strong>Disfrute vers\u00e1til:<\/strong>Excelente como aperitivo, en recetas o como parte de una tabla de embutidos.<\/section>\n<\/li>\n<\/ul>","protected":false},"excerpt":{"rendered":"<p>Pistachos de Xinjiang: un refrigerio sonriente de la naturaleza de las colinas de Tianshan. Cultivados bajo el intenso sol y los grandes cambios de temperatura de la regi\u00f3n de Tianshan, en el sur de Xinjiang, cada pistacho madura<span class=\"excerpt-hellip\"> [\u2026]<\/span><\/p>","protected":false},"featured_media":615,"comment_status":"open","ping_status":"closed","template":"","meta":[],"product_brand":[52],"product_cat":[51],"product_tag":[],"class_list":{"0":"post-614","1":"product","2":"type-product","3":"status-publish","4":"has-post-thumbnail","6":"product_brand-guo_ren_shi_ke","7":"product_cat-dried_fruits_and_preserves","9":"first","10":"instock","11":"shipping-taxable","12":"product-type-simple"},"yoast_head":"<!-- This site is optimized with the Yoast SEO Premium plugin v25.8 (Yoast SEO v25.8) - https:\/\/yoast.com\/wordpress\/plugins\/seo\/ -->\n<title>Pistachios - Jiushidao - Global Food Marketplace for Business Growth and Cosumers<\/title>\n<meta name=\"robots\" content=\"index, follow, max-snippet:-1, max-image-preview:large, max-video-preview:-1\" \/>\n<link rel=\"canonical\" href=\"https:\/\/jiushidao.com\/es\/producto\/pistachios\/\" \/>\n<meta property=\"og:locale\" content=\"es_ES\" \/>\n<meta property=\"og:type\" content=\"article\" \/>\n<meta property=\"og:title\" content=\"Pistachios\" \/>\n<meta property=\"og:description\" content=\"\u200bXinjiang Pistachios: Nature&#8217;s Smiling Snack from the Tianshan Foothills\u200b\u200b Nurtured under the intense sun and vast temperature shifts of southern Xinjiang\u2019s Tianshan region, each pistachio ripens [\u2026]\" \/>\n<meta property=\"og:url\" content=\"https:\/\/jiushidao.com\/es\/producto\/pistachios\/\" \/>\n<meta property=\"og:site_name\" content=\"Jiushidao - Global Food Marketplace for Business Growth and Cosumers\" \/>\n<meta property=\"article:modified_time\" content=\"2025-10-30T14:02:03+00:00\" \/>\n<meta property=\"og:image\" content=\"https:\/\/jiushidao.com\/wp-content\/uploads\/2025\/10\/10.png\" \/>\n\t<meta property=\"og:image:width\" content=\"1600\" \/>\n\t<meta property=\"og:image:height\" content=\"1600\" \/>\n\t<meta property=\"og:image:type\" content=\"image\/png\" \/>\n<meta name=\"twitter:card\" content=\"summary_large_image\" \/>\n<meta name=\"twitter:label1\" content=\"Tiempo de lectura\" \/>\n\t<meta name=\"twitter:data1\" content=\"1 minuto\" \/>\n<script type=\"application\/ld+json\" class=\"yoast-schema-graph\">{\"@context\":\"https:\/\/schema.org\",\"@graph\":[{\"@type\":\"WebPage\",\"@id\":\"https:\/\/jiushidao.com\/product\/pistachios\/\",\"url\":\"https:\/\/jiushidao.com\/product\/pistachios\/\",\"name\":\"Pistachios - Jiushidao - Global Food Marketplace for Business Growth and Cosumers\",\"isPartOf\":{\"@id\":\"https:\/\/jiushidao.com\/#website\"},\"primaryImageOfPage\":{\"@id\":\"https:\/\/jiushidao.com\/product\/pistachios\/#primaryimage\"},\"image\":{\"@id\":\"https:\/\/jiushidao.com\/product\/pistachios\/#primaryimage\"},\"thumbnailUrl\":\"https:\/\/jiushidao.com\/wp-content\/uploads\/2025\/10\/10.png\",\"datePublished\":\"2025-10-29T08:03:08+00:00\",\"dateModified\":\"2025-10-30T14:02:03+00:00\",\"breadcrumb\":{\"@id\":\"https:\/\/jiushidao.com\/product\/pistachios\/#breadcrumb\"},\"inLanguage\":\"es\",\"potentialAction\":[{\"@type\":\"ReadAction\",\"target\":[\"https:\/\/jiushidao.com\/product\/pistachios\/\"]}]},{\"@type\":\"ImageObject\",\"inLanguage\":\"es\",\"@id\":\"https:\/\/jiushidao.com\/product\/pistachios\/#primaryimage\",\"url\":\"https:\/\/jiushidao.com\/wp-content\/uploads\/2025\/10\/10.png\",\"contentUrl\":\"https:\/\/jiushidao.com\/wp-content\/uploads\/2025\/10\/10.png\",\"width\":1600,\"height\":1600},{\"@type\":\"BreadcrumbList\",\"@id\":\"https:\/\/jiushidao.com\/product\/pistachios\/#breadcrumb\",\"itemListElement\":[{\"@type\":\"ListItem\",\"position\":1,\"name\":\"Home\",\"item\":\"https:\/\/jiushidao.com\/\"},{\"@type\":\"ListItem\",\"position\":2,\"name\":\"Store\",\"item\":\"https:\/\/jiushidao.com\/store\/\"},{\"@type\":\"ListItem\",\"position\":3,\"name\":\"Pistachios\"}]},{\"@type\":\"WebSite\",\"@id\":\"https:\/\/jiushidao.com\/#website\",\"url\":\"https:\/\/jiushidao.com\/\",\"name\":\"Jiushidao - Global Food Marketplace for Business Growth and Cosumers\",\"description\":\"Jiushidao - Global Food Marketplace for Business Growth and Cosumers\",\"potentialAction\":[{\"@type\":\"SearchAction\",\"target\":{\"@type\":\"EntryPoint\",\"urlTemplate\":\"https:\/\/jiushidao.com\/?s={search_term_string}\"},\"query-input\":{\"@type\":\"PropertyValueSpecification\",\"valueRequired\":true,\"valueName\":\"search_term_string\"}}],\"inLanguage\":\"es\"}]}<\/script>\n<!-- \/ Yoast SEO Premium plugin. -->","yoast_head_json":{"title":"Pistachios - Jiushidao - Global Food Marketplace for Business Growth and Cosumers","robots":{"index":"index","follow":"follow","max-snippet":"max-snippet:-1","max-image-preview":"max-image-preview:large","max-video-preview":"max-video-preview:-1"},"canonical":"https:\/\/jiushidao.com\/es\/producto\/pistachios\/","og_locale":"es_ES","og_type":"article","og_title":"Pistachios","og_description":"\u200bXinjiang Pistachios: Nature&#8217;s Smiling Snack from the Tianshan Foothills\u200b\u200b Nurtured under the intense sun and vast temperature shifts of southern Xinjiang\u2019s Tianshan region, each pistachio ripens [\u2026]","og_url":"https:\/\/jiushidao.com\/es\/producto\/pistachios\/","og_site_name":"Jiushidao - Global Food Marketplace for Business Growth and Cosumers","article_modified_time":"2025-10-30T14:02:03+00:00","og_image":[{"width":1600,"height":1600,"url":"https:\/\/jiushidao.com\/wp-content\/uploads\/2025\/10\/10.png","type":"image\/png"}],"twitter_card":"summary_large_image","twitter_misc":{"Tiempo de lectura":"1 minuto"},"schema":{"@context":"https:\/\/schema.org","@graph":[{"@type":"WebPage","@id":"https:\/\/jiushidao.com\/product\/pistachios\/","url":"https:\/\/jiushidao.com\/product\/pistachios\/","name":"Pistachios - Jiushidao - Global Food Marketplace for Business Growth and Cosumers","isPartOf":{"@id":"https:\/\/jiushidao.com\/#website"},"primaryImageOfPage":{"@id":"https:\/\/jiushidao.com\/product\/pistachios\/#primaryimage"},"image":{"@id":"https:\/\/jiushidao.com\/product\/pistachios\/#primaryimage"},"thumbnailUrl":"https:\/\/jiushidao.com\/wp-content\/uploads\/2025\/10\/10.png","datePublished":"2025-10-29T08:03:08+00:00","dateModified":"2025-10-30T14:02:03+00:00","breadcrumb":{"@id":"https:\/\/jiushidao.com\/product\/pistachios\/#breadcrumb"},"inLanguage":"es","potentialAction":[{"@type":"ReadAction","target":["https:\/\/jiushidao.com\/product\/pistachios\/"]}]},{"@type":"ImageObject","inLanguage":"es","@id":"https:\/\/jiushidao.com\/product\/pistachios\/#primaryimage","url":"https:\/\/jiushidao.com\/wp-content\/uploads\/2025\/10\/10.png","contentUrl":"https:\/\/jiushidao.com\/wp-content\/uploads\/2025\/10\/10.png","width":1600,"height":1600},{"@type":"BreadcrumbList","@id":"https:\/\/jiushidao.com\/product\/pistachios\/#breadcrumb","itemListElement":[{"@type":"ListItem","position":1,"name":"Home","item":"https:\/\/jiushidao.com\/"},{"@type":"ListItem","position":2,"name":"Store","item":"https:\/\/jiushidao.com\/store\/"},{"@type":"ListItem","position":3,"name":"Pistachios"}]},{"@type":"WebSite","@id":"https:\/\/jiushidao.com\/#website","url":"https:\/\/jiushidao.com\/","name":"Jiushidao - Global Food Marketplace for Business Growth and Cosumers","description":"Jiushidao - Global Food Marketplace for Business Growth and Cosumers","potentialAction":[{"@type":"SearchAction","target":{"@type":"EntryPoint","urlTemplate":"https:\/\/jiushidao.com\/?s={search_term_string}"},"query-input":{"@type":"PropertyValueSpecification","valueRequired":true,"valueName":"search_term_string"}}],"inLanguage":"es"}]}},"_links":{"self":[{"href":"https:\/\/jiushidao.com\/es\/wp-json\/wp\/v2\/product\/614","targetHints":{"allow":["GET"]}}],"collection":[{"href":"https:\/\/jiushidao.com\/es\/wp-json\/wp\/v2\/product"}],"about":[{"href":"https:\/\/jiushidao.com\/es\/wp-json\/wp\/v2\/types\/product"}],"replies":[{"embeddable":true,"href":"https:\/\/jiushidao.com\/es\/wp-json\/wp\/v2\/comments?post=614"}],"version-history":[{"count":3,"href":"https:\/\/jiushidao.com\/es\/wp-json\/wp\/v2\/product\/614\/revisions"}],"predecessor-version":[{"id":784,"href":"https:\/\/jiushidao.com\/es\/wp-json\/wp\/v2\/product\/614\/revisions\/784"}],"wp:featuredmedia":[{"embeddable":true,"href":"https:\/\/jiushidao.com\/es\/wp-json\/wp\/v2\/media\/615"}],"wp:attachment":[{"href":"https:\/\/jiushidao.com\/es\/wp-json\/wp\/v2\/media?parent=614"}],"wp:term":[{"taxonomy":"product_brand","embeddable":true,"href":"https:\/\/jiushidao.com\/es\/wp-json\/wp\/v2\/product_brand?post=614"},{"taxonomy":"product_cat","embeddable":true,"href":"https:\/\/jiushidao.com\/es\/wp-json\/wp\/v2\/product_cat?post=614"},{"taxonomy":"product_tag","embeddable":true,"href":"https:\/\/jiushidao.com\/es\/wp-json\/wp\/v2\/product_tag?post=614"}],"curies":[{"name":"wp","href":"https:\/\/api.w.org\/{rel}","templated":true}]}}