{"id":611,"date":"2025-10-29T08:01:20","date_gmt":"2025-10-29T08:01:20","guid":{"rendered":"https:\/\/jiushidao.com\/?post_type=product&#038;p=611"},"modified":"2025-10-30T15:18:44","modified_gmt":"2025-10-30T15:18:44","slug":"dried-mulberries","status":"publish","type":"product","link":"https:\/\/jiushidao.com\/es\/producto\/dried-mulberries\/","title":{"rendered":"Moras secas"},"content":{"rendered":"<section class=\"ybc-p\"><strong>Moras puras: el tesoro agridulce de la naturaleza<\/strong>\u200b<\/section>\n<section class=\"ybc-p\">Cosechadas de moreras de 10 a\u00f1os o m\u00e1s, estas bayas de intenso sabor se recogen cuidadosamente a mano y se secan a baja temperatura para preservar su sabor y nutrientes naturales. Cada baya es carnosa, sin semillas, arena ni aditivos, ofreciendo un sabor limpio, agridulce, refrescante y nutritivo.<\/section>\n<section class=\"ybc-p\">Ricas en vitaminas, antioxidantes y fibra diet\u00e9tica, estas moras son un refrigerio delicioso y saludable para cualquier momento del d\u00eda. Disfr\u00fatalas solas, a\u00f1\u00e1delas a cereales, yogur o productos horneados y saborea el puro sabor de la simplicidad de la naturaleza.<\/section>\n<section class=\"ybc-p\">\u200b<strong>Caracter\u00edsticas principales:<\/strong>\u200b<\/section>\n<ul class=\"ybc-ul-component\">\n<li class=\"ybc-li-component ybc-li-component_ul\">\n<section class=\"ybc-p\">\u200b<strong>Cultivado naturalmente y sin aditivos:<\/strong>\u200bSin colorantes, conservantes ni az\u00facar a\u00f1adido.<\/section>\n<\/li>\n<li class=\"ybc-li-component ybc-li-component_ul\">\n<section class=\"ybc-p\">\u200b<strong>Calidad del \u00e1rbol a\u00f1ejo:<\/strong>\u200b Cosechado de \u00e1rboles m\u00e1s viejos para lograr un sabor y una textura m\u00e1s ricos.<\/section>\n<\/li>\n<li class=\"ybc-li-component ybc-li-component_ul\">\n<section class=\"ybc-p\">\u200b<strong>Secado a baja temperatura:<\/strong>Procesado suavemente para conservar los nutrientes y una masticabilidad suave.<\/section>\n<\/li>\n<li class=\"ybc-li-component ybc-li-component_ul\">\n<section class=\"ybc-p\">\u200b<strong>Equilibrio entre dulce y \u00e1cido:<\/strong>Un sabor refrescante con un aroma frutal vibrante.<\/section>\n<\/li>\n<li class=\"ybc-li-component ybc-li-component_ul\">\n<section class=\"ybc-p\">\u200b<strong>Uso vers\u00e1til:<\/strong>Perfecto para picar, hornear o para aderezar avena y ensaladas.<\/section>\n<\/li>\n<\/ul>","protected":false},"excerpt":{"rendered":"<p>Moras puras: el tesoro agridulce de la naturaleza. Cosechadas de moreras de 10 a\u00f1os o m\u00e1s, estas bayas de profundo sabor se recogen cuidadosamente a mano y se secan en<span class=\"excerpt-hellip\"> [\u2026]<\/span><\/p>","protected":false},"featured_media":612,"comment_status":"open","ping_status":"closed","template":"","meta":[],"product_brand":[52],"product_cat":[51],"product_tag":[],"class_list":{"0":"post-611","1":"product","2":"type-product","3":"status-publish","4":"has-post-thumbnail","6":"product_brand-guo_ren_shi_ke","7":"product_cat-dried_fruits_and_preserves","9":"first","10":"instock","11":"shipping-taxable","12":"product-type-simple"},"yoast_head":"<!-- This site is optimized with the Yoast SEO Premium plugin v25.8 (Yoast SEO v25.8) - https:\/\/yoast.com\/wordpress\/plugins\/seo\/ -->\n<title>Dried Mulberries - Jiushidao - Global Food Marketplace for Business Growth and Cosumers<\/title>\n<meta name=\"robots\" content=\"index, follow, max-snippet:-1, max-image-preview:large, max-video-preview:-1\" \/>\n<link rel=\"canonical\" href=\"https:\/\/jiushidao.com\/es\/producto\/dried-mulberries\/\" \/>\n<meta property=\"og:locale\" content=\"es_ES\" \/>\n<meta property=\"og:type\" content=\"article\" \/>\n<meta property=\"og:title\" content=\"Dried Mulberries\" \/>\n<meta property=\"og:description\" content=\"Pure Mulberries: Nature&#8217;s Sweet-Tart Treasure\u200b\u200b Harvested from mulberry trees aged 10 years or older, these deeply flavorful berries are carefully picked by hand and dried at [\u2026]\" \/>\n<meta property=\"og:url\" content=\"https:\/\/jiushidao.com\/es\/producto\/dried-mulberries\/\" \/>\n<meta property=\"og:site_name\" content=\"Jiushidao - Global Food Marketplace for Business Growth and Cosumers\" \/>\n<meta property=\"article:modified_time\" content=\"2025-10-30T15:18:44+00:00\" \/>\n<meta property=\"og:image\" content=\"https:\/\/jiushidao.com\/wp-content\/uploads\/2025\/10\/9.png\" \/>\n\t<meta property=\"og:image:width\" content=\"588\" \/>\n\t<meta property=\"og:image:height\" content=\"669\" \/>\n\t<meta property=\"og:image:type\" content=\"image\/png\" \/>\n<meta name=\"twitter:card\" content=\"summary_large_image\" \/>\n<meta name=\"twitter:label1\" content=\"Tiempo de lectura\" \/>\n\t<meta name=\"twitter:data1\" content=\"1 minuto\" \/>\n<script type=\"application\/ld+json\" class=\"yoast-schema-graph\">{\"@context\":\"https:\/\/schema.org\",\"@graph\":[{\"@type\":\"WebPage\",\"@id\":\"https:\/\/jiushidao.com\/product\/dried-mulberries\/\",\"url\":\"https:\/\/jiushidao.com\/product\/dried-mulberries\/\",\"name\":\"Dried Mulberries - Jiushidao - Global Food Marketplace for Business Growth and Cosumers\",\"isPartOf\":{\"@id\":\"https:\/\/jiushidao.com\/#website\"},\"primaryImageOfPage\":{\"@id\":\"https:\/\/jiushidao.com\/product\/dried-mulberries\/#primaryimage\"},\"image\":{\"@id\":\"https:\/\/jiushidao.com\/product\/dried-mulberries\/#primaryimage\"},\"thumbnailUrl\":\"https:\/\/jiushidao.com\/wp-content\/uploads\/2025\/10\/9.png\",\"datePublished\":\"2025-10-29T08:01:20+00:00\",\"dateModified\":\"2025-10-30T15:18:44+00:00\",\"breadcrumb\":{\"@id\":\"https:\/\/jiushidao.com\/product\/dried-mulberries\/#breadcrumb\"},\"inLanguage\":\"es\",\"potentialAction\":[{\"@type\":\"ReadAction\",\"target\":[\"https:\/\/jiushidao.com\/product\/dried-mulberries\/\"]}]},{\"@type\":\"ImageObject\",\"inLanguage\":\"es\",\"@id\":\"https:\/\/jiushidao.com\/product\/dried-mulberries\/#primaryimage\",\"url\":\"https:\/\/jiushidao.com\/wp-content\/uploads\/2025\/10\/9.png\",\"contentUrl\":\"https:\/\/jiushidao.com\/wp-content\/uploads\/2025\/10\/9.png\",\"width\":588,\"height\":669},{\"@type\":\"BreadcrumbList\",\"@id\":\"https:\/\/jiushidao.com\/product\/dried-mulberries\/#breadcrumb\",\"itemListElement\":[{\"@type\":\"ListItem\",\"position\":1,\"name\":\"Home\",\"item\":\"https:\/\/jiushidao.com\/\"},{\"@type\":\"ListItem\",\"position\":2,\"name\":\"Store\",\"item\":\"https:\/\/jiushidao.com\/store\/\"},{\"@type\":\"ListItem\",\"position\":3,\"name\":\"Dried Mulberries\"}]},{\"@type\":\"WebSite\",\"@id\":\"https:\/\/jiushidao.com\/#website\",\"url\":\"https:\/\/jiushidao.com\/\",\"name\":\"Jiushidao - Global Food Marketplace for Business Growth and Cosumers\",\"description\":\"Jiushidao - Global Food Marketplace for Business Growth and Cosumers\",\"potentialAction\":[{\"@type\":\"SearchAction\",\"target\":{\"@type\":\"EntryPoint\",\"urlTemplate\":\"https:\/\/jiushidao.com\/?s={search_term_string}\"},\"query-input\":{\"@type\":\"PropertyValueSpecification\",\"valueRequired\":true,\"valueName\":\"search_term_string\"}}],\"inLanguage\":\"es\"}]}<\/script>\n<!-- \/ Yoast SEO Premium plugin. -->","yoast_head_json":{"title":"Dried Mulberries - Jiushidao - Global Food Marketplace for Business Growth and Cosumers","robots":{"index":"index","follow":"follow","max-snippet":"max-snippet:-1","max-image-preview":"max-image-preview:large","max-video-preview":"max-video-preview:-1"},"canonical":"https:\/\/jiushidao.com\/es\/producto\/dried-mulberries\/","og_locale":"es_ES","og_type":"article","og_title":"Dried Mulberries","og_description":"Pure Mulberries: Nature&#8217;s Sweet-Tart Treasure\u200b\u200b Harvested from mulberry trees aged 10 years or older, these deeply flavorful berries are carefully picked by hand and dried at [\u2026]","og_url":"https:\/\/jiushidao.com\/es\/producto\/dried-mulberries\/","og_site_name":"Jiushidao - Global Food Marketplace for Business Growth and Cosumers","article_modified_time":"2025-10-30T15:18:44+00:00","og_image":[{"width":588,"height":669,"url":"https:\/\/jiushidao.com\/wp-content\/uploads\/2025\/10\/9.png","type":"image\/png"}],"twitter_card":"summary_large_image","twitter_misc":{"Tiempo de lectura":"1 minuto"},"schema":{"@context":"https:\/\/schema.org","@graph":[{"@type":"WebPage","@id":"https:\/\/jiushidao.com\/product\/dried-mulberries\/","url":"https:\/\/jiushidao.com\/product\/dried-mulberries\/","name":"Dried Mulberries - Jiushidao - Global Food Marketplace for Business Growth and Cosumers","isPartOf":{"@id":"https:\/\/jiushidao.com\/#website"},"primaryImageOfPage":{"@id":"https:\/\/jiushidao.com\/product\/dried-mulberries\/#primaryimage"},"image":{"@id":"https:\/\/jiushidao.com\/product\/dried-mulberries\/#primaryimage"},"thumbnailUrl":"https:\/\/jiushidao.com\/wp-content\/uploads\/2025\/10\/9.png","datePublished":"2025-10-29T08:01:20+00:00","dateModified":"2025-10-30T15:18:44+00:00","breadcrumb":{"@id":"https:\/\/jiushidao.com\/product\/dried-mulberries\/#breadcrumb"},"inLanguage":"es","potentialAction":[{"@type":"ReadAction","target":["https:\/\/jiushidao.com\/product\/dried-mulberries\/"]}]},{"@type":"ImageObject","inLanguage":"es","@id":"https:\/\/jiushidao.com\/product\/dried-mulberries\/#primaryimage","url":"https:\/\/jiushidao.com\/wp-content\/uploads\/2025\/10\/9.png","contentUrl":"https:\/\/jiushidao.com\/wp-content\/uploads\/2025\/10\/9.png","width":588,"height":669},{"@type":"BreadcrumbList","@id":"https:\/\/jiushidao.com\/product\/dried-mulberries\/#breadcrumb","itemListElement":[{"@type":"ListItem","position":1,"name":"Home","item":"https:\/\/jiushidao.com\/"},{"@type":"ListItem","position":2,"name":"Store","item":"https:\/\/jiushidao.com\/store\/"},{"@type":"ListItem","position":3,"name":"Dried Mulberries"}]},{"@type":"WebSite","@id":"https:\/\/jiushidao.com\/#website","url":"https:\/\/jiushidao.com\/","name":"Jiushidao - Global Food Marketplace for Business Growth and Cosumers","description":"Jiushidao - Global Food Marketplace for Business Growth and Cosumers","potentialAction":[{"@type":"SearchAction","target":{"@type":"EntryPoint","urlTemplate":"https:\/\/jiushidao.com\/?s={search_term_string}"},"query-input":{"@type":"PropertyValueSpecification","valueRequired":true,"valueName":"search_term_string"}}],"inLanguage":"es"}]}},"_links":{"self":[{"href":"https:\/\/jiushidao.com\/es\/wp-json\/wp\/v2\/product\/611","targetHints":{"allow":["GET"]}}],"collection":[{"href":"https:\/\/jiushidao.com\/es\/wp-json\/wp\/v2\/product"}],"about":[{"href":"https:\/\/jiushidao.com\/es\/wp-json\/wp\/v2\/types\/product"}],"replies":[{"embeddable":true,"href":"https:\/\/jiushidao.com\/es\/wp-json\/wp\/v2\/comments?post=611"}],"version-history":[{"count":3,"href":"https:\/\/jiushidao.com\/es\/wp-json\/wp\/v2\/product\/611\/revisions"}],"predecessor-version":[{"id":785,"href":"https:\/\/jiushidao.com\/es\/wp-json\/wp\/v2\/product\/611\/revisions\/785"}],"wp:featuredmedia":[{"embeddable":true,"href":"https:\/\/jiushidao.com\/es\/wp-json\/wp\/v2\/media\/612"}],"wp:attachment":[{"href":"https:\/\/jiushidao.com\/es\/wp-json\/wp\/v2\/media?parent=611"}],"wp:term":[{"taxonomy":"product_brand","embeddable":true,"href":"https:\/\/jiushidao.com\/es\/wp-json\/wp\/v2\/product_brand?post=611"},{"taxonomy":"product_cat","embeddable":true,"href":"https:\/\/jiushidao.com\/es\/wp-json\/wp\/v2\/product_cat?post=611"},{"taxonomy":"product_tag","embeddable":true,"href":"https:\/\/jiushidao.com\/es\/wp-json\/wp\/v2\/product_tag?post=611"}],"curies":[{"name":"wp","href":"https:\/\/api.w.org\/{rel}","templated":true}]}}