{"id":605,"date":"2025-10-29T07:57:59","date_gmt":"2025-10-29T07:57:59","guid":{"rendered":"https:\/\/jiushidao.com\/?post_type=product&#038;p=605"},"modified":"2025-10-30T23:36:00","modified_gmt":"2025-10-30T23:36:00","slug":"red-xiangfei-raisins","status":"publish","type":"product","link":"https:\/\/jiushidao.com\/es\/producto\/red-xiangfei-raisins\/","title":{"rendered":"Pasas rojas Xiangfei"},"content":{"rendered":"<section class=\"ybc-p\"><strong>Pasas Kashgar secadas al sol de forma natural: Joyas de rub\u00ed del oeste de China<\/strong><\/section>\n<section class=\"ybc-p\">Cultivadas en el singular terru\u00f1o de Kashgar, Xinjiang, estas uvas maduran bajo la intensa luz solar y las dr\u00e1sticas variaciones de temperatura diurnas, desarrollando una dulzura y complejidad excepcionales. Cada pasa luce un color rojo rub\u00ed transl\u00facido, una forma alargada y una uniformidad notable.<\/section>\n<section class=\"ybc-p\">Secadas al sol a la perfecci\u00f3n, estas pasas sin semillas presentan una textura tierna pero firme y un dulzor intenso similar al caramelo. Su rico aroma y sabor puro y concentrado las convierten en un exquisito tentempi\u00e9, ideales para consumir directamente del paquete, adem\u00e1s de realzar el sabor de productos horneados, cereales y platos salados.<\/section>\n<section class=\"ybc-p\"><strong>Caracter\u00edsticas principales:<\/strong><\/section>\n<ul class=\"ybc-ul-component\">\n<li class=\"ybc-li-component ybc-li-component_ul\">\n<section class=\"ybc-p\"><strong>Terroir ideal:<\/strong>La intensa luz solar de Kashgar y las significativas variaciones de temperatura entre el d\u00eda y la noche producen una dulzura superior.<\/section>\n<\/li>\n<li class=\"ybc-li-component ybc-li-component_ul\">\n<section class=\"ybc-p\"><strong>Selecci\u00f3n Premium:<\/strong>Pasas alargadas, sin semillas, de tama\u00f1o uniforme y color rojo rub\u00ed transl\u00facido.<\/section>\n<\/li>\n<li class=\"ybc-li-component ybc-li-component_ul\">\n<section class=\"ybc-p\"><strong>Secado natural al sol:<\/strong>Secado suavemente para preservar una textura suave y carnosa y un sabor intenso.<\/section>\n<\/li>\n<li class=\"ybc-li-component ybc-li-component_ul\">\n<section class=\"ybc-p\"><strong>Uso vers\u00e1til:<\/strong>Perfecto para picar, hornear, cocinar y para tablas de embutidos.<\/section>\n<\/li>\n<\/ul>","protected":false},"excerpt":{"rendered":"<p>Pasas secadas al sol de Kashgar: Joyas rub\u00ed del oeste de China. Cultivadas en el terru\u00f1o \u00fanico de Kashgar, Xinjiang, estas uvas maduran bajo la intensa luz solar y las dram\u00e1ticas variaciones diurnas.<span class=\"excerpt-hellip\"> [\u2026]<\/span><\/p>","protected":false},"featured_media":606,"comment_status":"open","ping_status":"closed","template":"","meta":[],"product_brand":[52],"product_cat":[51],"product_tag":[],"class_list":{"0":"post-605","1":"product","2":"type-product","3":"status-publish","4":"has-post-thumbnail","6":"product_brand-guo_ren_shi_ke","7":"product_cat-dried_fruits_and_preserves","9":"first","10":"instock","11":"shipping-taxable","12":"product-type-simple"},"yoast_head":"<!-- This site is optimized with the Yoast SEO Premium plugin v25.8 (Yoast SEO v25.8) - https:\/\/yoast.com\/wordpress\/plugins\/seo\/ -->\n<title>Red Xiangfei Raisins - Jiushidao - Global Food Marketplace for Business Growth and Cosumers<\/title>\n<meta name=\"robots\" content=\"index, follow, max-snippet:-1, max-image-preview:large, max-video-preview:-1\" \/>\n<link rel=\"canonical\" href=\"https:\/\/jiushidao.com\/es\/producto\/red-xiangfei-raisins\/\" \/>\n<meta property=\"og:locale\" content=\"es_ES\" \/>\n<meta property=\"og:type\" content=\"article\" \/>\n<meta property=\"og:title\" content=\"Red Xiangfei Raisins\" \/>\n<meta property=\"og:description\" content=\"Kashgar Natural Sun-Dried Raisins: Ruby Jewels from Western China Nurtured in the unique terroir of Kashgar, Xinjiang, these grapes ripen under intense sunlight and dramatic diurnal [\u2026]\" \/>\n<meta property=\"og:url\" content=\"https:\/\/jiushidao.com\/es\/producto\/red-xiangfei-raisins\/\" \/>\n<meta property=\"og:site_name\" content=\"Jiushidao - Global Food Marketplace for Business Growth and Cosumers\" \/>\n<meta property=\"article:modified_time\" content=\"2025-10-30T23:36:00+00:00\" \/>\n<meta property=\"og:image\" content=\"https:\/\/jiushidao.com\/wp-content\/uploads\/2025\/10\/7.png\" \/>\n\t<meta property=\"og:image:width\" content=\"1600\" \/>\n\t<meta property=\"og:image:height\" content=\"1600\" \/>\n\t<meta property=\"og:image:type\" content=\"image\/png\" \/>\n<meta name=\"twitter:card\" content=\"summary_large_image\" \/>\n<meta name=\"twitter:label1\" content=\"Tiempo de lectura\" \/>\n\t<meta name=\"twitter:data1\" content=\"1 minuto\" \/>\n<script type=\"application\/ld+json\" class=\"yoast-schema-graph\">{\"@context\":\"https:\/\/schema.org\",\"@graph\":[{\"@type\":\"WebPage\",\"@id\":\"https:\/\/jiushidao.com\/product\/red-xiangfei-raisins\/\",\"url\":\"https:\/\/jiushidao.com\/product\/red-xiangfei-raisins\/\",\"name\":\"Red Xiangfei Raisins - Jiushidao - Global Food Marketplace for Business Growth and Cosumers\",\"isPartOf\":{\"@id\":\"https:\/\/jiushidao.com\/#website\"},\"primaryImageOfPage\":{\"@id\":\"https:\/\/jiushidao.com\/product\/red-xiangfei-raisins\/#primaryimage\"},\"image\":{\"@id\":\"https:\/\/jiushidao.com\/product\/red-xiangfei-raisins\/#primaryimage\"},\"thumbnailUrl\":\"https:\/\/jiushidao.com\/wp-content\/uploads\/2025\/10\/7.png\",\"datePublished\":\"2025-10-29T07:57:59+00:00\",\"dateModified\":\"2025-10-30T23:36:00+00:00\",\"breadcrumb\":{\"@id\":\"https:\/\/jiushidao.com\/product\/red-xiangfei-raisins\/#breadcrumb\"},\"inLanguage\":\"es\",\"potentialAction\":[{\"@type\":\"ReadAction\",\"target\":[\"https:\/\/jiushidao.com\/product\/red-xiangfei-raisins\/\"]}]},{\"@type\":\"ImageObject\",\"inLanguage\":\"es\",\"@id\":\"https:\/\/jiushidao.com\/product\/red-xiangfei-raisins\/#primaryimage\",\"url\":\"https:\/\/jiushidao.com\/wp-content\/uploads\/2025\/10\/7.png\",\"contentUrl\":\"https:\/\/jiushidao.com\/wp-content\/uploads\/2025\/10\/7.png\",\"width\":1600,\"height\":1600},{\"@type\":\"BreadcrumbList\",\"@id\":\"https:\/\/jiushidao.com\/product\/red-xiangfei-raisins\/#breadcrumb\",\"itemListElement\":[{\"@type\":\"ListItem\",\"position\":1,\"name\":\"Home\",\"item\":\"https:\/\/jiushidao.com\/\"},{\"@type\":\"ListItem\",\"position\":2,\"name\":\"Store\",\"item\":\"https:\/\/jiushidao.com\/store\/\"},{\"@type\":\"ListItem\",\"position\":3,\"name\":\"Red Xiangfei Raisins\"}]},{\"@type\":\"WebSite\",\"@id\":\"https:\/\/jiushidao.com\/#website\",\"url\":\"https:\/\/jiushidao.com\/\",\"name\":\"Jiushidao - Global Food Marketplace for Business Growth and Cosumers\",\"description\":\"Jiushidao - Global Food Marketplace for Business Growth and Cosumers\",\"potentialAction\":[{\"@type\":\"SearchAction\",\"target\":{\"@type\":\"EntryPoint\",\"urlTemplate\":\"https:\/\/jiushidao.com\/?s={search_term_string}\"},\"query-input\":{\"@type\":\"PropertyValueSpecification\",\"valueRequired\":true,\"valueName\":\"search_term_string\"}}],\"inLanguage\":\"es\"}]}<\/script>\n<!-- \/ Yoast SEO Premium plugin. -->","yoast_head_json":{"title":"Red Xiangfei Raisins - Jiushidao - Global Food Marketplace for Business Growth and Cosumers","robots":{"index":"index","follow":"follow","max-snippet":"max-snippet:-1","max-image-preview":"max-image-preview:large","max-video-preview":"max-video-preview:-1"},"canonical":"https:\/\/jiushidao.com\/es\/producto\/red-xiangfei-raisins\/","og_locale":"es_ES","og_type":"article","og_title":"Red Xiangfei Raisins","og_description":"Kashgar Natural Sun-Dried Raisins: Ruby Jewels from Western China Nurtured in the unique terroir of Kashgar, Xinjiang, these grapes ripen under intense sunlight and dramatic diurnal [\u2026]","og_url":"https:\/\/jiushidao.com\/es\/producto\/red-xiangfei-raisins\/","og_site_name":"Jiushidao - Global Food Marketplace for Business Growth and Cosumers","article_modified_time":"2025-10-30T23:36:00+00:00","og_image":[{"width":1600,"height":1600,"url":"https:\/\/jiushidao.com\/wp-content\/uploads\/2025\/10\/7.png","type":"image\/png"}],"twitter_card":"summary_large_image","twitter_misc":{"Tiempo de lectura":"1 minuto"},"schema":{"@context":"https:\/\/schema.org","@graph":[{"@type":"WebPage","@id":"https:\/\/jiushidao.com\/product\/red-xiangfei-raisins\/","url":"https:\/\/jiushidao.com\/product\/red-xiangfei-raisins\/","name":"Red Xiangfei Raisins - Jiushidao - Global Food Marketplace for Business Growth and Cosumers","isPartOf":{"@id":"https:\/\/jiushidao.com\/#website"},"primaryImageOfPage":{"@id":"https:\/\/jiushidao.com\/product\/red-xiangfei-raisins\/#primaryimage"},"image":{"@id":"https:\/\/jiushidao.com\/product\/red-xiangfei-raisins\/#primaryimage"},"thumbnailUrl":"https:\/\/jiushidao.com\/wp-content\/uploads\/2025\/10\/7.png","datePublished":"2025-10-29T07:57:59+00:00","dateModified":"2025-10-30T23:36:00+00:00","breadcrumb":{"@id":"https:\/\/jiushidao.com\/product\/red-xiangfei-raisins\/#breadcrumb"},"inLanguage":"es","potentialAction":[{"@type":"ReadAction","target":["https:\/\/jiushidao.com\/product\/red-xiangfei-raisins\/"]}]},{"@type":"ImageObject","inLanguage":"es","@id":"https:\/\/jiushidao.com\/product\/red-xiangfei-raisins\/#primaryimage","url":"https:\/\/jiushidao.com\/wp-content\/uploads\/2025\/10\/7.png","contentUrl":"https:\/\/jiushidao.com\/wp-content\/uploads\/2025\/10\/7.png","width":1600,"height":1600},{"@type":"BreadcrumbList","@id":"https:\/\/jiushidao.com\/product\/red-xiangfei-raisins\/#breadcrumb","itemListElement":[{"@type":"ListItem","position":1,"name":"Home","item":"https:\/\/jiushidao.com\/"},{"@type":"ListItem","position":2,"name":"Store","item":"https:\/\/jiushidao.com\/store\/"},{"@type":"ListItem","position":3,"name":"Red Xiangfei Raisins"}]},{"@type":"WebSite","@id":"https:\/\/jiushidao.com\/#website","url":"https:\/\/jiushidao.com\/","name":"Jiushidao - Global Food Marketplace for Business Growth and Cosumers","description":"Jiushidao - Global Food Marketplace for Business Growth and Cosumers","potentialAction":[{"@type":"SearchAction","target":{"@type":"EntryPoint","urlTemplate":"https:\/\/jiushidao.com\/?s={search_term_string}"},"query-input":{"@type":"PropertyValueSpecification","valueRequired":true,"valueName":"search_term_string"}}],"inLanguage":"es"}]}},"_links":{"self":[{"href":"https:\/\/jiushidao.com\/es\/wp-json\/wp\/v2\/product\/605","targetHints":{"allow":["GET"]}}],"collection":[{"href":"https:\/\/jiushidao.com\/es\/wp-json\/wp\/v2\/product"}],"about":[{"href":"https:\/\/jiushidao.com\/es\/wp-json\/wp\/v2\/types\/product"}],"replies":[{"embeddable":true,"href":"https:\/\/jiushidao.com\/es\/wp-json\/wp\/v2\/comments?post=605"}],"version-history":[{"count":3,"href":"https:\/\/jiushidao.com\/es\/wp-json\/wp\/v2\/product\/605\/revisions"}],"predecessor-version":[{"id":799,"href":"https:\/\/jiushidao.com\/es\/wp-json\/wp\/v2\/product\/605\/revisions\/799"}],"wp:featuredmedia":[{"embeddable":true,"href":"https:\/\/jiushidao.com\/es\/wp-json\/wp\/v2\/media\/606"}],"wp:attachment":[{"href":"https:\/\/jiushidao.com\/es\/wp-json\/wp\/v2\/media?parent=605"}],"wp:term":[{"taxonomy":"product_brand","embeddable":true,"href":"https:\/\/jiushidao.com\/es\/wp-json\/wp\/v2\/product_brand?post=605"},{"taxonomy":"product_cat","embeddable":true,"href":"https:\/\/jiushidao.com\/es\/wp-json\/wp\/v2\/product_cat?post=605"},{"taxonomy":"product_tag","embeddable":true,"href":"https:\/\/jiushidao.com\/es\/wp-json\/wp\/v2\/product_tag?post=605"}],"curies":[{"name":"wp","href":"https:\/\/api.w.org\/{rel}","templated":true}]}}