{"id":599,"date":"2025-10-29T07:54:13","date_gmt":"2025-10-29T07:54:13","guid":{"rendered":"https:\/\/jiushidao.com\/?post_type=product&#038;p=599"},"modified":"2025-10-31T00:05:57","modified_gmt":"2025-10-31T00:05:57","slug":"dried-xinmei-plums","status":"publish","type":"product","link":"https:\/\/jiushidao.com\/es\/producto\/dried-xinmei-plums\/","title":{"rendered":"Ciruelas Xinmei secas"},"content":{"rendered":"<section class=\"ybc-p\"><strong>Ciruelas secas naturales de Kashgar: dulzura de un oasis soleado<\/strong><\/section>\n<section class=\"ybc-p\">Elaboradas con ciruelas de primera calidad cultivadas en el condado de Jiashi, Kashgar, estas frutas deshidratadas se secan cuidadosamente al sol para preservar su rico sabor y nutrientes. Cada ciruela es carnosa y llena, con una piel de color morado intenso cubierta con una floraci\u00f3n natural similar a la escarcha. Muerda su pulpa suave y masticable para experimentar un equilibrio perfecto de notas dulces y \u00e1cidas, con un intenso aroma a ciruela que perdura agradablemente.<\/section>\n<section class=\"ybc-p\">Repletas de fibra diet\u00e9tica, vitaminas y minerales, estas ciruelas pasas favorecen la digesti\u00f3n y aportan un aporte energ\u00e9tico natural. Son un refrigerio delicioso y saludable para cualquier momento del d\u00eda, que te acerca el sabor de la tierra f\u00e9rtil de Xinjiang.<\/section>\n<section class=\"ybc-p\"><strong>Caracter\u00edsticas principales:<\/strong><\/section>\n<ul class=\"ybc-ul-component\">\n<li class=\"ybc-li-component ybc-li-component_ul\">\n<section class=\"ybc-p\"><strong>Pura bondad secada al sol:<\/strong>Secado naturalmente sin aditivos ni conservantes.<\/section>\n<\/li>\n<li class=\"ybc-li-component ybc-li-component_ul\">\n<section class=\"ybc-p\"><strong>Rico sabor y aroma:<\/strong>Sabor agridulce con una fragancia afrutada profunda.<\/section>\n<\/li>\n<li class=\"ybc-li-component ybc-li-component_ul\">\n<section class=\"ybc-p\"><strong>Textura suave y masticable:<\/strong>Carne tierna que satisface comer.<\/section>\n<\/li>\n<li class=\"ybc-li-component ybc-li-component_ul\">\n<section class=\"ybc-p\"><strong>Rico en nutrientes:<\/strong>Alto en fibra, vitaminas y minerales para el bienestar digestivo.<\/section>\n<\/li>\n<\/ul>","protected":false},"excerpt":{"rendered":"<p>Ciruelas secas naturales de Kashgar: dulzura de un oasis ba\u00f1ado por el sol Elaboradas con ciruelas de primera calidad cultivadas en el condado de Jiashi, Kashgar, estas frutas secas se secan cuidadosamente al sol para conservarlas.<span class=\"excerpt-hellip\"> [\u2026]<\/span><\/p>","protected":false},"featured_media":600,"comment_status":"open","ping_status":"closed","template":"","meta":[],"product_brand":[],"product_cat":[51],"product_tag":[],"class_list":{"0":"post-599","1":"product","2":"type-product","3":"status-publish","4":"has-post-thumbnail","6":"product_cat-dried_fruits_and_preserves","8":"first","9":"instock","10":"shipping-taxable","11":"product-type-simple"},"yoast_head":"<!-- This site is optimized with the Yoast SEO Premium plugin v25.8 (Yoast SEO v25.8) - https:\/\/yoast.com\/wordpress\/plugins\/seo\/ -->\n<title>Dried Xinmei Plums - Jiushidao - Global Food Marketplace for Business Growth and Cosumers<\/title>\n<meta name=\"robots\" content=\"index, follow, max-snippet:-1, max-image-preview:large, max-video-preview:-1\" \/>\n<link rel=\"canonical\" href=\"https:\/\/jiushidao.com\/es\/producto\/dried-xinmei-plums\/\" \/>\n<meta property=\"og:locale\" content=\"es_ES\" \/>\n<meta property=\"og:type\" content=\"article\" \/>\n<meta property=\"og:title\" content=\"Dried Xinmei Plums\" \/>\n<meta property=\"og:description\" content=\"Kashgar Natural Dried Plums: Sweetness from the Sun-Drenched Oasis Made from premium plums grown in Jiashi County, Kashgar, these dried fruits are carefully sun-dried to preserve [\u2026]\" \/>\n<meta property=\"og:url\" content=\"https:\/\/jiushidao.com\/es\/producto\/dried-xinmei-plums\/\" \/>\n<meta property=\"og:site_name\" content=\"Jiushidao - Global Food Marketplace for Business Growth and Cosumers\" \/>\n<meta property=\"article:modified_time\" content=\"2025-10-31T00:05:57+00:00\" \/>\n<meta property=\"og:image\" content=\"https:\/\/jiushidao.com\/wp-content\/uploads\/2025\/10\/5.png\" \/>\n\t<meta property=\"og:image:width\" content=\"143\" \/>\n\t<meta property=\"og:image:height\" content=\"144\" \/>\n\t<meta property=\"og:image:type\" content=\"image\/png\" \/>\n<meta name=\"twitter:card\" content=\"summary_large_image\" \/>\n<meta name=\"twitter:label1\" content=\"Tiempo de lectura\" \/>\n\t<meta name=\"twitter:data1\" content=\"1 minuto\" \/>\n<script type=\"application\/ld+json\" class=\"yoast-schema-graph\">{\"@context\":\"https:\/\/schema.org\",\"@graph\":[{\"@type\":\"WebPage\",\"@id\":\"https:\/\/jiushidao.com\/product\/dried-xinmei-plums\/\",\"url\":\"https:\/\/jiushidao.com\/product\/dried-xinmei-plums\/\",\"name\":\"Dried Xinmei Plums - Jiushidao - Global Food Marketplace for Business Growth and Cosumers\",\"isPartOf\":{\"@id\":\"https:\/\/jiushidao.com\/#website\"},\"primaryImageOfPage\":{\"@id\":\"https:\/\/jiushidao.com\/product\/dried-xinmei-plums\/#primaryimage\"},\"image\":{\"@id\":\"https:\/\/jiushidao.com\/product\/dried-xinmei-plums\/#primaryimage\"},\"thumbnailUrl\":\"https:\/\/jiushidao.com\/wp-content\/uploads\/2025\/10\/5.png\",\"datePublished\":\"2025-10-29T07:54:13+00:00\",\"dateModified\":\"2025-10-31T00:05:57+00:00\",\"breadcrumb\":{\"@id\":\"https:\/\/jiushidao.com\/product\/dried-xinmei-plums\/#breadcrumb\"},\"inLanguage\":\"es\",\"potentialAction\":[{\"@type\":\"ReadAction\",\"target\":[\"https:\/\/jiushidao.com\/product\/dried-xinmei-plums\/\"]}]},{\"@type\":\"ImageObject\",\"inLanguage\":\"es\",\"@id\":\"https:\/\/jiushidao.com\/product\/dried-xinmei-plums\/#primaryimage\",\"url\":\"https:\/\/jiushidao.com\/wp-content\/uploads\/2025\/10\/5.png\",\"contentUrl\":\"https:\/\/jiushidao.com\/wp-content\/uploads\/2025\/10\/5.png\",\"width\":143,\"height\":144},{\"@type\":\"BreadcrumbList\",\"@id\":\"https:\/\/jiushidao.com\/product\/dried-xinmei-plums\/#breadcrumb\",\"itemListElement\":[{\"@type\":\"ListItem\",\"position\":1,\"name\":\"Home\",\"item\":\"https:\/\/jiushidao.com\/\"},{\"@type\":\"ListItem\",\"position\":2,\"name\":\"Store\",\"item\":\"https:\/\/jiushidao.com\/store\/\"},{\"@type\":\"ListItem\",\"position\":3,\"name\":\"Dried Xinmei Plums\"}]},{\"@type\":\"WebSite\",\"@id\":\"https:\/\/jiushidao.com\/#website\",\"url\":\"https:\/\/jiushidao.com\/\",\"name\":\"Jiushidao - Global Food Marketplace for Business Growth and Cosumers\",\"description\":\"Jiushidao - Global Food Marketplace for Business Growth and Cosumers\",\"potentialAction\":[{\"@type\":\"SearchAction\",\"target\":{\"@type\":\"EntryPoint\",\"urlTemplate\":\"https:\/\/jiushidao.com\/?s={search_term_string}\"},\"query-input\":{\"@type\":\"PropertyValueSpecification\",\"valueRequired\":true,\"valueName\":\"search_term_string\"}}],\"inLanguage\":\"es\"}]}<\/script>\n<!-- \/ Yoast SEO Premium plugin. -->","yoast_head_json":{"title":"Dried Xinmei Plums - Jiushidao - Global Food Marketplace for Business Growth and Cosumers","robots":{"index":"index","follow":"follow","max-snippet":"max-snippet:-1","max-image-preview":"max-image-preview:large","max-video-preview":"max-video-preview:-1"},"canonical":"https:\/\/jiushidao.com\/es\/producto\/dried-xinmei-plums\/","og_locale":"es_ES","og_type":"article","og_title":"Dried Xinmei Plums","og_description":"Kashgar Natural Dried Plums: Sweetness from the Sun-Drenched Oasis Made from premium plums grown in Jiashi County, Kashgar, these dried fruits are carefully sun-dried to preserve [\u2026]","og_url":"https:\/\/jiushidao.com\/es\/producto\/dried-xinmei-plums\/","og_site_name":"Jiushidao - Global Food Marketplace for Business Growth and Cosumers","article_modified_time":"2025-10-31T00:05:57+00:00","og_image":[{"width":143,"height":144,"url":"https:\/\/jiushidao.com\/wp-content\/uploads\/2025\/10\/5.png","type":"image\/png"}],"twitter_card":"summary_large_image","twitter_misc":{"Tiempo de lectura":"1 minuto"},"schema":{"@context":"https:\/\/schema.org","@graph":[{"@type":"WebPage","@id":"https:\/\/jiushidao.com\/product\/dried-xinmei-plums\/","url":"https:\/\/jiushidao.com\/product\/dried-xinmei-plums\/","name":"Dried Xinmei Plums - Jiushidao - Global Food Marketplace for Business Growth and Cosumers","isPartOf":{"@id":"https:\/\/jiushidao.com\/#website"},"primaryImageOfPage":{"@id":"https:\/\/jiushidao.com\/product\/dried-xinmei-plums\/#primaryimage"},"image":{"@id":"https:\/\/jiushidao.com\/product\/dried-xinmei-plums\/#primaryimage"},"thumbnailUrl":"https:\/\/jiushidao.com\/wp-content\/uploads\/2025\/10\/5.png","datePublished":"2025-10-29T07:54:13+00:00","dateModified":"2025-10-31T00:05:57+00:00","breadcrumb":{"@id":"https:\/\/jiushidao.com\/product\/dried-xinmei-plums\/#breadcrumb"},"inLanguage":"es","potentialAction":[{"@type":"ReadAction","target":["https:\/\/jiushidao.com\/product\/dried-xinmei-plums\/"]}]},{"@type":"ImageObject","inLanguage":"es","@id":"https:\/\/jiushidao.com\/product\/dried-xinmei-plums\/#primaryimage","url":"https:\/\/jiushidao.com\/wp-content\/uploads\/2025\/10\/5.png","contentUrl":"https:\/\/jiushidao.com\/wp-content\/uploads\/2025\/10\/5.png","width":143,"height":144},{"@type":"BreadcrumbList","@id":"https:\/\/jiushidao.com\/product\/dried-xinmei-plums\/#breadcrumb","itemListElement":[{"@type":"ListItem","position":1,"name":"Home","item":"https:\/\/jiushidao.com\/"},{"@type":"ListItem","position":2,"name":"Store","item":"https:\/\/jiushidao.com\/store\/"},{"@type":"ListItem","position":3,"name":"Dried Xinmei Plums"}]},{"@type":"WebSite","@id":"https:\/\/jiushidao.com\/#website","url":"https:\/\/jiushidao.com\/","name":"Jiushidao - Global Food Marketplace for Business Growth and Cosumers","description":"Jiushidao - Global Food Marketplace for Business Growth and Cosumers","potentialAction":[{"@type":"SearchAction","target":{"@type":"EntryPoint","urlTemplate":"https:\/\/jiushidao.com\/?s={search_term_string}"},"query-input":{"@type":"PropertyValueSpecification","valueRequired":true,"valueName":"search_term_string"}}],"inLanguage":"es"}]}},"_links":{"self":[{"href":"https:\/\/jiushidao.com\/es\/wp-json\/wp\/v2\/product\/599","targetHints":{"allow":["GET"]}}],"collection":[{"href":"https:\/\/jiushidao.com\/es\/wp-json\/wp\/v2\/product"}],"about":[{"href":"https:\/\/jiushidao.com\/es\/wp-json\/wp\/v2\/types\/product"}],"replies":[{"embeddable":true,"href":"https:\/\/jiushidao.com\/es\/wp-json\/wp\/v2\/comments?post=599"}],"version-history":[{"count":2,"href":"https:\/\/jiushidao.com\/es\/wp-json\/wp\/v2\/product\/599\/revisions"}],"predecessor-version":[{"id":798,"href":"https:\/\/jiushidao.com\/es\/wp-json\/wp\/v2\/product\/599\/revisions\/798"}],"wp:featuredmedia":[{"embeddable":true,"href":"https:\/\/jiushidao.com\/es\/wp-json\/wp\/v2\/media\/600"}],"wp:attachment":[{"href":"https:\/\/jiushidao.com\/es\/wp-json\/wp\/v2\/media?parent=599"}],"wp:term":[{"taxonomy":"product_brand","embeddable":true,"href":"https:\/\/jiushidao.com\/es\/wp-json\/wp\/v2\/product_brand?post=599"},{"taxonomy":"product_cat","embeddable":true,"href":"https:\/\/jiushidao.com\/es\/wp-json\/wp\/v2\/product_cat?post=599"},{"taxonomy":"product_tag","embeddable":true,"href":"https:\/\/jiushidao.com\/es\/wp-json\/wp\/v2\/product_tag?post=599"}],"curies":[{"name":"wp","href":"https:\/\/api.w.org\/{rel}","templated":true}]}}