{"id":596,"date":"2025-10-29T07:49:09","date_gmt":"2025-10-29T07:49:09","guid":{"rendered":"https:\/\/jiushidao.com\/?post_type=product&#038;p=596"},"modified":"2025-10-30T23:51:36","modified_gmt":"2025-10-30T23:51:36","slug":"crispy-date-slices","status":"publish","type":"product","link":"https:\/\/jiushidao.com\/es\/producto\/crispy-date-slices\/","title":{"rendered":"Rodajas de d\u00e1tiles crujientes"},"content":{"rendered":"<section class=\"ybc-p\"><strong>Rodajas crujientes de d\u00e1tiles rojos: La fusi\u00f3n perfecta de crujido y nutrici\u00f3n<\/strong><\/section>\n<section class=\"ybc-p\">Elaboradas con d\u00e1tiles rojos de primera calidad cuidadosamente seleccionados, estas finas rodajas se someten a m\u00faltiples rondas de clasificaci\u00f3n y procesamiento de precisi\u00f3n para lograr su textura ideal. Cada rodaja est\u00e1 cortada uniformemente, luciendo un color atractivo y una irresistible textura crujiente que crea un satisfactorio crujido en cada bocado. Si bien son deliciosamente crujientes, conservan a la perfecci\u00f3n el dulzor natural de los d\u00e1tiles rojos y son ricas en vitaminas y minerales, conocidos en la medicina tradicional por su capacidad para nutrir la vitalidad, favorecer la salud sangu\u00ednea y promover la calma.<\/section>\n<section class=\"ybc-p\">Disfr\u00fatalas solas como un delicioso tentempi\u00e9, o d\u00e9jalas en infusi\u00f3n en agua caliente para liberar su calor y dulzura en una bebida reconfortante.<\/section>\n<section class=\"ybc-p\"><strong>Caracter\u00edsticas principales:<\/strong><\/section>\n<ul class=\"ybc-ul-component\">\n<li class=\"ybc-li-component ybc-li-component_ul\">\n<section class=\"ybc-p\"><strong>Selecci\u00f3n y artesan\u00eda de primera calidad:<\/strong>Elaboradas con d\u00e1tiles rojos de alta calidad, meticulosamente cortados y procesados para lograr un grosor uniforme y una textura crujiente \u00f3ptima.<\/section>\n<\/li>\n<li class=\"ybc-li-component ybc-li-component_ul\">\n<section class=\"ybc-p\"><strong>Crujido satisfactorio:<\/strong>Ofrece una textura ligera y crujiente con un sabor dulce natural.<\/section>\n<\/li>\n<li class=\"ybc-li-component ybc-li-component_ul\">\n<section class=\"ybc-p\"><strong>Rico en nutrientes:<\/strong>Contiene vitaminas, minerales y beneficios tradicionales para el bienestar.<\/section>\n<\/li>\n<li class=\"ybc-li-component ybc-li-component_ul\">\n<section class=\"ybc-p\"><strong>Disfrute vers\u00e1til:<\/strong>Perfecto para picar o para preparar una bebida caliente y arom\u00e1tica.<\/section>\n<\/li>\n<\/ul>","protected":false},"excerpt":{"rendered":"<p>Rodajas crujientes de d\u00e1tiles rojos: La fusi\u00f3n perfecta de crujiente y nutritivo. Elaboradas con d\u00e1tiles rojos premium cuidadosamente seleccionados, estas finas rodajas se someten a m\u00faltiples rondas de clasificaci\u00f3n.<span class=\"excerpt-hellip\"> [\u2026]<\/span><\/p>","protected":false},"featured_media":597,"comment_status":"open","ping_status":"closed","template":"","meta":[],"product_brand":[52],"product_cat":[51],"product_tag":[],"class_list":{"0":"post-596","1":"product","2":"type-product","3":"status-publish","4":"has-post-thumbnail","6":"product_brand-guo_ren_shi_ke","7":"product_cat-dried_fruits_and_preserves","9":"first","10":"instock","11":"shipping-taxable","12":"product-type-simple"},"yoast_head":"<!-- This site is optimized with the Yoast SEO Premium plugin v25.8 (Yoast SEO v25.8) - https:\/\/yoast.com\/wordpress\/plugins\/seo\/ -->\n<title>Crispy Date Slices - Jiushidao - Global Food Marketplace for Business Growth and Cosumers<\/title>\n<meta name=\"robots\" content=\"index, follow, max-snippet:-1, max-image-preview:large, max-video-preview:-1\" \/>\n<link rel=\"canonical\" href=\"https:\/\/jiushidao.com\/es\/producto\/crispy-date-slices\/\" \/>\n<meta property=\"og:locale\" content=\"es_ES\" \/>\n<meta property=\"og:type\" content=\"article\" \/>\n<meta property=\"og:title\" content=\"Crispy Date Slices\" \/>\n<meta property=\"og:description\" content=\"Crispy Red Date Slices: The Perfect Fusion of Crunch and Nourishment Made from carefully selected premium red dates, these thin slices undergo multiple rounds of sorting [\u2026]\" \/>\n<meta property=\"og:url\" content=\"https:\/\/jiushidao.com\/es\/producto\/crispy-date-slices\/\" \/>\n<meta property=\"og:site_name\" content=\"Jiushidao - Global Food Marketplace for Business Growth and Cosumers\" \/>\n<meta property=\"article:modified_time\" content=\"2025-10-30T23:51:36+00:00\" \/>\n<meta property=\"og:image\" content=\"https:\/\/jiushidao.com\/wp-content\/uploads\/2025\/10\/4-1200x1200.png\" \/>\n\t<meta property=\"og:image:width\" content=\"1200\" \/>\n\t<meta property=\"og:image:height\" content=\"1200\" \/>\n\t<meta property=\"og:image:type\" content=\"image\/png\" \/>\n<meta name=\"twitter:card\" content=\"summary_large_image\" \/>\n<meta name=\"twitter:label1\" content=\"Tiempo de lectura\" \/>\n\t<meta name=\"twitter:data1\" content=\"1 minuto\" \/>\n<script type=\"application\/ld+json\" class=\"yoast-schema-graph\">{\"@context\":\"https:\/\/schema.org\",\"@graph\":[{\"@type\":\"WebPage\",\"@id\":\"https:\/\/jiushidao.com\/product\/crispy-date-slices\/\",\"url\":\"https:\/\/jiushidao.com\/product\/crispy-date-slices\/\",\"name\":\"Crispy Date Slices - Jiushidao - Global Food Marketplace for Business Growth and Cosumers\",\"isPartOf\":{\"@id\":\"https:\/\/jiushidao.com\/#website\"},\"primaryImageOfPage\":{\"@id\":\"https:\/\/jiushidao.com\/product\/crispy-date-slices\/#primaryimage\"},\"image\":{\"@id\":\"https:\/\/jiushidao.com\/product\/crispy-date-slices\/#primaryimage\"},\"thumbnailUrl\":\"https:\/\/jiushidao.com\/wp-content\/uploads\/2025\/10\/4.png\",\"datePublished\":\"2025-10-29T07:49:09+00:00\",\"dateModified\":\"2025-10-30T23:51:36+00:00\",\"breadcrumb\":{\"@id\":\"https:\/\/jiushidao.com\/product\/crispy-date-slices\/#breadcrumb\"},\"inLanguage\":\"es\",\"potentialAction\":[{\"@type\":\"ReadAction\",\"target\":[\"https:\/\/jiushidao.com\/product\/crispy-date-slices\/\"]}]},{\"@type\":\"ImageObject\",\"inLanguage\":\"es\",\"@id\":\"https:\/\/jiushidao.com\/product\/crispy-date-slices\/#primaryimage\",\"url\":\"https:\/\/jiushidao.com\/wp-content\/uploads\/2025\/10\/4.png\",\"contentUrl\":\"https:\/\/jiushidao.com\/wp-content\/uploads\/2025\/10\/4.png\",\"width\":1600,\"height\":1600},{\"@type\":\"BreadcrumbList\",\"@id\":\"https:\/\/jiushidao.com\/product\/crispy-date-slices\/#breadcrumb\",\"itemListElement\":[{\"@type\":\"ListItem\",\"position\":1,\"name\":\"Home\",\"item\":\"https:\/\/jiushidao.com\/\"},{\"@type\":\"ListItem\",\"position\":2,\"name\":\"Store\",\"item\":\"https:\/\/jiushidao.com\/store\/\"},{\"@type\":\"ListItem\",\"position\":3,\"name\":\"Crispy Date Slices\"}]},{\"@type\":\"WebSite\",\"@id\":\"https:\/\/jiushidao.com\/#website\",\"url\":\"https:\/\/jiushidao.com\/\",\"name\":\"Jiushidao - Global Food Marketplace for Business Growth and Cosumers\",\"description\":\"Jiushidao - Global Food Marketplace for Business Growth and Cosumers\",\"potentialAction\":[{\"@type\":\"SearchAction\",\"target\":{\"@type\":\"EntryPoint\",\"urlTemplate\":\"https:\/\/jiushidao.com\/?s={search_term_string}\"},\"query-input\":{\"@type\":\"PropertyValueSpecification\",\"valueRequired\":true,\"valueName\":\"search_term_string\"}}],\"inLanguage\":\"es\"}]}<\/script>\n<!-- \/ Yoast SEO Premium plugin. -->","yoast_head_json":{"title":"Crispy Date Slices - Jiushidao - Global Food Marketplace for Business Growth and Cosumers","robots":{"index":"index","follow":"follow","max-snippet":"max-snippet:-1","max-image-preview":"max-image-preview:large","max-video-preview":"max-video-preview:-1"},"canonical":"https:\/\/jiushidao.com\/es\/producto\/crispy-date-slices\/","og_locale":"es_ES","og_type":"article","og_title":"Crispy Date Slices","og_description":"Crispy Red Date Slices: The Perfect Fusion of Crunch and Nourishment Made from carefully selected premium red dates, these thin slices undergo multiple rounds of sorting [\u2026]","og_url":"https:\/\/jiushidao.com\/es\/producto\/crispy-date-slices\/","og_site_name":"Jiushidao - Global Food Marketplace for Business Growth and Cosumers","article_modified_time":"2025-10-30T23:51:36+00:00","og_image":[{"width":1200,"height":1200,"url":"https:\/\/jiushidao.com\/wp-content\/uploads\/2025\/10\/4-1200x1200.png","type":"image\/png"}],"twitter_card":"summary_large_image","twitter_misc":{"Tiempo de lectura":"1 minuto"},"schema":{"@context":"https:\/\/schema.org","@graph":[{"@type":"WebPage","@id":"https:\/\/jiushidao.com\/product\/crispy-date-slices\/","url":"https:\/\/jiushidao.com\/product\/crispy-date-slices\/","name":"Crispy Date Slices - Jiushidao - Global Food Marketplace for Business Growth and Cosumers","isPartOf":{"@id":"https:\/\/jiushidao.com\/#website"},"primaryImageOfPage":{"@id":"https:\/\/jiushidao.com\/product\/crispy-date-slices\/#primaryimage"},"image":{"@id":"https:\/\/jiushidao.com\/product\/crispy-date-slices\/#primaryimage"},"thumbnailUrl":"https:\/\/jiushidao.com\/wp-content\/uploads\/2025\/10\/4.png","datePublished":"2025-10-29T07:49:09+00:00","dateModified":"2025-10-30T23:51:36+00:00","breadcrumb":{"@id":"https:\/\/jiushidao.com\/product\/crispy-date-slices\/#breadcrumb"},"inLanguage":"es","potentialAction":[{"@type":"ReadAction","target":["https:\/\/jiushidao.com\/product\/crispy-date-slices\/"]}]},{"@type":"ImageObject","inLanguage":"es","@id":"https:\/\/jiushidao.com\/product\/crispy-date-slices\/#primaryimage","url":"https:\/\/jiushidao.com\/wp-content\/uploads\/2025\/10\/4.png","contentUrl":"https:\/\/jiushidao.com\/wp-content\/uploads\/2025\/10\/4.png","width":1600,"height":1600},{"@type":"BreadcrumbList","@id":"https:\/\/jiushidao.com\/product\/crispy-date-slices\/#breadcrumb","itemListElement":[{"@type":"ListItem","position":1,"name":"Home","item":"https:\/\/jiushidao.com\/"},{"@type":"ListItem","position":2,"name":"Store","item":"https:\/\/jiushidao.com\/store\/"},{"@type":"ListItem","position":3,"name":"Crispy Date Slices"}]},{"@type":"WebSite","@id":"https:\/\/jiushidao.com\/#website","url":"https:\/\/jiushidao.com\/","name":"Jiushidao - Global Food Marketplace for Business Growth and Cosumers","description":"Jiushidao - Global Food Marketplace for Business Growth and Cosumers","potentialAction":[{"@type":"SearchAction","target":{"@type":"EntryPoint","urlTemplate":"https:\/\/jiushidao.com\/?s={search_term_string}"},"query-input":{"@type":"PropertyValueSpecification","valueRequired":true,"valueName":"search_term_string"}}],"inLanguage":"es"}]}},"_links":{"self":[{"href":"https:\/\/jiushidao.com\/es\/wp-json\/wp\/v2\/product\/596","targetHints":{"allow":["GET"]}}],"collection":[{"href":"https:\/\/jiushidao.com\/es\/wp-json\/wp\/v2\/product"}],"about":[{"href":"https:\/\/jiushidao.com\/es\/wp-json\/wp\/v2\/types\/product"}],"replies":[{"embeddable":true,"href":"https:\/\/jiushidao.com\/es\/wp-json\/wp\/v2\/comments?post=596"}],"version-history":[{"count":3,"href":"https:\/\/jiushidao.com\/es\/wp-json\/wp\/v2\/product\/596\/revisions"}],"predecessor-version":[{"id":793,"href":"https:\/\/jiushidao.com\/es\/wp-json\/wp\/v2\/product\/596\/revisions\/793"}],"wp:featuredmedia":[{"embeddable":true,"href":"https:\/\/jiushidao.com\/es\/wp-json\/wp\/v2\/media\/597"}],"wp:attachment":[{"href":"https:\/\/jiushidao.com\/es\/wp-json\/wp\/v2\/media?parent=596"}],"wp:term":[{"taxonomy":"product_brand","embeddable":true,"href":"https:\/\/jiushidao.com\/es\/wp-json\/wp\/v2\/product_brand?post=596"},{"taxonomy":"product_cat","embeddable":true,"href":"https:\/\/jiushidao.com\/es\/wp-json\/wp\/v2\/product_cat?post=596"},{"taxonomy":"product_tag","embeddable":true,"href":"https:\/\/jiushidao.com\/es\/wp-json\/wp\/v2\/product_tag?post=596"}],"curies":[{"name":"wp","href":"https:\/\/api.w.org\/{rel}","templated":true}]}}