{"id":586,"date":"2025-10-29T07:31:09","date_gmt":"2025-10-29T07:31:09","guid":{"rendered":"https:\/\/jiushidao.com\/?post_type=product&#038;p=586"},"modified":"2025-10-30T23:56:57","modified_gmt":"2025-10-30T23:56:57","slug":"kashi-red-dates","status":"publish","type":"product","link":"https:\/\/jiushidao.com\/es\/producto\/kashi-red-dates\/","title":{"rendered":"D\u00e1tiles rojos Kashi"},"content":{"rendered":"<section class=\"ybc-p\"><strong>D\u00e1tiles rojos Kashgar Maigaiti: Un rub\u00ed de nutrici\u00f3n de Xinjiang<\/strong><\/section>\n<section class=\"ybc-p\">Como producto con indicaci\u00f3n geogr\u00e1fica protegida procedente de la soleada regi\u00f3n de Maigaiti en Kashgar, estos d\u00e1tiles rojos se cultivan bajo una intensa exposici\u00f3n al sol y a importantes variaciones de temperatura entre el d\u00eda y la noche, lo que les confiere su singular dulzura y riqueza nutricional. Cultivados y procesados con esmero \u2014sin aditivos ni colorantes artificiales\u2014, cada d\u00e1til es carnoso, redondo y brillante como un rub\u00ed.<\/section>\n<section class=\"ybc-p\">Bajo su fina piel se esconde una pulpa gruesa y densa que ofrece un sabor suave, dulce y arom\u00e1tico, liberando una rica fragancia a d\u00e1til con cada bocado. Adem\u00e1s de su delicioso sabor, estos d\u00e1tiles est\u00e1n repletos de vitamina C, vitamina E y minerales esenciales. Apreciados en la medicina tradicional, se sabe que ayudan a recuperar la energ\u00eda, nutrir la sangre y calmar la mente.<\/section>\n<section class=\"ybc-p\">Disfr\u00fatalas solas como un tentempi\u00e9 saludable o a\u00f1\u00e1delas a sopas, gachas y postres para un dulzor natural y un aporte extra de nutrientes. Los d\u00e1tiles rojos Kashgar Maigaiti aportan un sabor exquisito y beneficios para la salud a tu mesa.<\/section>\n<section class=\"ybc-p\"><strong>Caracter\u00edsticas principales:<\/strong><\/section>\n<ul class=\"ybc-ul-component\">\n<li class=\"ybc-li-component ybc-li-component_ul\">\n<section class=\"ybc-p\"><strong>Origen protegido:<\/strong>Aut\u00e9nticos d\u00e1tiles rojos de Maigaiti, cultivados en condiciones clim\u00e1ticas ideales.<\/section>\n<\/li>\n<li class=\"ybc-li-component ybc-li-component_ul\">\n<section class=\"ybc-p\"><strong>Puro y natural:<\/strong>Sin aditivos, sin colorantes artificiales: solo fruta pura madurada al sol.<\/section>\n<\/li>\n<li class=\"ybc-li-component ybc-li-component_ul\">\n<section class=\"ybc-p\"><strong>Textura y sabor intensos:<\/strong>Piel fina, pulpa gruesa, textura suave y dulzura arom\u00e1tica.<\/section>\n<\/li>\n<li class=\"ybc-li-component ybc-li-component_ul\">\n<section class=\"ybc-p\"><strong>Alto contenido en nutrientes:<\/strong>Alto contenido en vitaminas C y E, minerales y beneficios tradicionales para el bienestar.<\/section>\n<\/li>\n<\/ul>","protected":false},"excerpt":{"rendered":"<p>D\u00e1tiles rojos de Maigaiti, Kashgar: Un rub\u00ed de nutrici\u00f3n de Xinjiang. Como producto con indicaci\u00f3n geogr\u00e1fica protegida, procedente de la soleada regi\u00f3n de Maigaiti en Kashgar, estos d\u00e1tiles rojos son una delicia.<span class=\"excerpt-hellip\"> [\u2026]<\/span><\/p>","protected":false},"featured_media":567,"comment_status":"open","ping_status":"closed","template":"","meta":[],"product_brand":[52],"product_cat":[51],"product_tag":[],"class_list":{"0":"post-586","1":"product","2":"type-product","3":"status-publish","4":"has-post-thumbnail","6":"product_brand-guo_ren_shi_ke","7":"product_cat-dried_fruits_and_preserves","9":"first","10":"instock","11":"shipping-taxable","12":"product-type-simple"},"yoast_head":"<!-- This site is optimized with the Yoast SEO Premium plugin v25.8 (Yoast SEO v25.8) - https:\/\/yoast.com\/wordpress\/plugins\/seo\/ -->\n<title>Kashi Red Dates - Jiushidao - Global Food Marketplace for Business Growth and Cosumers<\/title>\n<meta name=\"robots\" content=\"index, follow, max-snippet:-1, max-image-preview:large, max-video-preview:-1\" \/>\n<link rel=\"canonical\" href=\"https:\/\/jiushidao.com\/es\/producto\/kashi-red-dates\/\" \/>\n<meta property=\"og:locale\" content=\"es_ES\" \/>\n<meta property=\"og:type\" content=\"article\" \/>\n<meta property=\"og:title\" content=\"Kashi Red Dates\" \/>\n<meta property=\"og:description\" content=\"Kashgar Maigaiti Red Dates: A Ruby of Nutrition from Xinjiang As a protected geographical indicator product from the sun-drenched region of Maigaiti in Kashgar, these red [\u2026]\" \/>\n<meta property=\"og:url\" content=\"https:\/\/jiushidao.com\/es\/producto\/kashi-red-dates\/\" \/>\n<meta property=\"og:site_name\" content=\"Jiushidao - Global Food Marketplace for Business Growth and Cosumers\" \/>\n<meta property=\"article:modified_time\" content=\"2025-10-30T23:56:57+00:00\" \/>\n<meta property=\"og:image\" content=\"https:\/\/jiushidao.com\/wp-content\/uploads\/2025\/10\/WPS\u56fe\u72471.png\" \/>\n\t<meta property=\"og:image:width\" content=\"215\" \/>\n\t<meta property=\"og:image:height\" content=\"216\" \/>\n\t<meta property=\"og:image:type\" content=\"image\/png\" \/>\n<meta name=\"twitter:card\" content=\"summary_large_image\" \/>\n<meta name=\"twitter:label1\" content=\"Tiempo de lectura\" \/>\n\t<meta name=\"twitter:data1\" content=\"2 minutos\" \/>\n<script type=\"application\/ld+json\" class=\"yoast-schema-graph\">{\"@context\":\"https:\/\/schema.org\",\"@graph\":[{\"@type\":\"WebPage\",\"@id\":\"https:\/\/jiushidao.com\/product\/kashi-red-dates\/\",\"url\":\"https:\/\/jiushidao.com\/product\/kashi-red-dates\/\",\"name\":\"Kashi Red Dates - Jiushidao - Global Food Marketplace for Business Growth and Cosumers\",\"isPartOf\":{\"@id\":\"https:\/\/jiushidao.com\/#website\"},\"primaryImageOfPage\":{\"@id\":\"https:\/\/jiushidao.com\/product\/kashi-red-dates\/#primaryimage\"},\"image\":{\"@id\":\"https:\/\/jiushidao.com\/product\/kashi-red-dates\/#primaryimage\"},\"thumbnailUrl\":\"https:\/\/jiushidao.com\/wp-content\/uploads\/2025\/10\/WPS\u56fe\u72471.png\",\"datePublished\":\"2025-10-29T07:31:09+00:00\",\"dateModified\":\"2025-10-30T23:56:57+00:00\",\"breadcrumb\":{\"@id\":\"https:\/\/jiushidao.com\/product\/kashi-red-dates\/#breadcrumb\"},\"inLanguage\":\"es\",\"potentialAction\":[{\"@type\":\"ReadAction\",\"target\":[\"https:\/\/jiushidao.com\/product\/kashi-red-dates\/\"]}]},{\"@type\":\"ImageObject\",\"inLanguage\":\"es\",\"@id\":\"https:\/\/jiushidao.com\/product\/kashi-red-dates\/#primaryimage\",\"url\":\"https:\/\/jiushidao.com\/wp-content\/uploads\/2025\/10\/WPS\u56fe\u72471.png\",\"contentUrl\":\"https:\/\/jiushidao.com\/wp-content\/uploads\/2025\/10\/WPS\u56fe\u72471.png\",\"width\":215,\"height\":216},{\"@type\":\"BreadcrumbList\",\"@id\":\"https:\/\/jiushidao.com\/product\/kashi-red-dates\/#breadcrumb\",\"itemListElement\":[{\"@type\":\"ListItem\",\"position\":1,\"name\":\"Home\",\"item\":\"https:\/\/jiushidao.com\/\"},{\"@type\":\"ListItem\",\"position\":2,\"name\":\"Store\",\"item\":\"https:\/\/jiushidao.com\/store\/\"},{\"@type\":\"ListItem\",\"position\":3,\"name\":\"Kashi Red Dates\"}]},{\"@type\":\"WebSite\",\"@id\":\"https:\/\/jiushidao.com\/#website\",\"url\":\"https:\/\/jiushidao.com\/\",\"name\":\"Jiushidao - Global Food Marketplace for Business Growth and Cosumers\",\"description\":\"Jiushidao - Global Food Marketplace for Business Growth and Cosumers\",\"potentialAction\":[{\"@type\":\"SearchAction\",\"target\":{\"@type\":\"EntryPoint\",\"urlTemplate\":\"https:\/\/jiushidao.com\/?s={search_term_string}\"},\"query-input\":{\"@type\":\"PropertyValueSpecification\",\"valueRequired\":true,\"valueName\":\"search_term_string\"}}],\"inLanguage\":\"es\"}]}<\/script>\n<!-- \/ Yoast SEO Premium plugin. -->","yoast_head_json":{"title":"Kashi Red Dates - Jiushidao - Global Food Marketplace for Business Growth and Cosumers","robots":{"index":"index","follow":"follow","max-snippet":"max-snippet:-1","max-image-preview":"max-image-preview:large","max-video-preview":"max-video-preview:-1"},"canonical":"https:\/\/jiushidao.com\/es\/producto\/kashi-red-dates\/","og_locale":"es_ES","og_type":"article","og_title":"Kashi Red Dates","og_description":"Kashgar Maigaiti Red Dates: A Ruby of Nutrition from Xinjiang As a protected geographical indicator product from the sun-drenched region of Maigaiti in Kashgar, these red [\u2026]","og_url":"https:\/\/jiushidao.com\/es\/producto\/kashi-red-dates\/","og_site_name":"Jiushidao - Global Food Marketplace for Business Growth and Cosumers","article_modified_time":"2025-10-30T23:56:57+00:00","og_image":[{"width":215,"height":216,"url":"https:\/\/jiushidao.com\/wp-content\/uploads\/2025\/10\/WPS\u56fe\u72471.png","type":"image\/png"}],"twitter_card":"summary_large_image","twitter_misc":{"Tiempo de lectura":"2 minutos"},"schema":{"@context":"https:\/\/schema.org","@graph":[{"@type":"WebPage","@id":"https:\/\/jiushidao.com\/product\/kashi-red-dates\/","url":"https:\/\/jiushidao.com\/product\/kashi-red-dates\/","name":"Kashi Red Dates - Jiushidao - Global Food Marketplace for Business Growth and Cosumers","isPartOf":{"@id":"https:\/\/jiushidao.com\/#website"},"primaryImageOfPage":{"@id":"https:\/\/jiushidao.com\/product\/kashi-red-dates\/#primaryimage"},"image":{"@id":"https:\/\/jiushidao.com\/product\/kashi-red-dates\/#primaryimage"},"thumbnailUrl":"https:\/\/jiushidao.com\/wp-content\/uploads\/2025\/10\/WPS\u56fe\u72471.png","datePublished":"2025-10-29T07:31:09+00:00","dateModified":"2025-10-30T23:56:57+00:00","breadcrumb":{"@id":"https:\/\/jiushidao.com\/product\/kashi-red-dates\/#breadcrumb"},"inLanguage":"es","potentialAction":[{"@type":"ReadAction","target":["https:\/\/jiushidao.com\/product\/kashi-red-dates\/"]}]},{"@type":"ImageObject","inLanguage":"es","@id":"https:\/\/jiushidao.com\/product\/kashi-red-dates\/#primaryimage","url":"https:\/\/jiushidao.com\/wp-content\/uploads\/2025\/10\/WPS\u56fe\u72471.png","contentUrl":"https:\/\/jiushidao.com\/wp-content\/uploads\/2025\/10\/WPS\u56fe\u72471.png","width":215,"height":216},{"@type":"BreadcrumbList","@id":"https:\/\/jiushidao.com\/product\/kashi-red-dates\/#breadcrumb","itemListElement":[{"@type":"ListItem","position":1,"name":"Home","item":"https:\/\/jiushidao.com\/"},{"@type":"ListItem","position":2,"name":"Store","item":"https:\/\/jiushidao.com\/store\/"},{"@type":"ListItem","position":3,"name":"Kashi Red Dates"}]},{"@type":"WebSite","@id":"https:\/\/jiushidao.com\/#website","url":"https:\/\/jiushidao.com\/","name":"Jiushidao - Global Food Marketplace for Business Growth and Cosumers","description":"Jiushidao - Global Food Marketplace for Business Growth and Cosumers","potentialAction":[{"@type":"SearchAction","target":{"@type":"EntryPoint","urlTemplate":"https:\/\/jiushidao.com\/?s={search_term_string}"},"query-input":{"@type":"PropertyValueSpecification","valueRequired":true,"valueName":"search_term_string"}}],"inLanguage":"es"}]}},"_links":{"self":[{"href":"https:\/\/jiushidao.com\/es\/wp-json\/wp\/v2\/product\/586","targetHints":{"allow":["GET"]}}],"collection":[{"href":"https:\/\/jiushidao.com\/es\/wp-json\/wp\/v2\/product"}],"about":[{"href":"https:\/\/jiushidao.com\/es\/wp-json\/wp\/v2\/types\/product"}],"replies":[{"embeddable":true,"href":"https:\/\/jiushidao.com\/es\/wp-json\/wp\/v2\/comments?post=586"}],"version-history":[{"count":4,"href":"https:\/\/jiushidao.com\/es\/wp-json\/wp\/v2\/product\/586\/revisions"}],"predecessor-version":[{"id":795,"href":"https:\/\/jiushidao.com\/es\/wp-json\/wp\/v2\/product\/586\/revisions\/795"}],"wp:featuredmedia":[{"embeddable":true,"href":"https:\/\/jiushidao.com\/es\/wp-json\/wp\/v2\/media\/567"}],"wp:attachment":[{"href":"https:\/\/jiushidao.com\/es\/wp-json\/wp\/v2\/media?parent=586"}],"wp:term":[{"taxonomy":"product_brand","embeddable":true,"href":"https:\/\/jiushidao.com\/es\/wp-json\/wp\/v2\/product_brand?post=586"},{"taxonomy":"product_cat","embeddable":true,"href":"https:\/\/jiushidao.com\/es\/wp-json\/wp\/v2\/product_cat?post=586"},{"taxonomy":"product_tag","embeddable":true,"href":"https:\/\/jiushidao.com\/es\/wp-json\/wp\/v2\/product_tag?post=586"}],"curies":[{"name":"wp","href":"https:\/\/api.w.org\/{rel}","templated":true}]}}