{"id":551,"date":"2025-10-28T14:10:14","date_gmt":"2025-10-28T14:10:14","guid":{"rendered":"https:\/\/jiushidao.com\/?post_type=product&#038;p=551"},"modified":"2025-10-28T14:53:59","modified_gmt":"2025-10-28T14:53:59","slug":"keton-medium-chain-triglyceride-mct-powder-solid-beverage","status":"publish","type":"product","link":"https:\/\/jiushidao.com\/es\/producto\/keton-medium-chain-triglyceride-mct-powder-solid-beverage\/","title":{"rendered":"Bebida s\u00f3lida en polvo de triglic\u00e9ridos de cadena media (MCT) Keton"},"content":{"rendered":"<section class=\"ybc-p\"><strong>F\u00f3rmula MCT Premium para un estilo de vida cetog\u00e9nico<\/strong>\u200b<\/section>\n<section class=\"ybc-p\">Descubre el avanzado polvo de MCT de Keton, dise\u00f1ado espec\u00edficamente para complementar tu dieta cetog\u00e9nica y un estilo de vida saludable. Nuestra f\u00f3rmula microencapsulada te ofrece todos los beneficios de los triglic\u00e9ridos de cadena media sin la desagradable textura grasosa.<\/section>\n<section class=\"ybc-p\">\u200b<strong>Beneficios clave:<\/strong>\u200b<\/section>\n<ul class=\"ybc-ul-component\">\n<li class=\"ybc-li-component ybc-li-component_ul\">\n<section class=\"ybc-p\">\u00a0\u200b<strong>F\u00f3rmula con alto contenido de \u00e1cido capr\u00edlico<\/strong>F\u00f3rmula pr\u00e9mium para un aporte energ\u00e9tico \u00f3ptimo<\/section>\n<\/li>\n<li class=\"ybc-li-component ybc-li-component_ul\">\n<section class=\"ybc-p\">\u00a0\u200b<strong>Garant\u00eda sin gluten<\/strong>El contenido de gluten del 0% reduce significativamente los riesgos de alergia<\/section>\n<\/li>\n<li class=\"ybc-li-component ybc-li-component_ul\">\n<section class=\"ybc-p\">\u00a0\u200b<strong>Tecnolog\u00eda avanzada de microencapsulaci\u00f3n<\/strong>Un procesamiento especial minimiza el regusto aceitoso para una mejor experiencia de mezcla y consumo.<\/section>\n<\/li>\n<li class=\"ybc-li-component ybc-li-component_ul\">\n<section class=\"ybc-p\">\u00a0\u200b<strong>Apto para dieta cetog\u00e9nica<\/strong>Ideal para dietas cetog\u00e9nicas, reg\u00edmenes bajos en carbohidratos y gesti\u00f3n de la energ\u00eda.<\/section>\n<\/li>\n<\/ul>\n<section class=\"ybc-p\">\u200b<strong>Especificaciones del producto:<\/strong>\u200b<\/section>\n<ul class=\"ybc-ul-component\">\n<li class=\"ybc-li-component ybc-li-component_ul\">Formato: Polvo s\u00f3lido para bebidas<\/li>\n<li class=\"ybc-li-component ybc-li-component_ul\">Paquete: Caja que contiene 20 sobres individuales.<\/li>\n<li class=\"ybc-li-component ybc-li-component_ul\">Peso neto: 10 g por sobre (200 g en total)<\/li>\n<li class=\"ybc-li-component ybc-li-component_ul\">Caducidad: 24 meses<\/li>\n<li class=\"ybc-li-component ybc-li-component_ul\">Almacenamiento: Conservar a temperatura ambiente en un lugar fresco y seco.<\/li>\n<\/ul>\n<section class=\"ybc-p\">\u200b<strong>Ingredientes:<\/strong>\u200b<\/section>\n<section class=\"ybc-p\">Polvo de MCT microencapsulado (triglic\u00e9ridos de cadena media [triglic\u00e9ridos capr\u00edlicos], maltodextrina, case\u00edna, mono y diglic\u00e9ridos de \u00e1cidos grasos), polvo de MCT microencapsulado (triglic\u00e9ridos de cadena media [triglic\u00e9ridos c\u00e1pricos], maltodextrina, case\u00edna, mono y diglic\u00e9ridos de \u00e1cidos grasos).<\/section>\n<section class=\"ybc-p\">\u200b<strong>\u00bfPor qu\u00e9 elegir el polvo Keton MCT?<\/strong>\u200b<\/section>\n<section class=\"ybc-p\">Nuestra f\u00f3rmula, desarrollada cient\u00edficamente, proporciona energ\u00eda limpia para tu estilo de vida activo. El proceso de microencapsulaci\u00f3n garantiza una f\u00e1cil mezcla con tus bebidas favoritas, conservando los beneficios nutricionales del MCT puro. Ideal para atletas, personas que siguen la dieta cetog\u00e9nica y quienes se preocupan por su salud y buscan un aporte nutricional pr\u00e1ctico.<\/section>\n<section class=\"ybc-p\">\u200b<strong>Sugerencias de uso:<\/strong>\u200b<\/section>\n<section class=\"ybc-p\">Mezcla un sobre con agua, caf\u00e9 o tu bebida preferida. Ideal para obtener energ\u00eda antes del entrenamiento, como sustituto de una comida o como suplemento nutricional durante el d\u00eda.<\/section>","protected":false},"excerpt":{"rendered":"<p>F\u00f3rmula MCT Premium para un Estilo de Vida Cetog\u00e9nico Descubre el avanzado polvo MCT de Keton, dise\u00f1ado espec\u00edficamente para apoyar tu dieta cetog\u00e9nica y un estilo de vida saludable. Nuestra f\u00f3rmula microencapsulada te proporciona todos los nutrientes necesarios.<span class=\"excerpt-hellip\"> [\u2026]<\/span><\/p>","protected":false},"featured_media":554,"comment_status":"open","ping_status":"closed","template":"","meta":[],"product_brand":[50],"product_cat":[38],"product_tag":[],"class_list":{"0":"post-551","1":"product","2":"type-product","3":"status-publish","4":"has-post-thumbnail","6":"product_brand-50","7":"product_cat-beverages-and-preparations","9":"first","10":"instock","11":"shipping-taxable","12":"product-type-simple"},"yoast_head":"<!-- This site is optimized with the Yoast SEO Premium plugin v25.8 (Yoast SEO v25.8) - https:\/\/yoast.com\/wordpress\/plugins\/seo\/ -->\n<title>Keton Medium Chain Triglyceride (MCT) Powder Solid Beverage - Jiushidao - Global Food Marketplace for Business Growth and Cosumers<\/title>\n<meta name=\"robots\" content=\"index, follow, max-snippet:-1, max-image-preview:large, max-video-preview:-1\" \/>\n<link rel=\"canonical\" href=\"https:\/\/jiushidao.com\/es\/producto\/keton-medium-chain-triglyceride-mct-powder-solid-beverage\/\" \/>\n<meta property=\"og:locale\" content=\"es_ES\" \/>\n<meta property=\"og:type\" content=\"article\" \/>\n<meta property=\"og:title\" content=\"Keton Medium Chain Triglyceride (MCT) Powder Solid Beverage\" \/>\n<meta property=\"og:description\" content=\"\u200bPremium MCT Formula for Ketogenic Lifestyle\u200b\u200b Discover Keton&#8217;s advanced MCT Powder, specifically designed to support your ketogenic diet and healthy lifestyle. Our microencapsulated formula delivers all [\u2026]\" \/>\n<meta property=\"og:url\" content=\"https:\/\/jiushidao.com\/es\/producto\/keton-medium-chain-triglyceride-mct-powder-solid-beverage\/\" \/>\n<meta property=\"og:site_name\" content=\"Jiushidao - Global Food Marketplace for Business Growth and Cosumers\" \/>\n<meta property=\"article:modified_time\" content=\"2025-10-28T14:53:59+00:00\" \/>\n<meta property=\"og:image\" content=\"https:\/\/jiushidao.com\/wp-content\/uploads\/2025\/10\/ID548.png\" \/>\n\t<meta property=\"og:image:width\" content=\"800\" \/>\n\t<meta property=\"og:image:height\" content=\"800\" \/>\n\t<meta property=\"og:image:type\" content=\"image\/png\" \/>\n<meta name=\"twitter:card\" content=\"summary_large_image\" \/>\n<meta name=\"twitter:label1\" content=\"Tiempo de lectura\" \/>\n\t<meta name=\"twitter:data1\" content=\"2 minutos\" \/>\n<script type=\"application\/ld+json\" class=\"yoast-schema-graph\">{\"@context\":\"https:\/\/schema.org\",\"@graph\":[{\"@type\":\"WebPage\",\"@id\":\"https:\/\/jiushidao.com\/product\/keton-medium-chain-triglyceride-mct-powder-solid-beverage\/\",\"url\":\"https:\/\/jiushidao.com\/product\/keton-medium-chain-triglyceride-mct-powder-solid-beverage\/\",\"name\":\"Keton Medium Chain Triglyceride (MCT) Powder Solid Beverage - Jiushidao - Global Food Marketplace for Business Growth and Cosumers\",\"isPartOf\":{\"@id\":\"https:\/\/jiushidao.com\/#website\"},\"primaryImageOfPage\":{\"@id\":\"https:\/\/jiushidao.com\/product\/keton-medium-chain-triglyceride-mct-powder-solid-beverage\/#primaryimage\"},\"image\":{\"@id\":\"https:\/\/jiushidao.com\/product\/keton-medium-chain-triglyceride-mct-powder-solid-beverage\/#primaryimage\"},\"thumbnailUrl\":\"https:\/\/jiushidao.com\/wp-content\/uploads\/2025\/10\/ID548.png\",\"datePublished\":\"2025-10-28T14:10:14+00:00\",\"dateModified\":\"2025-10-28T14:53:59+00:00\",\"breadcrumb\":{\"@id\":\"https:\/\/jiushidao.com\/product\/keton-medium-chain-triglyceride-mct-powder-solid-beverage\/#breadcrumb\"},\"inLanguage\":\"es\",\"potentialAction\":[{\"@type\":\"ReadAction\",\"target\":[\"https:\/\/jiushidao.com\/product\/keton-medium-chain-triglyceride-mct-powder-solid-beverage\/\"]}]},{\"@type\":\"ImageObject\",\"inLanguage\":\"es\",\"@id\":\"https:\/\/jiushidao.com\/product\/keton-medium-chain-triglyceride-mct-powder-solid-beverage\/#primaryimage\",\"url\":\"https:\/\/jiushidao.com\/wp-content\/uploads\/2025\/10\/ID548.png\",\"contentUrl\":\"https:\/\/jiushidao.com\/wp-content\/uploads\/2025\/10\/ID548.png\",\"width\":800,\"height\":800},{\"@type\":\"BreadcrumbList\",\"@id\":\"https:\/\/jiushidao.com\/product\/keton-medium-chain-triglyceride-mct-powder-solid-beverage\/#breadcrumb\",\"itemListElement\":[{\"@type\":\"ListItem\",\"position\":1,\"name\":\"Home\",\"item\":\"https:\/\/jiushidao.com\/\"},{\"@type\":\"ListItem\",\"position\":2,\"name\":\"Store\",\"item\":\"https:\/\/jiushidao.com\/store\/\"},{\"@type\":\"ListItem\",\"position\":3,\"name\":\"Keton Medium Chain Triglyceride (MCT) Powder Solid Beverage\"}]},{\"@type\":\"WebSite\",\"@id\":\"https:\/\/jiushidao.com\/#website\",\"url\":\"https:\/\/jiushidao.com\/\",\"name\":\"Jiushidao - Global Food Marketplace for Business Growth and Cosumers\",\"description\":\"Jiushidao - Global Food Marketplace for Business Growth and Cosumers\",\"potentialAction\":[{\"@type\":\"SearchAction\",\"target\":{\"@type\":\"EntryPoint\",\"urlTemplate\":\"https:\/\/jiushidao.com\/?s={search_term_string}\"},\"query-input\":{\"@type\":\"PropertyValueSpecification\",\"valueRequired\":true,\"valueName\":\"search_term_string\"}}],\"inLanguage\":\"es\"}]}<\/script>\n<!-- \/ Yoast SEO Premium plugin. -->","yoast_head_json":{"title":"Keton Medium Chain Triglyceride (MCT) Powder Solid Beverage - Jiushidao - Global Food Marketplace for Business Growth and Cosumers","robots":{"index":"index","follow":"follow","max-snippet":"max-snippet:-1","max-image-preview":"max-image-preview:large","max-video-preview":"max-video-preview:-1"},"canonical":"https:\/\/jiushidao.com\/es\/producto\/keton-medium-chain-triglyceride-mct-powder-solid-beverage\/","og_locale":"es_ES","og_type":"article","og_title":"Keton Medium Chain Triglyceride (MCT) Powder Solid Beverage","og_description":"\u200bPremium MCT Formula for Ketogenic Lifestyle\u200b\u200b Discover Keton&#8217;s advanced MCT Powder, specifically designed to support your ketogenic diet and healthy lifestyle. Our microencapsulated formula delivers all [\u2026]","og_url":"https:\/\/jiushidao.com\/es\/producto\/keton-medium-chain-triglyceride-mct-powder-solid-beverage\/","og_site_name":"Jiushidao - Global Food Marketplace for Business Growth and Cosumers","article_modified_time":"2025-10-28T14:53:59+00:00","og_image":[{"width":800,"height":800,"url":"https:\/\/jiushidao.com\/wp-content\/uploads\/2025\/10\/ID548.png","type":"image\/png"}],"twitter_card":"summary_large_image","twitter_misc":{"Tiempo de lectura":"2 minutos"},"schema":{"@context":"https:\/\/schema.org","@graph":[{"@type":"WebPage","@id":"https:\/\/jiushidao.com\/product\/keton-medium-chain-triglyceride-mct-powder-solid-beverage\/","url":"https:\/\/jiushidao.com\/product\/keton-medium-chain-triglyceride-mct-powder-solid-beverage\/","name":"Keton Medium Chain Triglyceride (MCT) Powder Solid Beverage - Jiushidao - Global Food Marketplace for Business Growth and Cosumers","isPartOf":{"@id":"https:\/\/jiushidao.com\/#website"},"primaryImageOfPage":{"@id":"https:\/\/jiushidao.com\/product\/keton-medium-chain-triglyceride-mct-powder-solid-beverage\/#primaryimage"},"image":{"@id":"https:\/\/jiushidao.com\/product\/keton-medium-chain-triglyceride-mct-powder-solid-beverage\/#primaryimage"},"thumbnailUrl":"https:\/\/jiushidao.com\/wp-content\/uploads\/2025\/10\/ID548.png","datePublished":"2025-10-28T14:10:14+00:00","dateModified":"2025-10-28T14:53:59+00:00","breadcrumb":{"@id":"https:\/\/jiushidao.com\/product\/keton-medium-chain-triglyceride-mct-powder-solid-beverage\/#breadcrumb"},"inLanguage":"es","potentialAction":[{"@type":"ReadAction","target":["https:\/\/jiushidao.com\/product\/keton-medium-chain-triglyceride-mct-powder-solid-beverage\/"]}]},{"@type":"ImageObject","inLanguage":"es","@id":"https:\/\/jiushidao.com\/product\/keton-medium-chain-triglyceride-mct-powder-solid-beverage\/#primaryimage","url":"https:\/\/jiushidao.com\/wp-content\/uploads\/2025\/10\/ID548.png","contentUrl":"https:\/\/jiushidao.com\/wp-content\/uploads\/2025\/10\/ID548.png","width":800,"height":800},{"@type":"BreadcrumbList","@id":"https:\/\/jiushidao.com\/product\/keton-medium-chain-triglyceride-mct-powder-solid-beverage\/#breadcrumb","itemListElement":[{"@type":"ListItem","position":1,"name":"Home","item":"https:\/\/jiushidao.com\/"},{"@type":"ListItem","position":2,"name":"Store","item":"https:\/\/jiushidao.com\/store\/"},{"@type":"ListItem","position":3,"name":"Keton Medium Chain Triglyceride (MCT) Powder Solid Beverage"}]},{"@type":"WebSite","@id":"https:\/\/jiushidao.com\/#website","url":"https:\/\/jiushidao.com\/","name":"Jiushidao - Global Food Marketplace for Business Growth and Cosumers","description":"Jiushidao - Global Food Marketplace for Business Growth and Cosumers","potentialAction":[{"@type":"SearchAction","target":{"@type":"EntryPoint","urlTemplate":"https:\/\/jiushidao.com\/?s={search_term_string}"},"query-input":{"@type":"PropertyValueSpecification","valueRequired":true,"valueName":"search_term_string"}}],"inLanguage":"es"}]}},"_links":{"self":[{"href":"https:\/\/jiushidao.com\/es\/wp-json\/wp\/v2\/product\/551","targetHints":{"allow":["GET"]}}],"collection":[{"href":"https:\/\/jiushidao.com\/es\/wp-json\/wp\/v2\/product"}],"about":[{"href":"https:\/\/jiushidao.com\/es\/wp-json\/wp\/v2\/types\/product"}],"replies":[{"embeddable":true,"href":"https:\/\/jiushidao.com\/es\/wp-json\/wp\/v2\/comments?post=551"}],"version-history":[{"count":3,"href":"https:\/\/jiushidao.com\/es\/wp-json\/wp\/v2\/product\/551\/revisions"}],"predecessor-version":[{"id":560,"href":"https:\/\/jiushidao.com\/es\/wp-json\/wp\/v2\/product\/551\/revisions\/560"}],"wp:featuredmedia":[{"embeddable":true,"href":"https:\/\/jiushidao.com\/es\/wp-json\/wp\/v2\/media\/554"}],"wp:attachment":[{"href":"https:\/\/jiushidao.com\/es\/wp-json\/wp\/v2\/media?parent=551"}],"wp:term":[{"taxonomy":"product_brand","embeddable":true,"href":"https:\/\/jiushidao.com\/es\/wp-json\/wp\/v2\/product_brand?post=551"},{"taxonomy":"product_cat","embeddable":true,"href":"https:\/\/jiushidao.com\/es\/wp-json\/wp\/v2\/product_cat?post=551"},{"taxonomy":"product_tag","embeddable":true,"href":"https:\/\/jiushidao.com\/es\/wp-json\/wp\/v2\/product_tag?post=551"}],"curies":[{"name":"wp","href":"https:\/\/api.w.org\/{rel}","templated":true}]}}