{"id":543,"date":"2025-10-28T09:44:02","date_gmt":"2025-10-28T09:44:02","guid":{"rendered":"https:\/\/jiushidao.com\/?post_type=product&#038;p=543"},"modified":"2025-10-28T09:44:04","modified_gmt":"2025-10-28T09:44:04","slug":"guxiaoran-gluten-free-whole-grain-corn-pasta-black-pepper-beef-tomato-meat-sauce-266-2g-box","status":"publish","type":"product","link":"https:\/\/jiushidao.com\/es\/producto\/guxiaoran-gluten-free-whole-grain-corn-pasta-black-pepper-beef-tomato-meat-sauce-266-2g-box\/","title":{"rendered":"Pasta de ma\u00edz integral sin gluten Guxiaoran \u2013 Salsa de carne con pimienta negra y tomate (266,2 g\/caja)"},"content":{"rendered":"<section class=\"ybc-p\">\u200b<\/section>\n<section class=\"ybc-p\">\u200b<strong>Pasta saludable reinventada<\/strong>\u200b<\/section>\n<section class=\"ybc-p\">Descubre la innovadora pasta sin gluten de Guxiaoran, elaborada con ma\u00edz integral 100%. Perfecta para quienes se preocupan por su salud y para quienes tienen restricciones diet\u00e9ticas, nuestra pasta ofrece el aut\u00e9ntico sabor italiano sin renunciar a la nutrici\u00f3n ni al sabor.<\/section>\n<section class=\"ybc-p\">\u200b<strong>Caracter\u00edsticas principales:<\/strong>\u200b<\/section>\n<ul class=\"ybc-ul-component\">\n<li class=\"ybc-li-component ybc-li-component_ul\">\n<section class=\"ybc-p\">\u00a0\u200b<strong>Certificado sin gluten<\/strong>Elaborado con un contenido de trigo del 1% (0,%), seguro para personas con sensibilidad al gluten.<\/section>\n<\/li>\n<li class=\"ybc-li-component ybc-li-component_ul\">\n<section class=\"ybc-p\">\u00a0\u200b<strong>Bondad de los granos integrales<\/strong>Rico en fibra diet\u00e9tica para una mejor digesti\u00f3n<\/section>\n<\/li>\n<li class=\"ybc-li-component ybc-li-component_ul\">\n<section class=\"ybc-p\">\u00a0\u200b<strong>Ingredientes de primera calidad<\/strong>Contiene tomates de miel de Xinjiang mezclados con tomates Roma \u00e1cidos para una acidez equilibrada.<\/section>\n<\/li>\n<li class=\"ybc-li-component ybc-li-component_ul\">\n<section class=\"ybc-p\">\u00a0\u200b<strong>Salsas de calidad de restaurante<\/strong>\u200b:<\/section>\n<ul class=\"ybc-ul-component\">\n<li class=\"ybc-li-component ybc-li-component_ul\">\n<section class=\"ybc-p\">Carne de res a la pimienta: Pimiento sutilmente picante combinado con carne de res tierna y jugosa.<\/section>\n<\/li>\n<li class=\"ybc-li-component ybc-li-component_ul\">\n<section class=\"ybc-p\">Salsa de tomate para carne: La perfecci\u00f3n del tomate, dulce y con un toque \u00e1cido.<\/section>\n<\/li>\n<\/ul>\n<\/li>\n<li class=\"ybc-li-component ybc-li-component_ul\">\n<section class=\"ybc-p\">\u00a0\u200b<strong>Experiencia de textura rica<\/strong>Una generosa salsa recubre cada hebra con m\u00e1s carne y jugosidad.<\/section>\n<\/li>\n<\/ul>\n<section class=\"ybc-p\">\u200b<strong>Especificaciones del producto:<\/strong>\u200b<\/section>\n<ul class=\"ybc-ul-component\">\n<li class=\"ybc-li-component ybc-li-component_ul\">\n<section class=\"ybc-p\">Peso: 266,2 g\/caja<\/section>\n<\/li>\n<li class=\"ybc-li-component ybc-li-component_ul\">\n<section class=\"ybc-p\">Vida \u00fatil: 12 meses<\/section>\n<\/li>\n<li class=\"ybc-li-component ybc-li-component_ul\">Almacenamiento: Temperatura ambiente<\/li>\n<li class=\"ybc-li-component ybc-li-component_ul\">\n<section class=\"ybc-p\">Embalaje: 24 cajas\/caja<\/section>\n<\/li>\n<\/ul>\n<section class=\"ybc-p\">\u200b<strong>Ingredientes:<\/strong>\u200b<\/section>\n<section class=\"ybc-p\"><em>Versi\u00f3n con carne de res y pimienta negra:<\/em><\/section>\n<section class=\"ybc-p\">Harina de ma\u00edz integral, agua potable, salsa de carne con pimienta negra, aceite de oliva con hierbas, perejil picado<\/section>\n<section class=\"ybc-p\"><em>Versi\u00f3n con salsa de tomate y carne:<\/em><\/section>\n<section class=\"ybc-p\">Harina de ma\u00edz integral, agua potable, salsa de tomate y carne, aceite de oliva con hierbas, perejil picado<\/section>\n<section class=\"ybc-p\">\u200b<strong>\u00bfPor qu\u00e9 elegir Guxiaoran?<\/strong>\u200b<\/section>\n<section class=\"ybc-p\">Nuestra pasta combina la cocina italiana tradicional con las exigencias de la alimentaci\u00f3n moderna. Cada caja contiene porciones individuales de pasta y salsa para una preparaci\u00f3n r\u00e1pida y sencilla, conservando el aut\u00e9ntico sabor de restaurante. Perfecta para personas ocupadas que buscan comidas saludables y deliciosas sin complicaciones. \u00a1Lista en minutos, para disfrutar durante horas!<\/section>","protected":false},"excerpt":{"rendered":"<p><img fetchpriority=\"high\" decoding=\"async\" class=\"aligncenter size-full wp-image-544\" src=\"https:\/\/jiushidao.com\/wp-content\/uploads\/2025\/10\/\u56fe\u72471.png\" alt=\"\" width=\"1149\" height=\"333\" srcset=\"https:\/\/jiushidao.com\/wp-content\/uploads\/2025\/10\/\u56fe\u72471.png 1149w, https:\/\/jiushidao.com\/wp-content\/uploads\/2025\/10\/\u56fe\u72471-500x145.png 500w, https:\/\/jiushidao.com\/wp-content\/uploads\/2025\/10\/\u56fe\u72471-300x87.png 300w, https:\/\/jiushidao.com\/wp-content\/uploads\/2025\/10\/\u56fe\u72471-768x223.png 768w, https:\/\/jiushidao.com\/wp-content\/uploads\/2025\/10\/\u56fe\u72471-18x5.png 18w, https:\/\/jiushidao.com\/wp-content\/uploads\/2025\/10\/\u56fe\u72471-150x43.png 150w, https:\/\/jiushidao.com\/wp-content\/uploads\/2025\/10\/\u56fe\u72471-700x203.png 700w, https:\/\/jiushidao.com\/wp-content\/uploads\/2025\/10\/\u56fe\u72471-800x232.png 800w, https:\/\/jiushidao.com\/wp-content\/uploads\/2025\/10\/\u56fe\u72471-350x100.png 350w\" sizes=\"(max-width:767px) 700px, (max-width:1149px) 100vw, 1149px\" \/><\/p>","protected":false},"featured_media":545,"comment_status":"open","ping_status":"closed","template":"","meta":[],"product_brand":[49,48],"product_cat":[41],"product_tag":[],"class_list":{"0":"post-543","1":"product","2":"type-product","3":"status-publish","4":"has-post-thumbnail","6":"product_brand-49","7":"product_brand-48","8":"product_cat-instant-food","10":"first","11":"instock","12":"shipping-taxable","13":"product-type-simple"},"yoast_head":"<!-- This site is optimized with the Yoast SEO Premium plugin v25.8 (Yoast SEO v25.8) - https:\/\/yoast.com\/wordpress\/plugins\/seo\/ -->\n<title>Guxiaoran Gluten-Free Whole Grain Corn Pasta - Black Pepper Beef &amp; Tomato Meat Sauce (266.2g\/Box) - Jiushidao - Global Food Marketplace for Business Growth and Cosumers<\/title>\n<meta name=\"robots\" content=\"index, follow, max-snippet:-1, max-image-preview:large, max-video-preview:-1\" \/>\n<link rel=\"canonical\" href=\"https:\/\/jiushidao.com\/es\/producto\/guxiaoran-gluten-free-whole-grain-corn-pasta-black-pepper-beef-tomato-meat-sauce-266-2g-box\/\" \/>\n<meta property=\"og:locale\" content=\"es_ES\" \/>\n<meta property=\"og:type\" content=\"article\" \/>\n<meta property=\"og:title\" content=\"Guxiaoran Gluten-Free Whole Grain Corn Pasta - Black Pepper Beef &amp; Tomato Meat Sauce (266.2g\/Box)\" \/>\n<meta property=\"og:url\" content=\"https:\/\/jiushidao.com\/es\/producto\/guxiaoran-gluten-free-whole-grain-corn-pasta-black-pepper-beef-tomato-meat-sauce-266-2g-box\/\" \/>\n<meta property=\"og:site_name\" content=\"Jiushidao - Global Food Marketplace for Business Growth and Cosumers\" \/>\n<meta property=\"article:modified_time\" content=\"2025-10-28T09:44:04+00:00\" \/>\n<meta property=\"og:image\" content=\"https:\/\/jiushidao.com\/wp-content\/uploads\/2025\/10\/\u56fe\u72471_02-1.png\" \/>\n\t<meta property=\"og:image:width\" content=\"609\" \/>\n\t<meta property=\"og:image:height\" content=\"333\" \/>\n\t<meta property=\"og:image:type\" content=\"image\/png\" \/>\n<meta name=\"twitter:card\" content=\"summary_large_image\" \/>\n<meta name=\"twitter:label1\" content=\"Tiempo de lectura\" \/>\n\t<meta name=\"twitter:data1\" content=\"2 minutos\" \/>\n<script type=\"application\/ld+json\" class=\"yoast-schema-graph\">{\"@context\":\"https:\/\/schema.org\",\"@graph\":[{\"@type\":\"WebPage\",\"@id\":\"https:\/\/jiushidao.com\/product\/guxiaoran-gluten-free-whole-grain-corn-pasta-black-pepper-beef-tomato-meat-sauce-266-2g-box\/\",\"url\":\"https:\/\/jiushidao.com\/product\/guxiaoran-gluten-free-whole-grain-corn-pasta-black-pepper-beef-tomato-meat-sauce-266-2g-box\/\",\"name\":\"Guxiaoran Gluten-Free Whole Grain Corn Pasta - Black Pepper Beef & Tomato Meat Sauce (266.2g\/Box) - Jiushidao - Global Food Marketplace for Business Growth and Cosumers\",\"isPartOf\":{\"@id\":\"https:\/\/jiushidao.com\/#website\"},\"primaryImageOfPage\":{\"@id\":\"https:\/\/jiushidao.com\/product\/guxiaoran-gluten-free-whole-grain-corn-pasta-black-pepper-beef-tomato-meat-sauce-266-2g-box\/#primaryimage\"},\"image\":{\"@id\":\"https:\/\/jiushidao.com\/product\/guxiaoran-gluten-free-whole-grain-corn-pasta-black-pepper-beef-tomato-meat-sauce-266-2g-box\/#primaryimage\"},\"thumbnailUrl\":\"https:\/\/jiushidao.com\/wp-content\/uploads\/2025\/10\/\u56fe\u72471_02-1.png\",\"datePublished\":\"2025-10-28T09:44:02+00:00\",\"dateModified\":\"2025-10-28T09:44:04+00:00\",\"breadcrumb\":{\"@id\":\"https:\/\/jiushidao.com\/product\/guxiaoran-gluten-free-whole-grain-corn-pasta-black-pepper-beef-tomato-meat-sauce-266-2g-box\/#breadcrumb\"},\"inLanguage\":\"es\",\"potentialAction\":[{\"@type\":\"ReadAction\",\"target\":[\"https:\/\/jiushidao.com\/product\/guxiaoran-gluten-free-whole-grain-corn-pasta-black-pepper-beef-tomato-meat-sauce-266-2g-box\/\"]}]},{\"@type\":\"ImageObject\",\"inLanguage\":\"es\",\"@id\":\"https:\/\/jiushidao.com\/product\/guxiaoran-gluten-free-whole-grain-corn-pasta-black-pepper-beef-tomato-meat-sauce-266-2g-box\/#primaryimage\",\"url\":\"https:\/\/jiushidao.com\/wp-content\/uploads\/2025\/10\/\u56fe\u72471_02-1.png\",\"contentUrl\":\"https:\/\/jiushidao.com\/wp-content\/uploads\/2025\/10\/\u56fe\u72471_02-1.png\",\"width\":609,\"height\":333},{\"@type\":\"BreadcrumbList\",\"@id\":\"https:\/\/jiushidao.com\/product\/guxiaoran-gluten-free-whole-grain-corn-pasta-black-pepper-beef-tomato-meat-sauce-266-2g-box\/#breadcrumb\",\"itemListElement\":[{\"@type\":\"ListItem\",\"position\":1,\"name\":\"Home\",\"item\":\"https:\/\/jiushidao.com\/\"},{\"@type\":\"ListItem\",\"position\":2,\"name\":\"Store\",\"item\":\"https:\/\/jiushidao.com\/store\/\"},{\"@type\":\"ListItem\",\"position\":3,\"name\":\"Guxiaoran Gluten-Free Whole Grain Corn Pasta &#8211; Black Pepper Beef &#038; Tomato Meat Sauce (266.2g\/Box)\"}]},{\"@type\":\"WebSite\",\"@id\":\"https:\/\/jiushidao.com\/#website\",\"url\":\"https:\/\/jiushidao.com\/\",\"name\":\"Jiushidao - Global Food Marketplace for Business Growth and Cosumers\",\"description\":\"Jiushidao - Global Food Marketplace for Business Growth and Cosumers\",\"potentialAction\":[{\"@type\":\"SearchAction\",\"target\":{\"@type\":\"EntryPoint\",\"urlTemplate\":\"https:\/\/jiushidao.com\/?s={search_term_string}\"},\"query-input\":{\"@type\":\"PropertyValueSpecification\",\"valueRequired\":true,\"valueName\":\"search_term_string\"}}],\"inLanguage\":\"es\"}]}<\/script>\n<!-- \/ Yoast SEO Premium plugin. -->","yoast_head_json":{"title":"Guxiaoran Gluten-Free Whole Grain Corn Pasta - Black Pepper Beef & Tomato Meat Sauce (266.2g\/Box) - Jiushidao - Global Food Marketplace for Business Growth and Cosumers","robots":{"index":"index","follow":"follow","max-snippet":"max-snippet:-1","max-image-preview":"max-image-preview:large","max-video-preview":"max-video-preview:-1"},"canonical":"https:\/\/jiushidao.com\/es\/producto\/guxiaoran-gluten-free-whole-grain-corn-pasta-black-pepper-beef-tomato-meat-sauce-266-2g-box\/","og_locale":"es_ES","og_type":"article","og_title":"Guxiaoran Gluten-Free Whole Grain Corn Pasta - Black Pepper Beef & Tomato Meat Sauce (266.2g\/Box)","og_url":"https:\/\/jiushidao.com\/es\/producto\/guxiaoran-gluten-free-whole-grain-corn-pasta-black-pepper-beef-tomato-meat-sauce-266-2g-box\/","og_site_name":"Jiushidao - Global Food Marketplace for Business Growth and Cosumers","article_modified_time":"2025-10-28T09:44:04+00:00","og_image":[{"width":609,"height":333,"url":"https:\/\/jiushidao.com\/wp-content\/uploads\/2025\/10\/\u56fe\u72471_02-1.png","type":"image\/png"}],"twitter_card":"summary_large_image","twitter_misc":{"Tiempo de lectura":"2 minutos"},"schema":{"@context":"https:\/\/schema.org","@graph":[{"@type":"WebPage","@id":"https:\/\/jiushidao.com\/product\/guxiaoran-gluten-free-whole-grain-corn-pasta-black-pepper-beef-tomato-meat-sauce-266-2g-box\/","url":"https:\/\/jiushidao.com\/product\/guxiaoran-gluten-free-whole-grain-corn-pasta-black-pepper-beef-tomato-meat-sauce-266-2g-box\/","name":"Guxiaoran Gluten-Free Whole Grain Corn Pasta - Black Pepper Beef & Tomato Meat Sauce (266.2g\/Box) - Jiushidao - Global Food Marketplace for Business Growth and Cosumers","isPartOf":{"@id":"https:\/\/jiushidao.com\/#website"},"primaryImageOfPage":{"@id":"https:\/\/jiushidao.com\/product\/guxiaoran-gluten-free-whole-grain-corn-pasta-black-pepper-beef-tomato-meat-sauce-266-2g-box\/#primaryimage"},"image":{"@id":"https:\/\/jiushidao.com\/product\/guxiaoran-gluten-free-whole-grain-corn-pasta-black-pepper-beef-tomato-meat-sauce-266-2g-box\/#primaryimage"},"thumbnailUrl":"https:\/\/jiushidao.com\/wp-content\/uploads\/2025\/10\/\u56fe\u72471_02-1.png","datePublished":"2025-10-28T09:44:02+00:00","dateModified":"2025-10-28T09:44:04+00:00","breadcrumb":{"@id":"https:\/\/jiushidao.com\/product\/guxiaoran-gluten-free-whole-grain-corn-pasta-black-pepper-beef-tomato-meat-sauce-266-2g-box\/#breadcrumb"},"inLanguage":"es","potentialAction":[{"@type":"ReadAction","target":["https:\/\/jiushidao.com\/product\/guxiaoran-gluten-free-whole-grain-corn-pasta-black-pepper-beef-tomato-meat-sauce-266-2g-box\/"]}]},{"@type":"ImageObject","inLanguage":"es","@id":"https:\/\/jiushidao.com\/product\/guxiaoran-gluten-free-whole-grain-corn-pasta-black-pepper-beef-tomato-meat-sauce-266-2g-box\/#primaryimage","url":"https:\/\/jiushidao.com\/wp-content\/uploads\/2025\/10\/\u56fe\u72471_02-1.png","contentUrl":"https:\/\/jiushidao.com\/wp-content\/uploads\/2025\/10\/\u56fe\u72471_02-1.png","width":609,"height":333},{"@type":"BreadcrumbList","@id":"https:\/\/jiushidao.com\/product\/guxiaoran-gluten-free-whole-grain-corn-pasta-black-pepper-beef-tomato-meat-sauce-266-2g-box\/#breadcrumb","itemListElement":[{"@type":"ListItem","position":1,"name":"Home","item":"https:\/\/jiushidao.com\/"},{"@type":"ListItem","position":2,"name":"Store","item":"https:\/\/jiushidao.com\/store\/"},{"@type":"ListItem","position":3,"name":"Guxiaoran Gluten-Free Whole Grain Corn Pasta &#8211; Black Pepper Beef &#038; Tomato Meat Sauce (266.2g\/Box)"}]},{"@type":"WebSite","@id":"https:\/\/jiushidao.com\/#website","url":"https:\/\/jiushidao.com\/","name":"Jiushidao - Global Food Marketplace for Business Growth and Cosumers","description":"Jiushidao - Global Food Marketplace for Business Growth and Cosumers","potentialAction":[{"@type":"SearchAction","target":{"@type":"EntryPoint","urlTemplate":"https:\/\/jiushidao.com\/?s={search_term_string}"},"query-input":{"@type":"PropertyValueSpecification","valueRequired":true,"valueName":"search_term_string"}}],"inLanguage":"es"}]}},"_links":{"self":[{"href":"https:\/\/jiushidao.com\/es\/wp-json\/wp\/v2\/product\/543","targetHints":{"allow":["GET"]}}],"collection":[{"href":"https:\/\/jiushidao.com\/es\/wp-json\/wp\/v2\/product"}],"about":[{"href":"https:\/\/jiushidao.com\/es\/wp-json\/wp\/v2\/types\/product"}],"replies":[{"embeddable":true,"href":"https:\/\/jiushidao.com\/es\/wp-json\/wp\/v2\/comments?post=543"}],"version-history":[{"count":2,"href":"https:\/\/jiushidao.com\/es\/wp-json\/wp\/v2\/product\/543\/revisions"}],"predecessor-version":[{"id":565,"href":"https:\/\/jiushidao.com\/es\/wp-json\/wp\/v2\/product\/543\/revisions\/565"}],"wp:featuredmedia":[{"embeddable":true,"href":"https:\/\/jiushidao.com\/es\/wp-json\/wp\/v2\/media\/545"}],"wp:attachment":[{"href":"https:\/\/jiushidao.com\/es\/wp-json\/wp\/v2\/media?parent=543"}],"wp:term":[{"taxonomy":"product_brand","embeddable":true,"href":"https:\/\/jiushidao.com\/es\/wp-json\/wp\/v2\/product_brand?post=543"},{"taxonomy":"product_cat","embeddable":true,"href":"https:\/\/jiushidao.com\/es\/wp-json\/wp\/v2\/product_cat?post=543"},{"taxonomy":"product_tag","embeddable":true,"href":"https:\/\/jiushidao.com\/es\/wp-json\/wp\/v2\/product_tag?post=543"}],"curies":[{"name":"wp","href":"https:\/\/api.w.org\/{rel}","templated":true}]}}