{"id":353,"date":"2025-08-28T08:33:22","date_gmt":"2025-08-28T08:33:22","guid":{"rendered":"https:\/\/jiushidao.com\/?post_type=product&#038;p=353"},"modified":"2025-08-28T08:36:04","modified_gmt":"2025-08-28T08:36:04","slug":"angry-matcha-matcha-ginger","status":"publish","type":"product","link":"https:\/\/jiushidao.com\/es\/producto\/angry-matcha-matcha-ginger\/","title":{"rendered":"Angry Matcha (Matcha y jengibre)"},"content":{"rendered":"<p><strong>Perfil de sabor<\/strong><br \/>\nEl matcha, rico y suave, se combina con el jengibre picante y \u00e1cido. El sutil amargor del matcha se mezcla con el toque intenso del jengibre, creando un sabor \u00fanico y complejo: es como un baile vibrante en tus papilas gustativas.<\/p>\n<p><strong>Beneficios principales<\/strong><br \/>\nAcelera tu metabolismo, te ayuda a concentrarte y te proporciona energ\u00eda duradera.<\/p>\n<p><strong>Caracter\u00edsticas principales<\/strong><br \/>\nEl matcha est\u00e1 repleto de polifenoles del t\u00e9 y L-teanina, que combaten los radicales libres, protegen contra la radiaci\u00f3n y ayudan a desestresarse y relajarse.<br \/>\nEl jengibre mejora el flujo sangu\u00edneo, alivia el malestar estomacal y te mantiene caliente cuando hace fr\u00edo.<\/p>\n<h4><strong>Usuarios ideales y casos de uso<\/strong><\/h4>\n<p><strong>Para qui\u00e9n es<\/strong><br \/>\nPersonas interesadas en el fitness y la p\u00e9rdida de peso.<br \/>\nTrabajadores de oficina bajo mucho estr\u00e9s<br \/>\nAquellos que sienten fr\u00edo f\u00e1cilmente o tienen un est\u00f3mago sensible.<\/p>\n<p><strong>Cu\u00e1ndo usarlo<\/strong><br \/>\nT\u00f3malo durante los entrenamientos o mientras pierdes peso para mantener tu metabolismo en marcha.<br \/>\n\u00daselo mientras trabaja o estudia para mantenerse concentrado.<br \/>\nT\u00f3mate uno en los d\u00edas fr\u00edos o cuando sientas malestar estomacal para sentirte c\u00e1lido y aliviado.<\/p>\n<p><img fetchpriority=\"high\" decoding=\"async\" class=\"aligncenter size-full wp-image-345\" src=\"https:\/\/jiushidao.com\/wp-content\/uploads\/2025\/08\/chanp4.jpg\" alt=\"\" width=\"1200\" height=\"1200\" srcset=\"https:\/\/jiushidao.com\/wp-content\/uploads\/2025\/08\/chanp4.jpg 1200w, https:\/\/jiushidao.com\/wp-content\/uploads\/2025\/08\/chanp4-500x500.jpg 500w, https:\/\/jiushidao.com\/wp-content\/uploads\/2025\/08\/chanp4-300x300.jpg 300w, https:\/\/jiushidao.com\/wp-content\/uploads\/2025\/08\/chanp4-768x768.jpg 768w, https:\/\/jiushidao.com\/wp-content\/uploads\/2025\/08\/chanp4-150x150.jpg 150w, https:\/\/jiushidao.com\/wp-content\/uploads\/2025\/08\/chanp4-75x75.jpg 75w, https:\/\/jiushidao.com\/wp-content\/uploads\/2025\/08\/chanp4-700x700.jpg 700w, https:\/\/jiushidao.com\/wp-content\/uploads\/2025\/08\/chanp4-800x800.jpg 800w\" sizes=\"(max-width:767px) 700px, (max-width:1200px) 100vw, 1200px\" \/> <img decoding=\"async\" class=\"aligncenter size-full wp-image-354\" src=\"https:\/\/jiushidao.com\/wp-content\/uploads\/2025\/08\/8.16\u8425\u517b\u7c8900418.jpg\" alt=\"\" width=\"1200\" height=\"1800\" srcset=\"https:\/\/jiushidao.com\/wp-content\/uploads\/2025\/08\/8.16\u8425\u517b\u7c8900418.jpg 1200w, https:\/\/jiushidao.com\/wp-content\/uploads\/2025\/08\/8.16\u8425\u517b\u7c8900418-333x500.jpg 333w, https:\/\/jiushidao.com\/wp-content\/uploads\/2025\/08\/8.16\u8425\u517b\u7c8900418-800x1200.jpg 800w, https:\/\/jiushidao.com\/wp-content\/uploads\/2025\/08\/8.16\u8425\u517b\u7c8900418-200x300.jpg 200w, https:\/\/jiushidao.com\/wp-content\/uploads\/2025\/08\/8.16\u8425\u517b\u7c8900418-768x1152.jpg 768w, https:\/\/jiushidao.com\/wp-content\/uploads\/2025\/08\/8.16\u8425\u517b\u7c8900418-1024x1536.jpg 1024w, https:\/\/jiushidao.com\/wp-content\/uploads\/2025\/08\/8.16\u8425\u517b\u7c8900418-50x75.jpg 50w, https:\/\/jiushidao.com\/wp-content\/uploads\/2025\/08\/8.16\u8425\u517b\u7c8900418-700x1050.jpg 700w\" sizes=\"(max-width:767px) 700px, (max-width:1200px) 100vw, 1200px\" \/><\/p>","protected":false},"excerpt":{"rendered":"<p>Perfil de sabor: Matcha rico y suave se combina con jengibre picante y \u00e1cido. El sutil amargor del matcha se mezcla con el toque intenso del jengibre, creando un sabor \u00fanico y complejo: es como una danza vibrante.<span class=\"excerpt-hellip\"> [\u2026]<\/span><\/p>","protected":false},"featured_media":345,"comment_status":"open","ping_status":"closed","template":"","meta":[],"product_brand":[],"product_cat":[14],"product_tag":[],"class_list":{"0":"post-353","1":"product","2":"type-product","3":"status-publish","4":"has-post-thumbnail","6":"product_cat-angry-matcha","8":"first","9":"instock","10":"shipping-taxable","11":"purchasable","12":"product-type-simple"},"yoast_head":"<!-- This site is optimized with the Yoast SEO Premium plugin v25.8 (Yoast SEO v25.8) - https:\/\/yoast.com\/wordpress\/plugins\/seo\/ -->\n<title>Angry Matcha (Matcha &amp; Ginger) - Jiushidao - Global Food Marketplace for Business Growth and Cosumers<\/title>\n<meta name=\"robots\" content=\"index, follow, max-snippet:-1, max-image-preview:large, max-video-preview:-1\" \/>\n<link rel=\"canonical\" href=\"https:\/\/jiushidao.com\/es\/producto\/angry-matcha-matcha-ginger\/\" \/>\n<meta property=\"og:locale\" content=\"es_ES\" \/>\n<meta property=\"og:type\" content=\"article\" \/>\n<meta property=\"og:title\" content=\"Angry Matcha (Matcha &amp; Ginger)\" \/>\n<meta property=\"og:description\" content=\"Flavor Profile Rich, smooth matcha meets spicy, zesty ginger. Matcha\u2019s subtle bitterness mixes with ginger\u2019s bold kick, creating a one-of-a-kind, layered taste\u2014it\u2019s like a lively dance [\u2026]\" \/>\n<meta property=\"og:url\" content=\"https:\/\/jiushidao.com\/es\/producto\/angry-matcha-matcha-ginger\/\" \/>\n<meta property=\"og:site_name\" content=\"Jiushidao - Global Food Marketplace for Business Growth and Cosumers\" \/>\n<meta property=\"article:modified_time\" content=\"2025-08-28T08:36:04+00:00\" \/>\n<meta property=\"og:image\" content=\"https:\/\/jiushidao.com\/wp-content\/uploads\/2025\/08\/chanp4.jpg\" \/>\n\t<meta property=\"og:image:width\" content=\"1200\" \/>\n\t<meta property=\"og:image:height\" content=\"1200\" \/>\n\t<meta property=\"og:image:type\" content=\"image\/jpeg\" \/>\n<meta name=\"twitter:card\" content=\"summary_large_image\" \/>\n<meta name=\"twitter:label1\" content=\"Tiempo de lectura\" \/>\n\t<meta name=\"twitter:data1\" content=\"2 minutos\" \/>\n<script type=\"application\/ld+json\" class=\"yoast-schema-graph\">{\"@context\":\"https:\/\/schema.org\",\"@graph\":[{\"@type\":\"WebPage\",\"@id\":\"https:\/\/jiushidao.com\/product\/angry-matcha-matcha-ginger\/\",\"url\":\"https:\/\/jiushidao.com\/product\/angry-matcha-matcha-ginger\/\",\"name\":\"Angry Matcha (Matcha & Ginger) - Jiushidao - Global Food Marketplace for Business Growth and Cosumers\",\"isPartOf\":{\"@id\":\"https:\/\/jiushidao.com\/#website\"},\"primaryImageOfPage\":{\"@id\":\"https:\/\/jiushidao.com\/product\/angry-matcha-matcha-ginger\/#primaryimage\"},\"image\":{\"@id\":\"https:\/\/jiushidao.com\/product\/angry-matcha-matcha-ginger\/#primaryimage\"},\"thumbnailUrl\":\"https:\/\/jiushidao.com\/wp-content\/uploads\/2025\/08\/chanp4.jpg\",\"datePublished\":\"2025-08-28T08:33:22+00:00\",\"dateModified\":\"2025-08-28T08:36:04+00:00\",\"breadcrumb\":{\"@id\":\"https:\/\/jiushidao.com\/product\/angry-matcha-matcha-ginger\/#breadcrumb\"},\"inLanguage\":\"es\",\"potentialAction\":[{\"@type\":\"ReadAction\",\"target\":[\"https:\/\/jiushidao.com\/product\/angry-matcha-matcha-ginger\/\"]}]},{\"@type\":\"ImageObject\",\"inLanguage\":\"es\",\"@id\":\"https:\/\/jiushidao.com\/product\/angry-matcha-matcha-ginger\/#primaryimage\",\"url\":\"https:\/\/jiushidao.com\/wp-content\/uploads\/2025\/08\/chanp4.jpg\",\"contentUrl\":\"https:\/\/jiushidao.com\/wp-content\/uploads\/2025\/08\/chanp4.jpg\",\"width\":1200,\"height\":1200},{\"@type\":\"BreadcrumbList\",\"@id\":\"https:\/\/jiushidao.com\/product\/angry-matcha-matcha-ginger\/#breadcrumb\",\"itemListElement\":[{\"@type\":\"ListItem\",\"position\":1,\"name\":\"Home\",\"item\":\"https:\/\/jiushidao.com\/\"},{\"@type\":\"ListItem\",\"position\":2,\"name\":\"Store\",\"item\":\"https:\/\/jiushidao.com\/store\/\"},{\"@type\":\"ListItem\",\"position\":3,\"name\":\"Angry Matcha (Matcha &#038; Ginger)\"}]},{\"@type\":\"WebSite\",\"@id\":\"https:\/\/jiushidao.com\/#website\",\"url\":\"https:\/\/jiushidao.com\/\",\"name\":\"Jiushidao - Global Food Marketplace for Business Growth and Cosumers\",\"description\":\"Jiushidao - Global Food Marketplace for Business Growth and Cosumers\",\"potentialAction\":[{\"@type\":\"SearchAction\",\"target\":{\"@type\":\"EntryPoint\",\"urlTemplate\":\"https:\/\/jiushidao.com\/?s={search_term_string}\"},\"query-input\":{\"@type\":\"PropertyValueSpecification\",\"valueRequired\":true,\"valueName\":\"search_term_string\"}}],\"inLanguage\":\"es\"}]}<\/script>\n<!-- \/ Yoast SEO Premium plugin. -->","yoast_head_json":{"title":"Angry Matcha (Matcha & Ginger) - Jiushidao - Global Food Marketplace for Business Growth and Cosumers","robots":{"index":"index","follow":"follow","max-snippet":"max-snippet:-1","max-image-preview":"max-image-preview:large","max-video-preview":"max-video-preview:-1"},"canonical":"https:\/\/jiushidao.com\/es\/producto\/angry-matcha-matcha-ginger\/","og_locale":"es_ES","og_type":"article","og_title":"Angry Matcha (Matcha & Ginger)","og_description":"Flavor Profile Rich, smooth matcha meets spicy, zesty ginger. Matcha\u2019s subtle bitterness mixes with ginger\u2019s bold kick, creating a one-of-a-kind, layered taste\u2014it\u2019s like a lively dance [\u2026]","og_url":"https:\/\/jiushidao.com\/es\/producto\/angry-matcha-matcha-ginger\/","og_site_name":"Jiushidao - Global Food Marketplace for Business Growth and Cosumers","article_modified_time":"2025-08-28T08:36:04+00:00","og_image":[{"width":1200,"height":1200,"url":"https:\/\/jiushidao.com\/wp-content\/uploads\/2025\/08\/chanp4.jpg","type":"image\/jpeg"}],"twitter_card":"summary_large_image","twitter_misc":{"Tiempo de lectura":"2 minutos"},"schema":{"@context":"https:\/\/schema.org","@graph":[{"@type":"WebPage","@id":"https:\/\/jiushidao.com\/product\/angry-matcha-matcha-ginger\/","url":"https:\/\/jiushidao.com\/product\/angry-matcha-matcha-ginger\/","name":"Angry Matcha (Matcha & Ginger) - Jiushidao - Global Food Marketplace for Business Growth and Cosumers","isPartOf":{"@id":"https:\/\/jiushidao.com\/#website"},"primaryImageOfPage":{"@id":"https:\/\/jiushidao.com\/product\/angry-matcha-matcha-ginger\/#primaryimage"},"image":{"@id":"https:\/\/jiushidao.com\/product\/angry-matcha-matcha-ginger\/#primaryimage"},"thumbnailUrl":"https:\/\/jiushidao.com\/wp-content\/uploads\/2025\/08\/chanp4.jpg","datePublished":"2025-08-28T08:33:22+00:00","dateModified":"2025-08-28T08:36:04+00:00","breadcrumb":{"@id":"https:\/\/jiushidao.com\/product\/angry-matcha-matcha-ginger\/#breadcrumb"},"inLanguage":"es","potentialAction":[{"@type":"ReadAction","target":["https:\/\/jiushidao.com\/product\/angry-matcha-matcha-ginger\/"]}]},{"@type":"ImageObject","inLanguage":"es","@id":"https:\/\/jiushidao.com\/product\/angry-matcha-matcha-ginger\/#primaryimage","url":"https:\/\/jiushidao.com\/wp-content\/uploads\/2025\/08\/chanp4.jpg","contentUrl":"https:\/\/jiushidao.com\/wp-content\/uploads\/2025\/08\/chanp4.jpg","width":1200,"height":1200},{"@type":"BreadcrumbList","@id":"https:\/\/jiushidao.com\/product\/angry-matcha-matcha-ginger\/#breadcrumb","itemListElement":[{"@type":"ListItem","position":1,"name":"Home","item":"https:\/\/jiushidao.com\/"},{"@type":"ListItem","position":2,"name":"Store","item":"https:\/\/jiushidao.com\/store\/"},{"@type":"ListItem","position":3,"name":"Angry Matcha (Matcha &#038; Ginger)"}]},{"@type":"WebSite","@id":"https:\/\/jiushidao.com\/#website","url":"https:\/\/jiushidao.com\/","name":"Jiushidao - Global Food Marketplace for Business Growth and Cosumers","description":"Jiushidao - Global Food Marketplace for Business Growth and Cosumers","potentialAction":[{"@type":"SearchAction","target":{"@type":"EntryPoint","urlTemplate":"https:\/\/jiushidao.com\/?s={search_term_string}"},"query-input":{"@type":"PropertyValueSpecification","valueRequired":true,"valueName":"search_term_string"}}],"inLanguage":"es"}]}},"_links":{"self":[{"href":"https:\/\/jiushidao.com\/es\/wp-json\/wp\/v2\/product\/353","targetHints":{"allow":["GET"]}}],"collection":[{"href":"https:\/\/jiushidao.com\/es\/wp-json\/wp\/v2\/product"}],"about":[{"href":"https:\/\/jiushidao.com\/es\/wp-json\/wp\/v2\/types\/product"}],"replies":[{"embeddable":true,"href":"https:\/\/jiushidao.com\/es\/wp-json\/wp\/v2\/comments?post=353"}],"version-history":[{"count":1,"href":"https:\/\/jiushidao.com\/es\/wp-json\/wp\/v2\/product\/353\/revisions"}],"predecessor-version":[{"id":355,"href":"https:\/\/jiushidao.com\/es\/wp-json\/wp\/v2\/product\/353\/revisions\/355"}],"wp:featuredmedia":[{"embeddable":true,"href":"https:\/\/jiushidao.com\/es\/wp-json\/wp\/v2\/media\/345"}],"wp:attachment":[{"href":"https:\/\/jiushidao.com\/es\/wp-json\/wp\/v2\/media?parent=353"}],"wp:term":[{"taxonomy":"product_brand","embeddable":true,"href":"https:\/\/jiushidao.com\/es\/wp-json\/wp\/v2\/product_brand?post=353"},{"taxonomy":"product_cat","embeddable":true,"href":"https:\/\/jiushidao.com\/es\/wp-json\/wp\/v2\/product_cat?post=353"},{"taxonomy":"product_tag","embeddable":true,"href":"https:\/\/jiushidao.com\/es\/wp-json\/wp\/v2\/product_tag?post=353"}],"curies":[{"name":"wp","href":"https:\/\/api.w.org\/{rel}","templated":true}]}}